{"id":2207,"date":"2025-02-10T09:54:41","date_gmt":"2025-02-10T09:54:41","guid":{"rendered":"https:\/\/healkliinik.ee\/?page_id=2207"},"modified":"2025-02-11T11:58:49","modified_gmt":"2025-02-11T11:58:49","slug":"vastutuskindlustus","status":"publish","type":"page","link":"https:\/\/healkliinik.ee\/en\/vastutuskindlustus\/","title":{"rendered":"Vastutuskindlustus"},"content":{"rendered":"<div data-elementor-type=\"wp-page\" data-elementor-id=\"2207\" class=\"elementor elementor-2207\" data-elementor-post-type=\"page\">\n\t\t\t\t<div class=\"elementor-element elementor-element-c479a5a e-con-full e-flex e-con e-parent\" data-id=\"c479a5a\" data-element_type=\"container\" data-e-type=\"container\" data-settings=\"{&quot;background_background&quot;:&quot;classic&quot;}\">\n\t\t<div class=\"elementor-element elementor-element-aba23cc e-flex e-con-boxed e-con e-child\" data-id=\"aba23cc\" data-element_type=\"container\" data-e-type=\"container\">\n\t\t\t\t\t<div class=\"e-con-inner\">\n\t\t\t\t<div class=\"elementor-element elementor-element-7f8b070 elementor-hidden-tablet elementor-hidden-mobile elementor-widget elementor-widget-heading\" data-id=\"7f8b070\" data-element_type=\"widget\" data-e-type=\"widget\" data-widget_type=\"heading.default\">\n\t\t\t\t<div class=\"elementor-widget-container\">\n\t\t\t\t\t<h2 class=\"elementor-heading-title elementor-size-default\">Vastutuskindlustus<\/h2>\t\t\t\t<\/div>\n\t\t\t\t<\/div>\n\t\t\t\t<div class=\"elementor-element elementor-element-a5e7ccd elementor-widget elementor-widget-image\" data-id=\"a5e7ccd\" data-element_type=\"widget\" data-e-type=\"widget\" data-widget_type=\"image.default\">\n\t\t\t\t<div class=\"elementor-widget-container\">\n\t\t\t\t\t\t\t\t\t\t\t\t\t\t\t\t<a href=\"http:\/\/www.pzu.ee\/iseteenindus\/\">\n\t\t\t\t\t\t\t<img fetchpriority=\"high\" decoding=\"async\" width=\"658\" height=\"203\" src=\"https:\/\/healkliinik.ee\/wp-content\/uploads\/2025\/02\/labipaistev_valge_pzu.png\" class=\"attachment-full size-full wp-image-2268\" alt=\"\" srcset=\"https:\/\/healkliinik.ee\/wp-content\/uploads\/2025\/02\/labipaistev_valge_pzu.png 658w, https:\/\/healkliinik.ee\/wp-content\/uploads\/2025\/02\/labipaistev_valge_pzu-300x93.png 300w, https:\/\/healkliinik.ee\/wp-content\/uploads\/2025\/02\/labipaistev_valge_pzu-18x6.png 18w\" sizes=\"(max-width: 658px) 100vw, 658px\" \/>\t\t\t\t\t\t\t\t<\/a>\n\t\t\t\t\t\t\t\t\t\t\t\t\t\t\t<\/div>\n\t\t\t\t<\/div>\n\t\t\t\t\t<\/div>\n\t\t\t\t<\/div>\n\t\t\t\t<\/div>\n\t\t<div class=\"elementor-element elementor-element-ff5ae62 e-flex e-con-boxed e-con e-parent\" data-id=\"ff5ae62\" data-element_type=\"container\" data-e-type=\"container\">\n\t\t\t\t\t<div class=\"e-con-inner\">\n\t\t<div class=\"elementor-element elementor-element-cfcd053 e-con-full e-flex e-con e-child\" data-id=\"cfcd053\" data-element_type=\"container\" data-e-type=\"container\">\n\t\t\t\t<div class=\"elementor-element elementor-element-c166499 elementor-widget elementor-widget-text-editor\" data-id=\"c166499\" data-element_type=\"widget\" data-e-type=\"widget\" data-widget_type=\"text-editor.default\">\n\t\t\t\t<div class=\"elementor-widget-container\">\n\t\t\t\t\t\t\t\t\t<h3><b>Patsiendikindlustus<\/b><\/h3><p>Heal Kliinikul on kehtiv tervishoiuteenuse osutaja kohustuslik vastutuskindlustus. See t\u00e4hendab, et meie patsientidel on v\u00f5imalus p\u00f6\u00f6rduda\u00a0 kindlustusandja poole, kui tervishoiuteenuse osutamisel on tekkinud kahju. Lisateabe saamiseks v\u00f5i kahjun\u00f5ude esitamiseks palume p\u00f6\u00f6rduda otse kindlustusandja poole.<\/p><p><b>Kindlustusandja:<\/b>\u00a0PZU Kindlustus (AB \u201eLietuvos draudimas\u201c Eesti filiaal)<\/p><p><b>Kindlustuskaitse periood:<\/b>\u00a0Alates <i>29<\/i><i>.11.2024<\/i><\/p><p><b>Kindlustussumma:<\/b><br \/>3 000 000 \u20ac kindlustusperioodi kohta<br \/>300 000 \u20ac kindlustusjuhtumi kohta<br \/>100 000 \u20ac \u00f5igustatud isiku kohta<\/p><p><b>Mittevaralise kahju kindlustussumma:<\/b><br \/>100 000 \u20ac kindlustusjuhtumi kohta<br \/>30 000 \u20ac \u00f5igustatud isiku kohta<\/p><p><b>Kahjun\u00f5ude esitamine:<\/b>\u00a0tervishoiuteenuse enda kontakt v\u00f5i\u00a0<a href=\"https:\/\/www.pzu.ee\/iseteenindus\/\">PZU Kindlustuse Iseteenindus<\/a><br \/>Kahju esitamiseks palun t\u00e4itke\u00a0<a href=\"https:\/\/www.pzu.ee\/iseteenindus\/\">PZU Kindlustuse Iseteeninduses<\/a>\u00a0olev vorm ning kindlustusandja v\u00f5tab teiega \u00fchendust.<\/p>\t\t\t\t\t\t\t\t<\/div>\n\t\t\t\t<\/div>\n\t\t\t\t<\/div>\n\t\t<div class=\"elementor-element elementor-element-f878619 e-con-full e-flex e-con e-child\" data-id=\"f878619\" data-element_type=\"container\" data-e-type=\"container\">\n\t\t\t\t<div class=\"elementor-element elementor-element-0503da6 elementor-widget elementor-widget-image\" data-id=\"0503da6\" data-element_type=\"widget\" data-e-type=\"widget\" data-widget_type=\"image.default\">\n\t\t\t\t<div class=\"elementor-widget-container\">\n\t\t\t\t\t\t\t\t\t\t\t\t\t\t\t\t<a href=\"http:\/\/www.pzu.ee\/iseteenindus\/\">\n\t\t\t\t\t\t\t<img decoding=\"async\" width=\"658\" height=\"203\" src=\"https:\/\/healkliinik.ee\/wp-content\/uploads\/2025\/02\/pzu-kindlustus-logo.png\" class=\"attachment-full size-full wp-image-2209\" alt=\"\" srcset=\"https:\/\/healkliinik.ee\/wp-content\/uploads\/2025\/02\/pzu-kindlustus-logo.png 658w, https:\/\/healkliinik.ee\/wp-content\/uploads\/2025\/02\/pzu-kindlustus-logo-300x93.png 300w, https:\/\/healkliinik.ee\/wp-content\/uploads\/2025\/02\/pzu-kindlustus-logo-18x6.png 18w\" sizes=\"(max-width: 658px) 100vw, 658px\" \/>\t\t\t\t\t\t\t\t<\/a>\n\t\t\t\t\t\t\t\t\t\t\t\t\t\t\t<\/div>\n\t\t\t\t<\/div>\n\t\t\t\t<\/div>\n\t\t\t\t\t<\/div>\n\t\t\t\t<\/div>\n\t\t<div class=\"elementor-element elementor-element-b412d25 e-flex e-con-boxed e-con e-parent\" data-id=\"b412d25\" data-element_type=\"container\" data-e-type=\"container\">\n\t\t\t\t\t<div class=\"e-con-inner\">\n\t\t\t\t<div class=\"elementor-element elementor-element-8991cb6 elementor-widget elementor-widget-text-editor\" data-id=\"8991cb6\" data-element_type=\"widget\" data-e-type=\"widget\" data-widget_type=\"text-editor.default\">\n\t\t\t\t<div class=\"elementor-widget-container\">\n\t\t\t\t\t\t\t\t\t<p><strong>Vaata lisaks:<\/strong>\u00a0<\/p><ul><li>Kuidas patsiendikindlustus t\u00f6\u00f6tab? &#8211; <a href=\"https:\/\/www.sm.ee\/uudised\/tana-joustub-patsiendikindlustus-ja-tervishoiutootajatele-avanes-patsiendiohutuse-andmekogu\">https:\/\/www.sm.ee\/uudised\/tana-joustub-patsiendikindlustus-ja-tervishoiutootajatele-avanes-patsiendiohutuse-andmekogu<\/a><\/li><li>Tervishoiuteenuse osutaja kohustusliku vastutuskindlustuse seadus &#8211; <a href=\"https:\/\/www.riigiteataja.ee\/akt\/129042022001\">https:\/\/www.riigiteataja.ee\/akt\/129042022001<\/a><\/li><\/ul>\t\t\t\t\t\t\t\t<\/div>\n\t\t\t\t<\/div>\n\t\t\t\t\t<\/div>\n\t\t\t\t<\/div>\n\t\t\t\t<\/div>","protected":false},"excerpt":{"rendered":"<p>Vastutuskindlustus Patsiendikindlustus Heal Kliinikul on kehtiv tervishoiuteenuse osutaja kohustuslik vastutuskindlustus. See t\u00e4hendab, et meie patsientidel on v\u00f5imalus p\u00f6\u00f6rduda\u00a0 kindlustusandja poole, kui tervishoiuteenuse osutamisel on tekkinud kahju. Lisateabe saamiseks v\u00f5i kahjun\u00f5ude esitamiseks palume p\u00f6\u00f6rduda otse kindlustusandja poole. Kindlustusandja:\u00a0PZU Kindlustus (AB \u201eLietuvos draudimas\u201c Eesti filiaal) Kindlustuskaitse periood:\u00a0Alates 29.11.2024 Kindlustussumma:3 000 000 \u20ac kindlustusperioodi kohta300 000 \u20ac kindlustusjuhtumi [&hellip;]<\/p>\n","protected":false},"author":1,"featured_media":0,"parent":0,"menu_order":0,"comment_status":"closed","ping_status":"closed","template":"","meta":{"footnotes":""},"class_list":["post-2207","page","type-page","status-publish","hentry"],"yoast_head":"<!-- This site is optimized with the Yoast SEO plugin v27.4 - https:\/\/yoast.com\/product\/yoast-seo-wordpress\/ -->\n<title>Vastutuskindlustus - Heal Kliinik<\/title>\n<meta name=\"robots\" content=\"index, follow, max-snippet:-1, max-image-preview:large, max-video-preview:-1\" \/>\n<link rel=\"canonical\" href=\"https:\/\/healkliinik.ee\/en\/vastutuskindlustus\/\" \/>\n<meta property=\"og:locale\" content=\"en_US\" \/>\n<meta property=\"og:type\" content=\"article\" \/>\n<meta property=\"og:title\" content=\"Vastutuskindlustus - Heal Kliinik\" \/>\n<meta property=\"og:description\" content=\"Vastutuskindlustus Patsiendikindlustus Heal Kliinikul on kehtiv tervishoiuteenuse osutaja kohustuslik vastutuskindlustus. See t\u00e4hendab, et meie patsientidel on v\u00f5imalus p\u00f6\u00f6rduda\u00a0 kindlustusandja poole, kui tervishoiuteenuse osutamisel on tekkinud kahju. Lisateabe saamiseks v\u00f5i kahjun\u00f5ude esitamiseks palume p\u00f6\u00f6rduda otse kindlustusandja poole. Kindlustusandja:\u00a0PZU Kindlustus (AB \u201eLietuvos draudimas\u201c Eesti filiaal) Kindlustuskaitse periood:\u00a0Alates 29.11.2024 Kindlustussumma:3 000 000 \u20ac kindlustusperioodi kohta300 000 \u20ac kindlustusjuhtumi [&hellip;]\" \/>\n<meta property=\"og:url\" content=\"https:\/\/healkliinik.ee\/en\/vastutuskindlustus\/\" \/>\n<meta property=\"og:site_name\" content=\"Heal Kliinik\" \/>\n<meta property=\"article:modified_time\" content=\"2025-02-11T11:58:49+00:00\" \/>\n<meta property=\"og:image\" content=\"https:\/\/healkliinik.ee\/wp-content\/uploads\/2025\/02\/labipaistev_valge_pzu.png\" \/>\n\t<meta property=\"og:image:width\" content=\"658\" \/>\n\t<meta property=\"og:image:height\" content=\"203\" \/>\n\t<meta property=\"og:image:type\" content=\"image\/png\" \/>\n<meta name=\"twitter:card\" content=\"summary_large_image\" \/>\n<meta name=\"twitter:label1\" content=\"Est. reading time\" \/>\n\t<meta name=\"twitter:data1\" content=\"2 minutes\" \/>\n<script type=\"application\/ld+json\" class=\"yoast-schema-graph\">{\"@context\":\"https:\\\/\\\/schema.org\",\"@graph\":[{\"@type\":\"WebPage\",\"@id\":\"https:\\\/\\\/healkliinik.ee\\\/vastutuskindlustus\\\/\",\"url\":\"https:\\\/\\\/healkliinik.ee\\\/vastutuskindlustus\\\/\",\"name\":\"Vastutuskindlustus - Heal Kliinik\",\"isPartOf\":{\"@id\":\"https:\\\/\\\/healkliinik.ee\\\/#website\"},\"primaryImageOfPage\":{\"@id\":\"https:\\\/\\\/healkliinik.ee\\\/vastutuskindlustus\\\/#primaryimage\"},\"image\":{\"@id\":\"https:\\\/\\\/healkliinik.ee\\\/vastutuskindlustus\\\/#primaryimage\"},\"thumbnailUrl\":\"https:\\\/\\\/healkliinik.ee\\\/wp-content\\\/uploads\\\/2025\\\/02\\\/labipaistev_valge_pzu.png\",\"datePublished\":\"2025-02-10T09:54:41+00:00\",\"dateModified\":\"2025-02-11T11:58:49+00:00\",\"breadcrumb\":{\"@id\":\"https:\\\/\\\/healkliinik.ee\\\/vastutuskindlustus\\\/#breadcrumb\"},\"inLanguage\":\"en-US\",\"potentialAction\":[{\"@type\":\"ReadAction\",\"target\":[\"https:\\\/\\\/healkliinik.ee\\\/vastutuskindlustus\\\/\"]}]},{\"@type\":\"ImageObject\",\"inLanguage\":\"en-US\",\"@id\":\"https:\\\/\\\/healkliinik.ee\\\/vastutuskindlustus\\\/#primaryimage\",\"url\":\"https:\\\/\\\/healkliinik.ee\\\/wp-content\\\/uploads\\\/2025\\\/02\\\/labipaistev_valge_pzu.png\",\"contentUrl\":\"https:\\\/\\\/healkliinik.ee\\\/wp-content\\\/uploads\\\/2025\\\/02\\\/labipaistev_valge_pzu.png\"},{\"@type\":\"BreadcrumbList\",\"@id\":\"https:\\\/\\\/healkliinik.ee\\\/vastutuskindlustus\\\/#breadcrumb\",\"itemListElement\":[{\"@type\":\"ListItem\",\"position\":1,\"name\":\"Home\",\"item\":\"https:\\\/\\\/healkliinik.ee\\\/\"},{\"@type\":\"ListItem\",\"position\":2,\"name\":\"Vastutuskindlustus\"}]},{\"@type\":\"WebSite\",\"@id\":\"https:\\\/\\\/healkliinik.ee\\\/#website\",\"url\":\"https:\\\/\\\/healkliinik.ee\\\/\",\"name\":\"Heal Kliinik\",\"description\":\"Eesti esimene traumatoloogiale ja ortopeediale keskendunud kliinik\",\"publisher\":{\"@id\":\"https:\\\/\\\/healkliinik.ee\\\/#organization\"},\"potentialAction\":[{\"@type\":\"SearchAction\",\"target\":{\"@type\":\"EntryPoint\",\"urlTemplate\":\"https:\\\/\\\/healkliinik.ee\\\/?s={search_term_string}\"},\"query-input\":{\"@type\":\"PropertyValueSpecification\",\"valueRequired\":true,\"valueName\":\"search_term_string\"}}],\"inLanguage\":\"en-US\"},{\"@type\":\"Organization\",\"@id\":\"https:\\\/\\\/healkliinik.ee\\\/#organization\",\"name\":\"Heal Kliinik\",\"url\":\"https:\\\/\\\/healkliinik.ee\\\/\",\"logo\":{\"@type\":\"ImageObject\",\"inLanguage\":\"en-US\",\"@id\":\"https:\\\/\\\/healkliinik.ee\\\/#\\\/schema\\\/logo\\\/image\\\/\",\"url\":\"https:\\\/\\\/healkliinik.ee\\\/wp-content\\\/uploads\\\/2024\\\/10\\\/Heal-TraumaKliinik_Valge.png\",\"contentUrl\":\"https:\\\/\\\/healkliinik.ee\\\/wp-content\\\/uploads\\\/2024\\\/10\\\/Heal-TraumaKliinik_Valge.png\",\"width\":1917,\"height\":1463,\"caption\":\"Heal Kliinik\"},\"image\":{\"@id\":\"https:\\\/\\\/healkliinik.ee\\\/#\\\/schema\\\/logo\\\/image\\\/\"}}]}<\/script>\n<!-- \/ Yoast SEO plugin. -->","yoast_head_json":{"title":"Vastutuskindlustus - Heal Kliinik","robots":{"index":"index","follow":"follow","max-snippet":"max-snippet:-1","max-image-preview":"max-image-preview:large","max-video-preview":"max-video-preview:-1"},"canonical":"https:\/\/healkliinik.ee\/en\/vastutuskindlustus\/","og_locale":"en_US","og_type":"article","og_title":"Vastutuskindlustus - Heal Kliinik","og_description":"Vastutuskindlustus Patsiendikindlustus Heal Kliinikul on kehtiv tervishoiuteenuse osutaja kohustuslik vastutuskindlustus. See t\u00e4hendab, et meie patsientidel on v\u00f5imalus p\u00f6\u00f6rduda\u00a0 kindlustusandja poole, kui tervishoiuteenuse osutamisel on tekkinud kahju. Lisateabe saamiseks v\u00f5i kahjun\u00f5ude esitamiseks palume p\u00f6\u00f6rduda otse kindlustusandja poole. Kindlustusandja:\u00a0PZU Kindlustus (AB \u201eLietuvos draudimas\u201c Eesti filiaal) Kindlustuskaitse periood:\u00a0Alates 29.11.2024 Kindlustussumma:3 000 000 \u20ac kindlustusperioodi kohta300 000 \u20ac kindlustusjuhtumi [&hellip;]","og_url":"https:\/\/healkliinik.ee\/en\/vastutuskindlustus\/","og_site_name":"Heal Kliinik","article_modified_time":"2025-02-11T11:58:49+00:00","og_image":[{"width":658,"height":203,"url":"https:\/\/healkliinik.ee\/wp-content\/uploads\/2025\/02\/labipaistev_valge_pzu.png","type":"image\/png"}],"twitter_card":"summary_large_image","twitter_misc":{"Est. reading time":"2 minutes"},"schema":{"@context":"https:\/\/schema.org","@graph":[{"@type":"WebPage","@id":"https:\/\/healkliinik.ee\/vastutuskindlustus\/","url":"https:\/\/healkliinik.ee\/vastutuskindlustus\/","name":"Vastutuskindlustus - Heal Kliinik","isPartOf":{"@id":"https:\/\/healkliinik.ee\/#website"},"primaryImageOfPage":{"@id":"https:\/\/healkliinik.ee\/vastutuskindlustus\/#primaryimage"},"image":{"@id":"https:\/\/healkliinik.ee\/vastutuskindlustus\/#primaryimage"},"thumbnailUrl":"https:\/\/healkliinik.ee\/wp-content\/uploads\/2025\/02\/labipaistev_valge_pzu.png","datePublished":"2025-02-10T09:54:41+00:00","dateModified":"2025-02-11T11:58:49+00:00","breadcrumb":{"@id":"https:\/\/healkliinik.ee\/vastutuskindlustus\/#breadcrumb"},"inLanguage":"en-US","potentialAction":[{"@type":"ReadAction","target":["https:\/\/healkliinik.ee\/vastutuskindlustus\/"]}]},{"@type":"ImageObject","inLanguage":"en-US","@id":"https:\/\/healkliinik.ee\/vastutuskindlustus\/#primaryimage","url":"https:\/\/healkliinik.ee\/wp-content\/uploads\/2025\/02\/labipaistev_valge_pzu.png","contentUrl":"https:\/\/healkliinik.ee\/wp-content\/uploads\/2025\/02\/labipaistev_valge_pzu.png"},{"@type":"BreadcrumbList","@id":"https:\/\/healkliinik.ee\/vastutuskindlustus\/#breadcrumb","itemListElement":[{"@type":"ListItem","position":1,"name":"Home","item":"https:\/\/healkliinik.ee\/"},{"@type":"ListItem","position":2,"name":"Vastutuskindlustus"}]},{"@type":"WebSite","@id":"https:\/\/healkliinik.ee\/#website","url":"https:\/\/healkliinik.ee\/","name":"Heal Kliinik","description":"Eesti esimene traumatoloogiale ja ortopeediale keskendunud kliinik","publisher":{"@id":"https:\/\/healkliinik.ee\/#organization"},"potentialAction":[{"@type":"SearchAction","target":{"@type":"EntryPoint","urlTemplate":"https:\/\/healkliinik.ee\/?s={search_term_string}"},"query-input":{"@type":"PropertyValueSpecification","valueRequired":true,"valueName":"search_term_string"}}],"inLanguage":"en-US"},{"@type":"Organization","@id":"https:\/\/healkliinik.ee\/#organization","name":"Heal Kliinik","url":"https:\/\/healkliinik.ee\/","logo":{"@type":"ImageObject","inLanguage":"en-US","@id":"https:\/\/healkliinik.ee\/#\/schema\/logo\/image\/","url":"https:\/\/healkliinik.ee\/wp-content\/uploads\/2024\/10\/Heal-TraumaKliinik_Valge.png","contentUrl":"https:\/\/healkliinik.ee\/wp-content\/uploads\/2024\/10\/Heal-TraumaKliinik_Valge.png","width":1917,"height":1463,"caption":"Heal Kliinik"},"image":{"@id":"https:\/\/healkliinik.ee\/#\/schema\/logo\/image\/"}}]}},"_links":{"self":[{"href":"https:\/\/healkliinik.ee\/en\/wp-json\/wp\/v2\/pages\/2207","targetHints":{"allow":["GET"]}}],"collection":[{"href":"https:\/\/healkliinik.ee\/en\/wp-json\/wp\/v2\/pages"}],"about":[{"href":"https:\/\/healkliinik.ee\/en\/wp-json\/wp\/v2\/types\/page"}],"author":[{"embeddable":true,"href":"https:\/\/healkliinik.ee\/en\/wp-json\/wp\/v2\/users\/1"}],"replies":[{"embeddable":true,"href":"https:\/\/healkliinik.ee\/en\/wp-json\/wp\/v2\/comments?post=2207"}],"version-history":[{"count":5,"href":"https:\/\/healkliinik.ee\/en\/wp-json\/wp\/v2\/pages\/2207\/revisions"}],"predecessor-version":[{"id":2281,"href":"https:\/\/healkliinik.ee\/en\/wp-json\/wp\/v2\/pages\/2207\/revisions\/2281"}],"wp:attachment":[{"href":"https:\/\/healkliinik.ee\/en\/wp-json\/wp\/v2\/media?parent=2207"}],"curies":[{"name":"wp","href":"https:\/\/api.w.org\/{rel}","templated":true}]}}