{"id":2494,"date":"2025-11-23T17:38:25","date_gmt":"2025-11-23T17:38:25","guid":{"rendered":"https:\/\/healkliinik.ee\/?page_id=2494"},"modified":"2025-11-23T18:04:59","modified_gmt":"2025-11-23T18:04:59","slug":"tiinatikk","status":"publish","type":"page","link":"https:\/\/healkliinik.ee\/en\/tiinatikk\/","title":{"rendered":"Tiina Tikk"},"content":{"rendered":"<div data-elementor-type=\"wp-page\" data-elementor-id=\"2494\" class=\"elementor elementor-2494\" data-elementor-post-type=\"page\">\n\t\t\t\t<div class=\"elementor-element elementor-element-922d172 e-con-full e-flex e-con e-parent\" data-id=\"922d172\" data-element_type=\"container\" data-e-type=\"container\" data-settings=\"{&quot;background_background&quot;:&quot;classic&quot;}\">\n\t\t<div class=\"elementor-element elementor-element-5f3661f e-flex e-con-boxed e-con e-child\" data-id=\"5f3661f\" data-element_type=\"container\" data-e-type=\"container\">\n\t\t\t\t\t<div class=\"e-con-inner\">\n\t\t\t\t<div class=\"elementor-element elementor-element-d09d9a3 elementor-widget elementor-widget-heading\" data-id=\"d09d9a3\" data-element_type=\"widget\" data-e-type=\"widget\" data-widget_type=\"heading.default\">\n\t\t\t\t<div class=\"elementor-widget-container\">\n\t\t\t\t\t<h2 class=\"elementor-heading-title elementor-size-default\">Tiina Tikk<\/h2>\t\t\t\t<\/div>\n\t\t\t\t<\/div>\n\t\t\t\t<div class=\"elementor-element elementor-element-672433d elementor-widget elementor-widget-button\" data-id=\"672433d\" data-element_type=\"widget\" data-e-type=\"widget\" data-widget_type=\"button.default\">\n\t\t\t\t<div class=\"elementor-widget-container\">\n\t\t\t\t\t\t\t\t\t<div class=\"elementor-button-wrapper\">\n\t\t\t\t\t<a class=\"elementor-button elementor-button-link elementor-size-sm elementor-animation-grow\" href=\"https:\/\/healkliinik.ee\/en\/broneerimine\/\">\n\t\t\t\t\t\t<span class=\"elementor-button-content-wrapper\">\n\t\t\t\t\t\t<span class=\"elementor-button-icon\">\n\t\t\t\t<svg aria-hidden=\"true\" class=\"e-font-icon-svg e-fas-arrow-right\" viewbox=\"0 0 448 512\" xmlns=\"http:\/\/www.w3.org\/2000\/svg\"><path d=\"M190.5 66.9l22.2-22.2c9.4-9.4 24.6-9.4 33.9 0L441 239c9.4 9.4 9.4 24.6 0 33.9L246.6 467.3c-9.4 9.4-24.6 9.4-33.9 0l-22.2-22.2c-9.5-9.5-9.3-25 .4-34.3L311.4 296H24c-13.3 0-24-10.7-24-24v-32c0-13.3 10.7-24 24-24h287.4L190.9 101.2c-9.8-9.3-10-24.8-.4-34.3z\"><\/path><\/svg>\t\t\t<\/span>\n\t\t\t\t\t\t\t\t\t<span class=\"elementor-button-text\">Book an appointment<\/span>\n\t\t\t\t\t<\/span>\n\t\t\t\t\t<\/a>\n\t\t\t\t<\/div>\n\t\t\t\t\t\t\t\t<\/div>\n\t\t\t\t<\/div>\n\t\t\t\t\t<\/div>\n\t\t\t\t<\/div>\n\t\t\t\t<\/div>\n\t\t<div class=\"elementor-element elementor-element-bfff371 e-flex e-con-boxed e-con e-parent\" data-id=\"bfff371\" data-element_type=\"container\" data-e-type=\"container\" data-settings=\"{&quot;background_background&quot;:&quot;classic&quot;}\">\n\t\t\t\t\t<div class=\"e-con-inner\">\n\t\t\t\t<div class=\"elementor-element elementor-element-42fdfe4 elementor-position-top elementor-widget elementor-widget-image-box\" data-id=\"42fdfe4\" data-element_type=\"widget\" data-e-type=\"widget\" data-widget_type=\"image-box.default\">\n\t\t\t\t<div class=\"elementor-widget-container\">\n\t\t\t\t\t<div class=\"elementor-image-box-wrapper\"><figure class=\"elementor-image-box-img\"><img decoding=\"async\" src=\"https:\/\/healkliinik.ee\/wp-content\/uploads\/elementor\/thumbs\/Untitled-4-rf52afvhssrbwha0qcvkb964r2tr6effk3dh2jgdxa.png\" title=\"Tiina Tikk Ortopeed\" alt=\"Tiina Tikk on kogenud ortopeed Tallinnas, kes tegeleb k\u00f5igi rtopeediliste vaevuste ja traumade raviga.\" loading=\"lazy\" \/><\/figure><div class=\"elementor-image-box-content\"><h3 class=\"elementor-image-box-title\">Tiina Tikk<\/h3><p class=\"elementor-image-box-description\">Orthopedic Surgeon<\/p><\/div><\/div>\t\t\t\t<\/div>\n\t\t\t\t<\/div>\n\t\t\t\t<div class=\"elementor-element elementor-element-9f68c8c elementor-icon-list--layout-inline elementor-align-center elementor-list-item-link-full_width elementor-widget elementor-widget-icon-list\" data-id=\"9f68c8c\" data-element_type=\"widget\" data-e-type=\"widget\" data-widget_type=\"icon-list.default\">\n\t\t\t\t<div class=\"elementor-widget-container\">\n\t\t\t\t\t\t\t<ul class=\"elementor-icon-list-items elementor-inline-items\">\n\t\t\t\t\t\t\t<li class=\"elementor-icon-list-item elementor-inline-item\">\n\t\t\t\t\t\t\t\t\t\t\t<a href=\"https:\/\/www.instagram.com\/heal_kliinik\/\">\n\n\t\t\t\t\t\t\t\t\t\t\t\t<span class=\"elementor-icon-list-icon\">\n\t\t\t\t\t\t\t<svg aria-hidden=\"true\" class=\"e-font-icon-svg e-fab-instagram\" viewbox=\"0 0 448 512\" xmlns=\"http:\/\/www.w3.org\/2000\/svg\"><path d=\"M224.1 141c-63.6 0-114.9 51.3-114.9 114.9s51.3 114.9 114.9 114.9S339 319.5 339 255.9 287.7 141 224.1 141zm0 189.6c-41.1 0-74.7-33.5-74.7-74.7s33.5-74.7 74.7-74.7 74.7 33.5 74.7 74.7-33.6 74.7-74.7 74.7zm146.4-194.3c0 14.9-12 26.8-26.8 26.8-14.9 0-26.8-12-26.8-26.8s12-26.8 26.8-26.8 26.8 12 26.8 26.8zm76.1 27.2c-1.7-35.9-9.9-67.7-36.2-93.9-26.2-26.2-58-34.4-93.9-36.2-37-2.1-147.9-2.1-184.9 0-35.8 1.7-67.6 9.9-93.9 36.1s-34.4 58-36.2 93.9c-2.1 37-2.1 147.9 0 184.9 1.7 35.9 9.9 67.7 36.2 93.9s58 34.4 93.9 36.2c37 2.1 147.9 2.1 184.9 0 35.9-1.7 67.7-9.9 93.9-36.2 26.2-26.2 34.4-58 36.2-93.9 2.1-37 2.1-147.8 0-184.8zM398.8 388c-7.8 19.6-22.9 34.7-42.6 42.6-29.5 11.7-99.5 9-132.1 9s-102.7 2.6-132.1-9c-19.6-7.8-34.7-22.9-42.6-42.6-11.7-29.5-9-99.5-9-132.1s-2.6-102.7 9-132.1c7.8-19.6 22.9-34.7 42.6-42.6 29.5-11.7 99.5-9 132.1-9s102.7-2.6 132.1 9c19.6 7.8 34.7 22.9 42.6 42.6 11.7 29.5 9 99.5 9 132.1s2.7 102.7-9 132.1z\"><\/path><\/svg>\t\t\t\t\t\t<\/span>\n\t\t\t\t\t\t\t\t\t\t<span class=\"elementor-icon-list-text\">heal_kliinik<\/span>\n\t\t\t\t\t\t\t\t\t\t\t<\/a>\n\t\t\t\t\t\t\t\t\t<\/li>\n\t\t\t\t\t\t\t\t<li class=\"elementor-icon-list-item elementor-inline-item\">\n\t\t\t\t\t\t\t\t\t\t\t<a href=\"https:\/\/www.facebook.com\/people\/Heal-Kliinik\/61569668143116\/\">\n\n\t\t\t\t\t\t\t\t\t\t\t\t<span class=\"elementor-icon-list-icon\">\n\t\t\t\t\t\t\t<svg aria-hidden=\"true\" class=\"e-font-icon-svg e-fab-facebook-square\" viewbox=\"0 0 448 512\" xmlns=\"http:\/\/www.w3.org\/2000\/svg\"><path d=\"M400 32H48A48 48 0 0 0 0 80v352a48 48 0 0 0 48 48h137.25V327.69h-63V256h63v-54.64c0-62.15 37-96.48 93.67-96.48 27.14 0 55.52 4.84 55.52 4.84v61h-31.27c-30.81 0-40.42 19.12-40.42 38.73V256h68.78l-11 71.69h-57.78V480H400a48 48 0 0 0 48-48V80a48 48 0 0 0-48-48z\"><\/path><\/svg>\t\t\t\t\t\t<\/span>\n\t\t\t\t\t\t\t\t\t\t<span class=\"elementor-icon-list-text\">heal kliinik<\/span>\n\t\t\t\t\t\t\t\t\t\t\t<\/a>\n\t\t\t\t\t\t\t\t\t<\/li>\n\t\t\t\t\t\t\t\t<li class=\"elementor-icon-list-item elementor-inline-item\">\n\t\t\t\t\t\t\t\t\t\t\t<a href=\"https:\/\/www.linkedin.com\/company\/healkliinik\/\">\n\n\t\t\t\t\t\t\t\t\t\t\t\t<span class=\"elementor-icon-list-icon\">\n\t\t\t\t\t\t\t<svg aria-hidden=\"true\" class=\"e-font-icon-svg e-fab-linkedin\" viewbox=\"0 0 448 512\" xmlns=\"http:\/\/www.w3.org\/2000\/svg\"><path d=\"M416 32H31.9C14.3 32 0 46.5 0 64.3v383.4C0 465.5 14.3 480 31.9 480H416c17.6 0 32-14.5 32-32.3V64.3c0-17.8-14.4-32.3-32-32.3zM135.4 416H69V202.2h66.5V416zm-33.2-243c-21.3 0-38.5-17.3-38.5-38.5S80.9 96 102.2 96c21.2 0 38.5 17.3 38.5 38.5 0 21.3-17.2 38.5-38.5 38.5zm282.1 243h-66.4V312c0-24.8-.5-56.7-34.5-56.7-34.6 0-39.9 27-39.9 54.9V416h-66.4V202.2h63.7v29.2h.9c8.9-16.8 30.6-34.5 62.9-34.5 67.2 0 79.7 44.3 79.7 101.9V416z\"><\/path><\/svg>\t\t\t\t\t\t<\/span>\n\t\t\t\t\t\t\t\t\t\t<span class=\"elementor-icon-list-text\">heal kliinik<\/span>\n\t\t\t\t\t\t\t\t\t\t\t<\/a>\n\t\t\t\t\t\t\t\t\t<\/li>\n\t\t\t\t\t\t<\/ul>\n\t\t\t\t\t\t<\/div>\n\t\t\t\t<\/div>\n\t\t\t\t<div class=\"elementor-element elementor-element-5fe4630 elementor-widget elementor-widget-text-editor\" data-id=\"5fe4630\" data-element_type=\"widget\" data-e-type=\"widget\" data-widget_type=\"text-editor.default\">\n\t\t\t\t<div class=\"elementor-widget-container\">\n\t\t\t\t\t\t\t\t\t<p>L\u00f5petasin Tartu \u00dclikooli arstiteaduskonna 2017. aastal ja 5 aastat hiljem ortopeedia eriala\u00f5ppe. Ortopeedia residentuuri raames olen t\u00f6\u00f6tanud nii Tartu \u00dclikooli Kliinikumis, P\u00f5hja-Eesti Regionaalhaiglas kui l\u00e4binud erialats\u00fckleid erinevates haiglates: Ortopeedia Arstid, Taastava Kirurgia Kliinik, Ida-Tallinna Keskhaigla L\u00fclisambakirurgia keskus, Helsingi \u00dclikooli haigla Luutuumorite keskus ja Aarhusi \u00dclikooli haigla Lasteortopeedia kliinik. T\u00f6\u00f6tan Viljandi haiglas ortopeedina ja nooremteadurina Tartu \u00dclikoolis doktorantuuris.<\/p>\t\t\t\t\t\t\t\t<\/div>\n\t\t\t\t<\/div>\n\t\t<div class=\"elementor-element elementor-element-390e67f e-con-full e-flex e-con e-child\" data-id=\"390e67f\" data-element_type=\"container\" data-e-type=\"container\" data-settings=\"{&quot;background_background&quot;:&quot;classic&quot;}\">\n\t\t\t\t<div class=\"elementor-element elementor-element-cfd20f5 elementor-widget elementor-widget-heading\" data-id=\"cfd20f5\" data-element_type=\"widget\" data-e-type=\"widget\" data-widget_type=\"heading.default\">\n\t\t\t\t<div class=\"elementor-widget-container\">\n\t\t\t\t\t<h2 class=\"elementor-heading-title elementor-size-default\">Spetsialiseerumised<\/h2>\t\t\t\t<\/div>\n\t\t\t\t<\/div>\n\t\t\t\t<div class=\"elementor-element elementor-element-3285b98 elementor-widget elementor-widget-text-editor\" data-id=\"3285b98\" data-element_type=\"widget\" data-e-type=\"widget\" data-widget_type=\"text-editor.default\">\n\t\t\t\t<div class=\"elementor-widget-container\">\n\t\t\t\t\t\t\t\t\t<ul><li>Keskendun traumade ja krooniliste ortopeediliste vaevuste ravile.<\/li><li>P\u00f5lve- ja \u00f5laliigese vaevused<\/li><li>Spordivigastused<\/li><\/ul>\t\t\t\t\t\t\t\t<\/div>\n\t\t\t\t<\/div>\n\t\t\t\t<\/div>\n\t\t\t\t\t<\/div>\n\t\t\t\t<\/div>\n\t\t\t\t<\/div>","protected":false},"excerpt":{"rendered":"<p>Tiina Tikk Broneeri aeg Tiina Tikk Ortopeed heal_kliinik heal kliinik heal kliinik L\u00f5petasin Tartu \u00dclikooli arstiteaduskonna 2017. aastal ja 5 aastat hiljem ortopeedia eriala\u00f5ppe. Ortopeedia residentuuri raames olen t\u00f6\u00f6tanud nii Tartu \u00dclikooli Kliinikumis, P\u00f5hja-Eesti Regionaalhaiglas kui l\u00e4binud erialats\u00fckleid erinevates haiglates: Ortopeedia Arstid, Taastava Kirurgia Kliinik, Ida-Tallinna Keskhaigla L\u00fclisambakirurgia keskus, Helsingi \u00dclikooli haigla Luutuumorite keskus ja [&hellip;]<\/p>\n","protected":false},"author":2,"featured_media":0,"parent":0,"menu_order":0,"comment_status":"closed","ping_status":"closed","template":"","meta":{"footnotes":""},"class_list":["post-2494","page","type-page","status-publish","hentry"],"yoast_head":"<!-- This site is optimized with the Yoast SEO plugin v27.4 - https:\/\/yoast.com\/product\/yoast-seo-wordpress\/ -->\n<title>Tiina Tikk - Heal Kliinik<\/title>\n<meta name=\"robots\" content=\"index, follow, max-snippet:-1, max-image-preview:large, max-video-preview:-1\" \/>\n<link rel=\"canonical\" href=\"https:\/\/healkliinik.ee\/en\/tiinatikk\/\" \/>\n<meta property=\"og:locale\" content=\"en_US\" \/>\n<meta property=\"og:type\" content=\"article\" \/>\n<meta property=\"og:title\" content=\"Tiina Tikk - Heal Kliinik\" \/>\n<meta property=\"og:description\" content=\"Tiina Tikk Broneeri aeg Tiina Tikk Ortopeed heal_kliinik heal kliinik heal kliinik L\u00f5petasin Tartu \u00dclikooli arstiteaduskonna 2017. aastal ja 5 aastat hiljem ortopeedia eriala\u00f5ppe. Ortopeedia residentuuri raames olen t\u00f6\u00f6tanud nii Tartu \u00dclikooli Kliinikumis, P\u00f5hja-Eesti Regionaalhaiglas kui l\u00e4binud erialats\u00fckleid erinevates haiglates: Ortopeedia Arstid, Taastava Kirurgia Kliinik, Ida-Tallinna Keskhaigla L\u00fclisambakirurgia keskus, Helsingi \u00dclikooli haigla Luutuumorite keskus ja [&hellip;]\" \/>\n<meta property=\"og:url\" content=\"https:\/\/healkliinik.ee\/en\/tiinatikk\/\" \/>\n<meta property=\"og:site_name\" content=\"Heal Kliinik\" \/>\n<meta property=\"article:modified_time\" content=\"2025-11-23T18:04:59+00:00\" \/>\n<meta property=\"og:image\" content=\"https:\/\/healkliinik.ee\/wp-content\/uploads\/elementor\/thumbs\/Untitled-4-rf52afvhssrbwha0qcvkb964r2tr6effk3dh2jgdxa.png\" \/>\n<meta name=\"twitter:card\" content=\"summary_large_image\" \/>\n<meta name=\"twitter:label1\" content=\"Est. reading time\" \/>\n\t<meta name=\"twitter:data1\" content=\"1 minute\" \/>\n<script type=\"application\/ld+json\" class=\"yoast-schema-graph\">{\"@context\":\"https:\\\/\\\/schema.org\",\"@graph\":[{\"@type\":\"WebPage\",\"@id\":\"https:\\\/\\\/healkliinik.ee\\\/tiinatikk\\\/\",\"url\":\"https:\\\/\\\/healkliinik.ee\\\/tiinatikk\\\/\",\"name\":\"Tiina Tikk - Heal Kliinik\",\"isPartOf\":{\"@id\":\"https:\\\/\\\/healkliinik.ee\\\/#website\"},\"primaryImageOfPage\":{\"@id\":\"https:\\\/\\\/healkliinik.ee\\\/tiinatikk\\\/#primaryimage\"},\"image\":{\"@id\":\"https:\\\/\\\/healkliinik.ee\\\/tiinatikk\\\/#primaryimage\"},\"thumbnailUrl\":\"https:\\\/\\\/healkliinik.ee\\\/wp-content\\\/uploads\\\/elementor\\\/thumbs\\\/Untitled-4-rf52afvhssrbwha0qcvkb964r2tr6effk3dh2jgdxa.png\",\"datePublished\":\"2025-11-23T17:38:25+00:00\",\"dateModified\":\"2025-11-23T18:04:59+00:00\",\"breadcrumb\":{\"@id\":\"https:\\\/\\\/healkliinik.ee\\\/tiinatikk\\\/#breadcrumb\"},\"inLanguage\":\"en-US\",\"potentialAction\":[{\"@type\":\"ReadAction\",\"target\":[\"https:\\\/\\\/healkliinik.ee\\\/tiinatikk\\\/\"]}]},{\"@type\":\"ImageObject\",\"inLanguage\":\"en-US\",\"@id\":\"https:\\\/\\\/healkliinik.ee\\\/tiinatikk\\\/#primaryimage\",\"url\":\"https:\\\/\\\/healkliinik.ee\\\/wp-content\\\/uploads\\\/elementor\\\/thumbs\\\/Untitled-4-rf52afvhssrbwha0qcvkb964r2tr6effk3dh2jgdxa.png\",\"contentUrl\":\"https:\\\/\\\/healkliinik.ee\\\/wp-content\\\/uploads\\\/elementor\\\/thumbs\\\/Untitled-4-rf52afvhssrbwha0qcvkb964r2tr6effk3dh2jgdxa.png\"},{\"@type\":\"BreadcrumbList\",\"@id\":\"https:\\\/\\\/healkliinik.ee\\\/tiinatikk\\\/#breadcrumb\",\"itemListElement\":[{\"@type\":\"ListItem\",\"position\":1,\"name\":\"Home\",\"item\":\"https:\\\/\\\/healkliinik.ee\\\/\"},{\"@type\":\"ListItem\",\"position\":2,\"name\":\"Tiina Tikk\"}]},{\"@type\":\"WebSite\",\"@id\":\"https:\\\/\\\/healkliinik.ee\\\/#website\",\"url\":\"https:\\\/\\\/healkliinik.ee\\\/\",\"name\":\"Heal Kliinik\",\"description\":\"Eesti esimene traumatoloogiale ja ortopeediale keskendunud kliinik\",\"publisher\":{\"@id\":\"https:\\\/\\\/healkliinik.ee\\\/#organization\"},\"potentialAction\":[{\"@type\":\"SearchAction\",\"target\":{\"@type\":\"EntryPoint\",\"urlTemplate\":\"https:\\\/\\\/healkliinik.ee\\\/?s={search_term_string}\"},\"query-input\":{\"@type\":\"PropertyValueSpecification\",\"valueRequired\":true,\"valueName\":\"search_term_string\"}}],\"inLanguage\":\"en-US\"},{\"@type\":\"Organization\",\"@id\":\"https:\\\/\\\/healkliinik.ee\\\/#organization\",\"name\":\"Heal Kliinik\",\"url\":\"https:\\\/\\\/healkliinik.ee\\\/\",\"logo\":{\"@type\":\"ImageObject\",\"inLanguage\":\"en-US\",\"@id\":\"https:\\\/\\\/healkliinik.ee\\\/#\\\/schema\\\/logo\\\/image\\\/\",\"url\":\"https:\\\/\\\/healkliinik.ee\\\/wp-content\\\/uploads\\\/2024\\\/10\\\/Heal-TraumaKliinik_Valge.png\",\"contentUrl\":\"https:\\\/\\\/healkliinik.ee\\\/wp-content\\\/uploads\\\/2024\\\/10\\\/Heal-TraumaKliinik_Valge.png\",\"width\":1917,\"height\":1463,\"caption\":\"Heal Kliinik\"},\"image\":{\"@id\":\"https:\\\/\\\/healkliinik.ee\\\/#\\\/schema\\\/logo\\\/image\\\/\"}}]}<\/script>\n<!-- \/ Yoast SEO plugin. -->","yoast_head_json":{"title":"Tiina Tikk - Heal Kliinik","robots":{"index":"index","follow":"follow","max-snippet":"max-snippet:-1","max-image-preview":"max-image-preview:large","max-video-preview":"max-video-preview:-1"},"canonical":"https:\/\/healkliinik.ee\/en\/tiinatikk\/","og_locale":"en_US","og_type":"article","og_title":"Tiina Tikk - Heal Kliinik","og_description":"Tiina Tikk Broneeri aeg Tiina Tikk Ortopeed heal_kliinik heal kliinik heal kliinik L\u00f5petasin Tartu \u00dclikooli arstiteaduskonna 2017. aastal ja 5 aastat hiljem ortopeedia eriala\u00f5ppe. Ortopeedia residentuuri raames olen t\u00f6\u00f6tanud nii Tartu \u00dclikooli Kliinikumis, P\u00f5hja-Eesti Regionaalhaiglas kui l\u00e4binud erialats\u00fckleid erinevates haiglates: Ortopeedia Arstid, Taastava Kirurgia Kliinik, Ida-Tallinna Keskhaigla L\u00fclisambakirurgia keskus, Helsingi \u00dclikooli haigla Luutuumorite keskus ja [&hellip;]","og_url":"https:\/\/healkliinik.ee\/en\/tiinatikk\/","og_site_name":"Heal Kliinik","article_modified_time":"2025-11-23T18:04:59+00:00","og_image":[{"url":"https:\/\/healkliinik.ee\/wp-content\/uploads\/elementor\/thumbs\/Untitled-4-rf52afvhssrbwha0qcvkb964r2tr6effk3dh2jgdxa.png","type":"","width":"","height":""}],"twitter_card":"summary_large_image","twitter_misc":{"Est. reading time":"1 minute"},"schema":{"@context":"https:\/\/schema.org","@graph":[{"@type":"WebPage","@id":"https:\/\/healkliinik.ee\/tiinatikk\/","url":"https:\/\/healkliinik.ee\/tiinatikk\/","name":"Tiina Tikk - Heal Kliinik","isPartOf":{"@id":"https:\/\/healkliinik.ee\/#website"},"primaryImageOfPage":{"@id":"https:\/\/healkliinik.ee\/tiinatikk\/#primaryimage"},"image":{"@id":"https:\/\/healkliinik.ee\/tiinatikk\/#primaryimage"},"thumbnailUrl":"https:\/\/healkliinik.ee\/wp-content\/uploads\/elementor\/thumbs\/Untitled-4-rf52afvhssrbwha0qcvkb964r2tr6effk3dh2jgdxa.png","datePublished":"2025-11-23T17:38:25+00:00","dateModified":"2025-11-23T18:04:59+00:00","breadcrumb":{"@id":"https:\/\/healkliinik.ee\/tiinatikk\/#breadcrumb"},"inLanguage":"en-US","potentialAction":[{"@type":"ReadAction","target":["https:\/\/healkliinik.ee\/tiinatikk\/"]}]},{"@type":"ImageObject","inLanguage":"en-US","@id":"https:\/\/healkliinik.ee\/tiinatikk\/#primaryimage","url":"https:\/\/healkliinik.ee\/wp-content\/uploads\/elementor\/thumbs\/Untitled-4-rf52afvhssrbwha0qcvkb964r2tr6effk3dh2jgdxa.png","contentUrl":"https:\/\/healkliinik.ee\/wp-content\/uploads\/elementor\/thumbs\/Untitled-4-rf52afvhssrbwha0qcvkb964r2tr6effk3dh2jgdxa.png"},{"@type":"BreadcrumbList","@id":"https:\/\/healkliinik.ee\/tiinatikk\/#breadcrumb","itemListElement":[{"@type":"ListItem","position":1,"name":"Home","item":"https:\/\/healkliinik.ee\/"},{"@type":"ListItem","position":2,"name":"Tiina Tikk"}]},{"@type":"WebSite","@id":"https:\/\/healkliinik.ee\/#website","url":"https:\/\/healkliinik.ee\/","name":"Heal Kliinik","description":"Eesti esimene traumatoloogiale ja ortopeediale keskendunud kliinik","publisher":{"@id":"https:\/\/healkliinik.ee\/#organization"},"potentialAction":[{"@type":"SearchAction","target":{"@type":"EntryPoint","urlTemplate":"https:\/\/healkliinik.ee\/?s={search_term_string}"},"query-input":{"@type":"PropertyValueSpecification","valueRequired":true,"valueName":"search_term_string"}}],"inLanguage":"en-US"},{"@type":"Organization","@id":"https:\/\/healkliinik.ee\/#organization","name":"Heal Kliinik","url":"https:\/\/healkliinik.ee\/","logo":{"@type":"ImageObject","inLanguage":"en-US","@id":"https:\/\/healkliinik.ee\/#\/schema\/logo\/image\/","url":"https:\/\/healkliinik.ee\/wp-content\/uploads\/2024\/10\/Heal-TraumaKliinik_Valge.png","contentUrl":"https:\/\/healkliinik.ee\/wp-content\/uploads\/2024\/10\/Heal-TraumaKliinik_Valge.png","width":1917,"height":1463,"caption":"Heal Kliinik"},"image":{"@id":"https:\/\/healkliinik.ee\/#\/schema\/logo\/image\/"}}]}},"_links":{"self":[{"href":"https:\/\/healkliinik.ee\/en\/wp-json\/wp\/v2\/pages\/2494","targetHints":{"allow":["GET"]}}],"collection":[{"href":"https:\/\/healkliinik.ee\/en\/wp-json\/wp\/v2\/pages"}],"about":[{"href":"https:\/\/healkliinik.ee\/en\/wp-json\/wp\/v2\/types\/page"}],"author":[{"embeddable":true,"href":"https:\/\/healkliinik.ee\/en\/wp-json\/wp\/v2\/users\/2"}],"replies":[{"embeddable":true,"href":"https:\/\/healkliinik.ee\/en\/wp-json\/wp\/v2\/comments?post=2494"}],"version-history":[{"count":5,"href":"https:\/\/healkliinik.ee\/en\/wp-json\/wp\/v2\/pages\/2494\/revisions"}],"predecessor-version":[{"id":2509,"href":"https:\/\/healkliinik.ee\/en\/wp-json\/wp\/v2\/pages\/2494\/revisions\/2509"}],"wp:attachment":[{"href":"https:\/\/healkliinik.ee\/en\/wp-json\/wp\/v2\/media?parent=2494"}],"curies":[{"name":"wp","href":"https:\/\/api.w.org\/{rel}","templated":true}]}}