{"id":2519,"date":"2026-04-29T08:32:53","date_gmt":"2026-04-29T08:32:53","guid":{"rendered":"https:\/\/healkliinik.ee\/?page_id=2519"},"modified":"2026-04-29T08:59:45","modified_gmt":"2026-04-29T08:59:45","slug":"tonis-eilat","status":"publish","type":"page","link":"https:\/\/healkliinik.ee\/en\/tonis-eilat\/","title":{"rendered":"T\u00f5nis Eilat"},"content":{"rendered":"<div data-elementor-type=\"wp-page\" data-elementor-id=\"2519\" class=\"elementor elementor-2519\" data-elementor-post-type=\"page\">\n\t\t\t\t<div class=\"elementor-element elementor-element-5c14594 e-con-full e-flex e-con e-parent\" data-id=\"5c14594\" data-element_type=\"container\" data-e-type=\"container\" data-settings=\"{&quot;background_background&quot;:&quot;classic&quot;}\">\n\t\t<div class=\"elementor-element elementor-element-413975a e-flex e-con-boxed e-con e-child\" data-id=\"413975a\" data-element_type=\"container\" data-e-type=\"container\">\n\t\t\t\t\t<div class=\"e-con-inner\">\n\t\t\t\t<div class=\"elementor-element elementor-element-535e2b2 elementor-widget elementor-widget-heading\" data-id=\"535e2b2\" data-element_type=\"widget\" data-e-type=\"widget\" data-widget_type=\"heading.default\">\n\t\t\t\t<div class=\"elementor-widget-container\">\n\t\t\t\t\t<h2 class=\"elementor-heading-title elementor-size-default\">T\u00f5nis Eilat<\/h2>\t\t\t\t<\/div>\n\t\t\t\t<\/div>\n\t\t\t\t<div class=\"elementor-element elementor-element-3d10947 elementor-widget elementor-widget-button\" data-id=\"3d10947\" data-element_type=\"widget\" data-e-type=\"widget\" data-widget_type=\"button.default\">\n\t\t\t\t<div class=\"elementor-widget-container\">\n\t\t\t\t\t\t\t\t\t<div class=\"elementor-button-wrapper\">\n\t\t\t\t\t<a class=\"elementor-button elementor-button-link elementor-size-sm elementor-animation-grow\" href=\"https:\/\/healkliinik.ee\/en\/broneerimine\/\">\n\t\t\t\t\t\t<span class=\"elementor-button-content-wrapper\">\n\t\t\t\t\t\t<span class=\"elementor-button-icon\">\n\t\t\t\t<svg aria-hidden=\"true\" class=\"e-font-icon-svg e-fas-arrow-right\" viewbox=\"0 0 448 512\" xmlns=\"http:\/\/www.w3.org\/2000\/svg\"><path d=\"M190.5 66.9l22.2-22.2c9.4-9.4 24.6-9.4 33.9 0L441 239c9.4 9.4 9.4 24.6 0 33.9L246.6 467.3c-9.4 9.4-24.6 9.4-33.9 0l-22.2-22.2c-9.5-9.5-9.3-25 .4-34.3L311.4 296H24c-13.3 0-24-10.7-24-24v-32c0-13.3 10.7-24 24-24h287.4L190.9 101.2c-9.8-9.3-10-24.8-.4-34.3z\"><\/path><\/svg>\t\t\t<\/span>\n\t\t\t\t\t\t\t\t\t<span class=\"elementor-button-text\">Book an appointment<\/span>\n\t\t\t\t\t<\/span>\n\t\t\t\t\t<\/a>\n\t\t\t\t<\/div>\n\t\t\t\t\t\t\t\t<\/div>\n\t\t\t\t<\/div>\n\t\t\t\t\t<\/div>\n\t\t\t\t<\/div>\n\t\t\t\t<\/div>\n\t\t<div class=\"elementor-element elementor-element-07136d9 e-flex e-con-boxed e-con e-parent\" data-id=\"07136d9\" data-element_type=\"container\" data-e-type=\"container\" data-settings=\"{&quot;background_background&quot;:&quot;classic&quot;}\">\n\t\t\t\t\t<div class=\"e-con-inner\">\n\t\t\t\t<div class=\"elementor-element elementor-element-195756b elementor-position-top elementor-widget elementor-widget-image-box\" data-id=\"195756b\" data-element_type=\"widget\" data-e-type=\"widget\" data-widget_type=\"image-box.default\">\n\t\t\t\t<div class=\"elementor-widget-container\">\n\t\t\t\t\t<div class=\"elementor-image-box-wrapper\"><figure class=\"elementor-image-box-img\"><img decoding=\"async\" src=\"https:\/\/healkliinik.ee\/wp-content\/uploads\/elementor\/thumbs\/Ortopeed-Tonis-Eilat-rmpo0op8hjy2znobh8lke6kltaglhn3c0944msk0vy.jpg\" title=\"Ortopeed Tonis Eilat\" alt=\"Ortpeed T\u00f5nis Eilat teeb vastuv\u00f5tte Heal Kliinikus. Heal Traumakliinik on avatud iga p\u00e4ev.\" loading=\"lazy\" \/><\/figure><div class=\"elementor-image-box-content\"><h3 class=\"elementor-image-box-title\">T\u00f5nis Eilat<\/h3><p class=\"elementor-image-box-description\">Orthopedic Surgeon<\/p><\/div><\/div>\t\t\t\t<\/div>\n\t\t\t\t<\/div>\n\t\t\t\t<div class=\"elementor-element elementor-element-2f3b27b elementor-icon-list--layout-inline elementor-align-center elementor-list-item-link-full_width elementor-widget elementor-widget-icon-list\" data-id=\"2f3b27b\" data-element_type=\"widget\" data-e-type=\"widget\" data-widget_type=\"icon-list.default\">\n\t\t\t\t<div class=\"elementor-widget-container\">\n\t\t\t\t\t\t\t<ul class=\"elementor-icon-list-items elementor-inline-items\">\n\t\t\t\t\t\t\t<li class=\"elementor-icon-list-item elementor-inline-item\">\n\t\t\t\t\t\t\t\t\t\t\t<a href=\"https:\/\/www.instagram.com\/heal_kliinik\/\">\n\n\t\t\t\t\t\t\t\t\t\t\t\t<span class=\"elementor-icon-list-icon\">\n\t\t\t\t\t\t\t<svg aria-hidden=\"true\" class=\"e-font-icon-svg e-fab-instagram\" viewbox=\"0 0 448 512\" xmlns=\"http:\/\/www.w3.org\/2000\/svg\"><path d=\"M224.1 141c-63.6 0-114.9 51.3-114.9 114.9s51.3 114.9 114.9 114.9S339 319.5 339 255.9 287.7 141 224.1 141zm0 189.6c-41.1 0-74.7-33.5-74.7-74.7s33.5-74.7 74.7-74.7 74.7 33.5 74.7 74.7-33.6 74.7-74.7 74.7zm146.4-194.3c0 14.9-12 26.8-26.8 26.8-14.9 0-26.8-12-26.8-26.8s12-26.8 26.8-26.8 26.8 12 26.8 26.8zm76.1 27.2c-1.7-35.9-9.9-67.7-36.2-93.9-26.2-26.2-58-34.4-93.9-36.2-37-2.1-147.9-2.1-184.9 0-35.8 1.7-67.6 9.9-93.9 36.1s-34.4 58-36.2 93.9c-2.1 37-2.1 147.9 0 184.9 1.7 35.9 9.9 67.7 36.2 93.9s58 34.4 93.9 36.2c37 2.1 147.9 2.1 184.9 0 35.9-1.7 67.7-9.9 93.9-36.2 26.2-26.2 34.4-58 36.2-93.9 2.1-37 2.1-147.8 0-184.8zM398.8 388c-7.8 19.6-22.9 34.7-42.6 42.6-29.5 11.7-99.5 9-132.1 9s-102.7 2.6-132.1-9c-19.6-7.8-34.7-22.9-42.6-42.6-11.7-29.5-9-99.5-9-132.1s-2.6-102.7 9-132.1c7.8-19.6 22.9-34.7 42.6-42.6 29.5-11.7 99.5-9 132.1-9s102.7-2.6 132.1 9c19.6 7.8 34.7 22.9 42.6 42.6 11.7 29.5 9 99.5 9 132.1s2.7 102.7-9 132.1z\"><\/path><\/svg>\t\t\t\t\t\t<\/span>\n\t\t\t\t\t\t\t\t\t\t<span class=\"elementor-icon-list-text\">heal_kliinik<\/span>\n\t\t\t\t\t\t\t\t\t\t\t<\/a>\n\t\t\t\t\t\t\t\t\t<\/li>\n\t\t\t\t\t\t<\/ul>\n\t\t\t\t\t\t<\/div>\n\t\t\t\t<\/div>\n\t\t\t\t<div class=\"elementor-element elementor-element-8a4a4da elementor-widget elementor-widget-text-editor\" data-id=\"8a4a4da\" data-element_type=\"widget\" data-e-type=\"widget\" data-widget_type=\"text-editor.default\">\n\t\t\t\t<div class=\"elementor-widget-container\">\n\t\t\t\t\t\t\t\t\t<p>Arstina pean oluliseks hoolikust, otsekohesust ja vastutustundlikkust. Ortopeedia paelub mind, kuna see v\u00f5imaldab mul patsiente vahetult aidata \u2013 v\u00e4hendades valu ning parandades liigeste ja lihaste funktsiooni, t\u00f5useb inimese elukvaliteet m\u00e4rkimisv\u00e4\u00e4rselt.<\/p><p>L\u00f5petasin Tartu \u00dclikooli arstiteaduskonna 2012. aastal ning l\u00e4bisin ortopeedia ja traumatoloogia residentuuri Ida-Soome \u00dclikoolis. Olen omandanud Rahvusvahelise Ol\u00fcmpiakomitee (IOC) spordimeditsiini arsti kraadi, mis on andnud mulle spetsiifilised teadmised sporditraumade raviks. Kuulun Eesti Ortopeedia Seltsi, Eesti Artroskoopia ja Sporditraumatoloogia Seltsi ning Eesti Artroplastika Seltsi. T\u00e4iendan end regulaarselt rahvusvahelistel koolitustel, et pakkuda kaasaegset ja t\u00f5endusp\u00f5hist abi.<\/p><p>Tegelen laialdaselt erinevate tugiliikumiselundkonna probleemidega ja teostan aastas keskmiselt 350 operatsiooni. Minu peamised tegevusvaldkonnad on liigeste endoproteesimine (puusa- ja p\u00f5lveliigese proteesimine), artroskoopiline kirurgia, traumade operatiivne ravi ning labajala ja varvaste deformatsioonide korrigeerimine. Kuna tegelen ka ise aktiivselt spordiga, m\u00f5istan h\u00e4sti sportlaste vajadusi ja vigastuste olemust.<\/p>\t\t\t\t\t\t\t\t<\/div>\n\t\t\t\t<\/div>\n\t\t<div class=\"elementor-element elementor-element-65f46fd e-con-full e-flex e-con e-child\" data-id=\"65f46fd\" data-element_type=\"container\" data-e-type=\"container\" data-settings=\"{&quot;background_background&quot;:&quot;classic&quot;}\">\n\t\t\t\t<div class=\"elementor-element elementor-element-e672b40 elementor-widget elementor-widget-heading\" data-id=\"e672b40\" data-element_type=\"widget\" data-e-type=\"widget\" data-widget_type=\"heading.default\">\n\t\t\t\t<div class=\"elementor-widget-container\">\n\t\t\t\t\t<h2 class=\"elementor-heading-title elementor-size-default\">Spetsialiseerumised<\/h2>\t\t\t\t<\/div>\n\t\t\t\t<\/div>\n\t\t\t\t<div class=\"elementor-element elementor-element-02968b1 elementor-widget elementor-widget-text-editor\" data-id=\"02968b1\" data-element_type=\"widget\" data-e-type=\"widget\" data-widget_type=\"text-editor.default\">\n\t\t\t\t<div class=\"elementor-widget-container\">\n\t\t\t\t\t\t\t\t\t<ul><li>Liigeste endoproteesimine (P\u00f5lveliigese ja puusaliigese proteesimine)<\/li><li>P\u00f5lveliigese artroskoopia (Meniski- ja sidemetevigastuse, ning muude vaevuste kirurgiline ravi)\u00a0<\/li><li>\u00c4gedate traumade ja krooniliste ortopeediliste vaevuste ravile.<\/li><li>Labajala ja varvaste deformatsioonide kirurgia<\/li><\/ul>\t\t\t\t\t\t\t\t<\/div>\n\t\t\t\t<\/div>\n\t\t\t\t<\/div>\n\t\t\t\t\t<\/div>\n\t\t\t\t<\/div>\n\t\t\t\t<\/div>","protected":false},"excerpt":{"rendered":"<p>T\u00f5nis Eilat Broneeri aeg T\u00f5nis Eilat Ortopeed heal_kliinik Arstina pean oluliseks hoolikust, otsekohesust ja vastutustundlikkust. Ortopeedia paelub mind, kuna see v\u00f5imaldab mul patsiente vahetult aidata \u2013 v\u00e4hendades valu ning parandades liigeste ja lihaste funktsiooni, t\u00f5useb inimese elukvaliteet m\u00e4rkimisv\u00e4\u00e4rselt. L\u00f5petasin Tartu \u00dclikooli arstiteaduskonna 2012. aastal ning l\u00e4bisin ortopeedia ja traumatoloogia residentuuri Ida-Soome \u00dclikoolis. Olen omandanud Rahvusvahelise [&hellip;]<\/p>\n","protected":false},"author":2,"featured_media":0,"parent":0,"menu_order":0,"comment_status":"closed","ping_status":"closed","template":"","meta":{"footnotes":""},"class_list":["post-2519","page","type-page","status-publish","hentry"],"yoast_head":"<!-- This site is optimized with the Yoast SEO plugin v27.4 - https:\/\/yoast.com\/product\/yoast-seo-wordpress\/ -->\n<title>T\u00f5nis Eilat - Heal Kliinik<\/title>\n<meta name=\"robots\" content=\"index, follow, max-snippet:-1, max-image-preview:large, max-video-preview:-1\" \/>\n<link rel=\"canonical\" href=\"https:\/\/healkliinik.ee\/en\/tonis-eilat\/\" \/>\n<meta property=\"og:locale\" content=\"en_US\" \/>\n<meta property=\"og:type\" content=\"article\" \/>\n<meta property=\"og:title\" content=\"T\u00f5nis Eilat - Heal Kliinik\" \/>\n<meta property=\"og:description\" content=\"T\u00f5nis Eilat Broneeri aeg T\u00f5nis Eilat Ortopeed heal_kliinik Arstina pean oluliseks hoolikust, otsekohesust ja vastutustundlikkust. Ortopeedia paelub mind, kuna see v\u00f5imaldab mul patsiente vahetult aidata \u2013 v\u00e4hendades valu ning parandades liigeste ja lihaste funktsiooni, t\u00f5useb inimese elukvaliteet m\u00e4rkimisv\u00e4\u00e4rselt. L\u00f5petasin Tartu \u00dclikooli arstiteaduskonna 2012. aastal ning l\u00e4bisin ortopeedia ja traumatoloogia residentuuri Ida-Soome \u00dclikoolis. Olen omandanud Rahvusvahelise [&hellip;]\" \/>\n<meta property=\"og:url\" content=\"https:\/\/healkliinik.ee\/en\/tonis-eilat\/\" \/>\n<meta property=\"og:site_name\" content=\"Heal Kliinik\" \/>\n<meta property=\"article:modified_time\" content=\"2026-04-29T08:59:45+00:00\" \/>\n<meta property=\"og:image\" content=\"https:\/\/healkliinik.ee\/wp-content\/uploads\/elementor\/thumbs\/Ortopeed-Tonis-Eilat-rmpo0op8hjy2znobh8lke6kltaglhn3c0944msk0vy.jpg\" \/>\n<meta name=\"twitter:card\" content=\"summary_large_image\" \/>\n<meta name=\"twitter:label1\" content=\"Est. reading time\" \/>\n\t<meta name=\"twitter:data1\" content=\"2 minutes\" \/>\n<script type=\"application\/ld+json\" class=\"yoast-schema-graph\">{\"@context\":\"https:\\\/\\\/schema.org\",\"@graph\":[{\"@type\":\"WebPage\",\"@id\":\"https:\\\/\\\/healkliinik.ee\\\/tonis-eilat\\\/\",\"url\":\"https:\\\/\\\/healkliinik.ee\\\/tonis-eilat\\\/\",\"name\":\"T\u00f5nis Eilat - Heal Kliinik\",\"isPartOf\":{\"@id\":\"https:\\\/\\\/healkliinik.ee\\\/#website\"},\"primaryImageOfPage\":{\"@id\":\"https:\\\/\\\/healkliinik.ee\\\/tonis-eilat\\\/#primaryimage\"},\"image\":{\"@id\":\"https:\\\/\\\/healkliinik.ee\\\/tonis-eilat\\\/#primaryimage\"},\"thumbnailUrl\":\"https:\\\/\\\/healkliinik.ee\\\/wp-content\\\/uploads\\\/elementor\\\/thumbs\\\/Ortopeed-Tonis-Eilat-rmpo0op8hjy2znobh8lke6kltaglhn3c0944msk0vy.jpg\",\"datePublished\":\"2026-04-29T08:32:53+00:00\",\"dateModified\":\"2026-04-29T08:59:45+00:00\",\"breadcrumb\":{\"@id\":\"https:\\\/\\\/healkliinik.ee\\\/tonis-eilat\\\/#breadcrumb\"},\"inLanguage\":\"en-US\",\"potentialAction\":[{\"@type\":\"ReadAction\",\"target\":[\"https:\\\/\\\/healkliinik.ee\\\/tonis-eilat\\\/\"]}]},{\"@type\":\"ImageObject\",\"inLanguage\":\"en-US\",\"@id\":\"https:\\\/\\\/healkliinik.ee\\\/tonis-eilat\\\/#primaryimage\",\"url\":\"https:\\\/\\\/healkliinik.ee\\\/wp-content\\\/uploads\\\/elementor\\\/thumbs\\\/Ortopeed-Tonis-Eilat-rmpo0op8hjy2znobh8lke6kltaglhn3c0944msk0vy.jpg\",\"contentUrl\":\"https:\\\/\\\/healkliinik.ee\\\/wp-content\\\/uploads\\\/elementor\\\/thumbs\\\/Ortopeed-Tonis-Eilat-rmpo0op8hjy2znobh8lke6kltaglhn3c0944msk0vy.jpg\"},{\"@type\":\"BreadcrumbList\",\"@id\":\"https:\\\/\\\/healkliinik.ee\\\/tonis-eilat\\\/#breadcrumb\",\"itemListElement\":[{\"@type\":\"ListItem\",\"position\":1,\"name\":\"Home\",\"item\":\"https:\\\/\\\/healkliinik.ee\\\/\"},{\"@type\":\"ListItem\",\"position\":2,\"name\":\"T\u00f5nis Eilat\"}]},{\"@type\":\"WebSite\",\"@id\":\"https:\\\/\\\/healkliinik.ee\\\/#website\",\"url\":\"https:\\\/\\\/healkliinik.ee\\\/\",\"name\":\"Heal Kliinik\",\"description\":\"Eesti esimene traumatoloogiale ja ortopeediale keskendunud kliinik\",\"publisher\":{\"@id\":\"https:\\\/\\\/healkliinik.ee\\\/#organization\"},\"potentialAction\":[{\"@type\":\"SearchAction\",\"target\":{\"@type\":\"EntryPoint\",\"urlTemplate\":\"https:\\\/\\\/healkliinik.ee\\\/?s={search_term_string}\"},\"query-input\":{\"@type\":\"PropertyValueSpecification\",\"valueRequired\":true,\"valueName\":\"search_term_string\"}}],\"inLanguage\":\"en-US\"},{\"@type\":\"Organization\",\"@id\":\"https:\\\/\\\/healkliinik.ee\\\/#organization\",\"name\":\"Heal Kliinik\",\"url\":\"https:\\\/\\\/healkliinik.ee\\\/\",\"logo\":{\"@type\":\"ImageObject\",\"inLanguage\":\"en-US\",\"@id\":\"https:\\\/\\\/healkliinik.ee\\\/#\\\/schema\\\/logo\\\/image\\\/\",\"url\":\"https:\\\/\\\/healkliinik.ee\\\/wp-content\\\/uploads\\\/2024\\\/10\\\/Heal-TraumaKliinik_Valge.png\",\"contentUrl\":\"https:\\\/\\\/healkliinik.ee\\\/wp-content\\\/uploads\\\/2024\\\/10\\\/Heal-TraumaKliinik_Valge.png\",\"width\":1917,\"height\":1463,\"caption\":\"Heal Kliinik\"},\"image\":{\"@id\":\"https:\\\/\\\/healkliinik.ee\\\/#\\\/schema\\\/logo\\\/image\\\/\"}}]}<\/script>\n<!-- \/ Yoast SEO plugin. -->","yoast_head_json":{"title":"T\u00f5nis Eilat - Heal Kliinik","robots":{"index":"index","follow":"follow","max-snippet":"max-snippet:-1","max-image-preview":"max-image-preview:large","max-video-preview":"max-video-preview:-1"},"canonical":"https:\/\/healkliinik.ee\/en\/tonis-eilat\/","og_locale":"en_US","og_type":"article","og_title":"T\u00f5nis Eilat - Heal Kliinik","og_description":"T\u00f5nis Eilat Broneeri aeg T\u00f5nis Eilat Ortopeed heal_kliinik Arstina pean oluliseks hoolikust, otsekohesust ja vastutustundlikkust. Ortopeedia paelub mind, kuna see v\u00f5imaldab mul patsiente vahetult aidata \u2013 v\u00e4hendades valu ning parandades liigeste ja lihaste funktsiooni, t\u00f5useb inimese elukvaliteet m\u00e4rkimisv\u00e4\u00e4rselt. L\u00f5petasin Tartu \u00dclikooli arstiteaduskonna 2012. aastal ning l\u00e4bisin ortopeedia ja traumatoloogia residentuuri Ida-Soome \u00dclikoolis. Olen omandanud Rahvusvahelise [&hellip;]","og_url":"https:\/\/healkliinik.ee\/en\/tonis-eilat\/","og_site_name":"Heal Kliinik","article_modified_time":"2026-04-29T08:59:45+00:00","og_image":[{"url":"https:\/\/healkliinik.ee\/wp-content\/uploads\/elementor\/thumbs\/Ortopeed-Tonis-Eilat-rmpo0op8hjy2znobh8lke6kltaglhn3c0944msk0vy.jpg","type":"","width":"","height":""}],"twitter_card":"summary_large_image","twitter_misc":{"Est. reading time":"2 minutes"},"schema":{"@context":"https:\/\/schema.org","@graph":[{"@type":"WebPage","@id":"https:\/\/healkliinik.ee\/tonis-eilat\/","url":"https:\/\/healkliinik.ee\/tonis-eilat\/","name":"T\u00f5nis Eilat - Heal Kliinik","isPartOf":{"@id":"https:\/\/healkliinik.ee\/#website"},"primaryImageOfPage":{"@id":"https:\/\/healkliinik.ee\/tonis-eilat\/#primaryimage"},"image":{"@id":"https:\/\/healkliinik.ee\/tonis-eilat\/#primaryimage"},"thumbnailUrl":"https:\/\/healkliinik.ee\/wp-content\/uploads\/elementor\/thumbs\/Ortopeed-Tonis-Eilat-rmpo0op8hjy2znobh8lke6kltaglhn3c0944msk0vy.jpg","datePublished":"2026-04-29T08:32:53+00:00","dateModified":"2026-04-29T08:59:45+00:00","breadcrumb":{"@id":"https:\/\/healkliinik.ee\/tonis-eilat\/#breadcrumb"},"inLanguage":"en-US","potentialAction":[{"@type":"ReadAction","target":["https:\/\/healkliinik.ee\/tonis-eilat\/"]}]},{"@type":"ImageObject","inLanguage":"en-US","@id":"https:\/\/healkliinik.ee\/tonis-eilat\/#primaryimage","url":"https:\/\/healkliinik.ee\/wp-content\/uploads\/elementor\/thumbs\/Ortopeed-Tonis-Eilat-rmpo0op8hjy2znobh8lke6kltaglhn3c0944msk0vy.jpg","contentUrl":"https:\/\/healkliinik.ee\/wp-content\/uploads\/elementor\/thumbs\/Ortopeed-Tonis-Eilat-rmpo0op8hjy2znobh8lke6kltaglhn3c0944msk0vy.jpg"},{"@type":"BreadcrumbList","@id":"https:\/\/healkliinik.ee\/tonis-eilat\/#breadcrumb","itemListElement":[{"@type":"ListItem","position":1,"name":"Home","item":"https:\/\/healkliinik.ee\/"},{"@type":"ListItem","position":2,"name":"T\u00f5nis Eilat"}]},{"@type":"WebSite","@id":"https:\/\/healkliinik.ee\/#website","url":"https:\/\/healkliinik.ee\/","name":"Heal Kliinik","description":"Eesti esimene traumatoloogiale ja ortopeediale keskendunud kliinik","publisher":{"@id":"https:\/\/healkliinik.ee\/#organization"},"potentialAction":[{"@type":"SearchAction","target":{"@type":"EntryPoint","urlTemplate":"https:\/\/healkliinik.ee\/?s={search_term_string}"},"query-input":{"@type":"PropertyValueSpecification","valueRequired":true,"valueName":"search_term_string"}}],"inLanguage":"en-US"},{"@type":"Organization","@id":"https:\/\/healkliinik.ee\/#organization","name":"Heal Kliinik","url":"https:\/\/healkliinik.ee\/","logo":{"@type":"ImageObject","inLanguage":"en-US","@id":"https:\/\/healkliinik.ee\/#\/schema\/logo\/image\/","url":"https:\/\/healkliinik.ee\/wp-content\/uploads\/2024\/10\/Heal-TraumaKliinik_Valge.png","contentUrl":"https:\/\/healkliinik.ee\/wp-content\/uploads\/2024\/10\/Heal-TraumaKliinik_Valge.png","width":1917,"height":1463,"caption":"Heal Kliinik"},"image":{"@id":"https:\/\/healkliinik.ee\/#\/schema\/logo\/image\/"}}]}},"_links":{"self":[{"href":"https:\/\/healkliinik.ee\/en\/wp-json\/wp\/v2\/pages\/2519","targetHints":{"allow":["GET"]}}],"collection":[{"href":"https:\/\/healkliinik.ee\/en\/wp-json\/wp\/v2\/pages"}],"about":[{"href":"https:\/\/healkliinik.ee\/en\/wp-json\/wp\/v2\/types\/page"}],"author":[{"embeddable":true,"href":"https:\/\/healkliinik.ee\/en\/wp-json\/wp\/v2\/users\/2"}],"replies":[{"embeddable":true,"href":"https:\/\/healkliinik.ee\/en\/wp-json\/wp\/v2\/comments?post=2519"}],"version-history":[{"count":10,"href":"https:\/\/healkliinik.ee\/en\/wp-json\/wp\/v2\/pages\/2519\/revisions"}],"predecessor-version":[{"id":2537,"href":"https:\/\/healkliinik.ee\/en\/wp-json\/wp\/v2\/pages\/2519\/revisions\/2537"}],"wp:attachment":[{"href":"https:\/\/healkliinik.ee\/en\/wp-json\/wp\/v2\/media?parent=2519"}],"curies":[{"name":"wp","href":"https:\/\/api.w.org\/{rel}","templated":true}]}}