{"id":482,"date":"2024-11-14T15:37:00","date_gmt":"2024-11-14T15:37:00","guid":{"rendered":"https:\/\/healkliinik.ee\/?page_id=482"},"modified":"2025-02-10T09:26:24","modified_gmt":"2025-02-10T09:26:24","slug":"hillar-luga","status":"publish","type":"page","link":"https:\/\/healkliinik.ee\/en\/hillar-luga\/","title":{"rendered":"Hillar Luga"},"content":{"rendered":"<div data-elementor-type=\"wp-page\" data-elementor-id=\"482\" class=\"elementor elementor-482\" data-elementor-post-type=\"page\">\n\t\t\t\t<div class=\"elementor-element elementor-element-1015c7c e-con-full e-flex e-con e-parent\" data-id=\"1015c7c\" data-element_type=\"container\" data-e-type=\"container\" data-settings=\"{&quot;background_background&quot;:&quot;classic&quot;}\">\n\t\t<div class=\"elementor-element elementor-element-b14f400 e-flex e-con-boxed e-con e-child\" data-id=\"b14f400\" data-element_type=\"container\" data-e-type=\"container\">\n\t\t\t\t\t<div class=\"e-con-inner\">\n\t\t\t\t<div class=\"elementor-element elementor-element-a54345b elementor-widget elementor-widget-heading\" data-id=\"a54345b\" data-element_type=\"widget\" data-e-type=\"widget\" data-widget_type=\"heading.default\">\n\t\t\t\t<div class=\"elementor-widget-container\">\n\t\t\t\t\t<h2 class=\"elementor-heading-title elementor-size-default\">Hillar Luga<\/h2>\t\t\t\t<\/div>\n\t\t\t\t<\/div>\n\t\t\t\t<div class=\"elementor-element elementor-element-8667f73 elementor-widget elementor-widget-button\" data-id=\"8667f73\" data-element_type=\"widget\" data-e-type=\"widget\" data-widget_type=\"button.default\">\n\t\t\t\t<div class=\"elementor-widget-container\">\n\t\t\t\t\t\t\t\t\t<div class=\"elementor-button-wrapper\">\n\t\t\t\t\t<a class=\"elementor-button elementor-button-link elementor-size-sm elementor-animation-grow\" href=\"https:\/\/healkliinik.ee\/en\/broneerimine\/\">\n\t\t\t\t\t\t<span class=\"elementor-button-content-wrapper\">\n\t\t\t\t\t\t<span class=\"elementor-button-icon\">\n\t\t\t\t<svg aria-hidden=\"true\" class=\"e-font-icon-svg e-fas-arrow-right\" viewbox=\"0 0 448 512\" xmlns=\"http:\/\/www.w3.org\/2000\/svg\"><path d=\"M190.5 66.9l22.2-22.2c9.4-9.4 24.6-9.4 33.9 0L441 239c9.4 9.4 9.4 24.6 0 33.9L246.6 467.3c-9.4 9.4-24.6 9.4-33.9 0l-22.2-22.2c-9.5-9.5-9.3-25 .4-34.3L311.4 296H24c-13.3 0-24-10.7-24-24v-32c0-13.3 10.7-24 24-24h287.4L190.9 101.2c-9.8-9.3-10-24.8-.4-34.3z\"><\/path><\/svg>\t\t\t<\/span>\n\t\t\t\t\t\t\t\t\t<span class=\"elementor-button-text\">Book an appointment<\/span>\n\t\t\t\t\t<\/span>\n\t\t\t\t\t<\/a>\n\t\t\t\t<\/div>\n\t\t\t\t\t\t\t\t<\/div>\n\t\t\t\t<\/div>\n\t\t\t\t\t<\/div>\n\t\t\t\t<\/div>\n\t\t\t\t<\/div>\n\t\t<div class=\"elementor-element elementor-element-02e8c03 e-flex e-con-boxed e-con e-parent\" data-id=\"02e8c03\" data-element_type=\"container\" data-e-type=\"container\" data-settings=\"{&quot;background_background&quot;:&quot;classic&quot;}\">\n\t\t\t\t\t<div class=\"e-con-inner\">\n\t\t\t\t<div class=\"elementor-element elementor-element-bd812bf elementor-position-top elementor-widget elementor-widget-image-box\" data-id=\"bd812bf\" data-element_type=\"widget\" data-e-type=\"widget\" data-widget_type=\"image-box.default\">\n\t\t\t\t<div class=\"elementor-widget-container\">\n\t\t\t\t\t<div class=\"elementor-image-box-wrapper\"><figure class=\"elementor-image-box-img\"><img decoding=\"async\" src=\"https:\/\/healkliinik.ee\/wp-content\/uploads\/elementor\/thumbs\/HillarLuga-qx8n8rwnw7x9k406mwjf9wg8hi37pfmklucx81wuwu.jpg\" title=\"Hillar Luga Orthopedic Surgeon\" alt=\"HillarLuga\" loading=\"lazy\" \/><\/figure><div class=\"elementor-image-box-content\"><h3 class=\"elementor-image-box-title\">Hillar Luga<\/h3><p class=\"elementor-image-box-description\">Orthopedic Surgeon<\/p><\/div><\/div>\t\t\t\t<\/div>\n\t\t\t\t<\/div>\n\t\t\t\t<div class=\"elementor-element elementor-element-cb88075 elementor-icon-list--layout-inline elementor-align-center elementor-list-item-link-full_width elementor-widget elementor-widget-icon-list\" data-id=\"cb88075\" data-element_type=\"widget\" data-e-type=\"widget\" data-widget_type=\"icon-list.default\">\n\t\t\t\t<div class=\"elementor-widget-container\">\n\t\t\t\t\t\t\t<ul class=\"elementor-icon-list-items elementor-inline-items\">\n\t\t\t\t\t\t\t<li class=\"elementor-icon-list-item elementor-inline-item\">\n\t\t\t\t\t\t\t\t\t\t\t<a href=\"https:\/\/www.instagram.com\/heal_kliinik\/\">\n\n\t\t\t\t\t\t\t\t\t\t\t\t<span class=\"elementor-icon-list-icon\">\n\t\t\t\t\t\t\t<svg aria-hidden=\"true\" class=\"e-font-icon-svg e-fab-instagram\" viewbox=\"0 0 448 512\" xmlns=\"http:\/\/www.w3.org\/2000\/svg\"><path d=\"M224.1 141c-63.6 0-114.9 51.3-114.9 114.9s51.3 114.9 114.9 114.9S339 319.5 339 255.9 287.7 141 224.1 141zm0 189.6c-41.1 0-74.7-33.5-74.7-74.7s33.5-74.7 74.7-74.7 74.7 33.5 74.7 74.7-33.6 74.7-74.7 74.7zm146.4-194.3c0 14.9-12 26.8-26.8 26.8-14.9 0-26.8-12-26.8-26.8s12-26.8 26.8-26.8 26.8 12 26.8 26.8zm76.1 27.2c-1.7-35.9-9.9-67.7-36.2-93.9-26.2-26.2-58-34.4-93.9-36.2-37-2.1-147.9-2.1-184.9 0-35.8 1.7-67.6 9.9-93.9 36.1s-34.4 58-36.2 93.9c-2.1 37-2.1 147.9 0 184.9 1.7 35.9 9.9 67.7 36.2 93.9s58 34.4 93.9 36.2c37 2.1 147.9 2.1 184.9 0 35.9-1.7 67.7-9.9 93.9-36.2 26.2-26.2 34.4-58 36.2-93.9 2.1-37 2.1-147.8 0-184.8zM398.8 388c-7.8 19.6-22.9 34.7-42.6 42.6-29.5 11.7-99.5 9-132.1 9s-102.7 2.6-132.1-9c-19.6-7.8-34.7-22.9-42.6-42.6-11.7-29.5-9-99.5-9-132.1s-2.6-102.7 9-132.1c7.8-19.6 22.9-34.7 42.6-42.6 29.5-11.7 99.5-9 132.1-9s102.7-2.6 132.1 9c19.6 7.8 34.7 22.9 42.6 42.6 11.7 29.5 9 99.5 9 132.1s2.7 102.7-9 132.1z\"><\/path><\/svg>\t\t\t\t\t\t<\/span>\n\t\t\t\t\t\t\t\t\t\t<span class=\"elementor-icon-list-text\">heal_kliinik<\/span>\n\t\t\t\t\t\t\t\t\t\t\t<\/a>\n\t\t\t\t\t\t\t\t\t<\/li>\n\t\t\t\t\t\t\t\t<li class=\"elementor-icon-list-item elementor-inline-item\">\n\t\t\t\t\t\t\t\t\t\t\t<a href=\"https:\/\/www.facebook.com\/people\/Heal-Kliinik\/61569668143116\/\">\n\n\t\t\t\t\t\t\t\t\t\t\t\t<span class=\"elementor-icon-list-icon\">\n\t\t\t\t\t\t\t<svg aria-hidden=\"true\" class=\"e-font-icon-svg e-fab-facebook-square\" viewbox=\"0 0 448 512\" xmlns=\"http:\/\/www.w3.org\/2000\/svg\"><path d=\"M400 32H48A48 48 0 0 0 0 80v352a48 48 0 0 0 48 48h137.25V327.69h-63V256h63v-54.64c0-62.15 37-96.48 93.67-96.48 27.14 0 55.52 4.84 55.52 4.84v61h-31.27c-30.81 0-40.42 19.12-40.42 38.73V256h68.78l-11 71.69h-57.78V480H400a48 48 0 0 0 48-48V80a48 48 0 0 0-48-48z\"><\/path><\/svg>\t\t\t\t\t\t<\/span>\n\t\t\t\t\t\t\t\t\t\t<span class=\"elementor-icon-list-text\">HealKliinik<\/span>\n\t\t\t\t\t\t\t\t\t\t\t<\/a>\n\t\t\t\t\t\t\t\t\t<\/li>\n\t\t\t\t\t\t<\/ul>\n\t\t\t\t\t\t<\/div>\n\t\t\t\t<\/div>\n\t\t\t\t<div class=\"elementor-element elementor-element-e00c996 elementor-widget elementor-widget-text-editor\" data-id=\"e00c996\" data-element_type=\"widget\" data-e-type=\"widget\" data-widget_type=\"text-editor.default\">\n\t\t\t\t<div class=\"elementor-widget-container\">\n\t\t\t\t\t\t\t\t\t<p>Olen l\u00f5petanud Tartu \u00dclikooli arstiteaduskonna aastal 1984. P\u00e4rast \u00fclikooli l\u00f5petamist l\u00e4bisin kirurgia internatuuri Tallinna Mustam\u00e4e haiglas ja t\u00f6\u00f6tasin \u00fcldkirurgina. Aastal 1991 avanes v\u00f5imalus minna \u00f5ppima ja t\u00f6\u00f6tama Soome. Kirurgia, traumatoloogia ja ortopeedia residentuuri l\u00e4bisin Helsingi \u00dclikooli Kliinikumis ja t\u00f6\u00f6tasin P\u00f5hjamaade suurimas traumakeskuses, T\u00f6\u00f6l\u00f6 haiglas. Helsingi \u00dclikooli Kliinikumis (Helsingin Yliopistollinen Keskussairaala) t\u00f6\u00f6tasin kuni aastani 2006. Seej\u00e4rel siirdusin t\u00f6\u00f6le erakliinikutesse \u2013 Diacor, Mehil\u00e4inen ja Terveystalo. Terveystalos t\u00f6\u00f6tan ka praegu. Mul on lai kogemustepagas \u00fcldortopeedia ja traumatoloogia valdkonnas, olen t\u00f6\u00f6tanud Soome meditsiiniasutustes kokku 30 aastat. Olen spetsialiseerunud \u00f5la- ja p\u00f5lve artroskoopilisele kirurgiale. Et pakkuda parimat kaasaegset ravi, osalen pidevalt koolitustel maailma parimate professionaalide juures, ortopeedia kongressidel kogu maailmas ja cadaver-kursustel. Suhtun oma t\u00f6\u00f6se t\u00f5siselt ja annan endast parima, et aidata igat patsienti.<\/p>\t\t\t\t\t\t\t\t<\/div>\n\t\t\t\t<\/div>\n\t\t<div class=\"elementor-element elementor-element-af8a731 e-con-full e-flex e-con e-child\" data-id=\"af8a731\" data-element_type=\"container\" data-e-type=\"container\" data-settings=\"{&quot;background_background&quot;:&quot;classic&quot;}\">\n\t\t\t\t<div class=\"elementor-element elementor-element-9a74ccd elementor-widget elementor-widget-heading\" data-id=\"9a74ccd\" data-element_type=\"widget\" data-e-type=\"widget\" data-widget_type=\"heading.default\">\n\t\t\t\t<div class=\"elementor-widget-container\">\n\t\t\t\t\t<h2 class=\"elementor-heading-title elementor-size-default\">Spetsialiseerumised<\/h2>\t\t\t\t<\/div>\n\t\t\t\t<\/div>\n\t\t\t\t<div class=\"elementor-element elementor-element-98fcd59 elementor-widget elementor-widget-text-editor\" data-id=\"98fcd59\" data-element_type=\"widget\" data-e-type=\"widget\" data-widget_type=\"text-editor.default\">\n\t\t\t\t<div class=\"elementor-widget-container\">\n\t\t\t\t\t\t\t\t\t<ul>\n<li>P\u00f5lveliigese vaevused ja nende kirurgiline ravi<\/li>\n<li>P\u00f5lveliigese traumade kirurgiline ravi<\/li>\n<li>Artroskoopiline kirurgia<\/li>\n<li>\u00d5laliigese traumade ja vaevuste kirurgiline ravi<\/li>\n<li>Seljavaevuste ravi, l\u00fclivaheketaste kirurgiline ravi<\/li>\n<li>\u00dcldkirurgia<\/li>\n<\/ul>\t\t\t\t\t\t\t\t<\/div>\n\t\t\t\t<\/div>\n\t\t\t\t<\/div>\n\t\t\t\t\t<\/div>\n\t\t\t\t<\/div>\n\t\t\t\t<\/div>","protected":false},"excerpt":{"rendered":"<p>Hillar Luga Broneeri aeg Hillar Luga Ortopeed heal_kliinik HealKliinik Olen l\u00f5petanud Tartu \u00dclikooli arstiteaduskonna aastal 1984. P\u00e4rast \u00fclikooli l\u00f5petamist l\u00e4bisin kirurgia internatuuri Tallinna Mustam\u00e4e haiglas ja t\u00f6\u00f6tasin \u00fcldkirurgina. Aastal 1991 avanes v\u00f5imalus minna \u00f5ppima ja t\u00f6\u00f6tama Soome. Kirurgia, traumatoloogia ja ortopeedia residentuuri l\u00e4bisin Helsingi \u00dclikooli Kliinikumis ja t\u00f6\u00f6tasin P\u00f5hjamaade suurimas traumakeskuses, T\u00f6\u00f6l\u00f6 haiglas. Helsingi \u00dclikooli [&hellip;]<\/p>\n","protected":false},"author":1,"featured_media":0,"parent":0,"menu_order":0,"comment_status":"closed","ping_status":"closed","template":"","meta":{"footnotes":""},"class_list":["post-482","page","type-page","status-publish","hentry"],"yoast_head":"<!-- This site is optimized with the Yoast SEO plugin v27.4 - https:\/\/yoast.com\/product\/yoast-seo-wordpress\/ -->\n<title>Ortopeed Hillar Luga<\/title>\n<meta name=\"description\" content=\"Kogenud ortopeed ja traumatoloog. Olen spetsialiseerunud \u00f5la- ja p\u00f5lve artroskoopilisele kirurgiale. Oled oodatud minu vastuv\u00f5tule.\" \/>\n<meta name=\"robots\" content=\"index, follow, max-snippet:-1, max-image-preview:large, max-video-preview:-1\" \/>\n<link rel=\"canonical\" href=\"https:\/\/healkliinik.ee\/en\/hillar-luga\/\" \/>\n<meta property=\"og:locale\" content=\"en_US\" \/>\n<meta property=\"og:type\" content=\"article\" \/>\n<meta property=\"og:title\" content=\"Ortopeed Hillar Luga\" \/>\n<meta property=\"og:description\" content=\"Kogenud ortopeed ja traumatoloog. Olen spetsialiseerunud \u00f5la- ja p\u00f5lve artroskoopilisele kirurgiale. Oled oodatud minu vastuv\u00f5tule.\" \/>\n<meta property=\"og:url\" content=\"https:\/\/healkliinik.ee\/en\/hillar-luga\/\" \/>\n<meta property=\"og:site_name\" content=\"Heal Kliinik\" \/>\n<meta property=\"article:modified_time\" content=\"2025-02-10T09:26:24+00:00\" \/>\n<meta property=\"og:image\" content=\"https:\/\/healkliinik.ee\/wp-content\/uploads\/elementor\/thumbs\/HillarLuga-qx8n8rwnw7x9k406mwjf9wg8hi37pfmklucx81wuwu.jpg\" \/>\n<meta name=\"twitter:card\" content=\"summary_large_image\" \/>\n<meta name=\"twitter:label1\" content=\"Est. reading time\" \/>\n\t<meta name=\"twitter:data1\" content=\"2 minutes\" \/>\n<script type=\"application\/ld+json\" class=\"yoast-schema-graph\">{\"@context\":\"https:\\\/\\\/schema.org\",\"@graph\":[{\"@type\":\"WebPage\",\"@id\":\"https:\\\/\\\/healkliinik.ee\\\/hillar-luga\\\/\",\"url\":\"https:\\\/\\\/healkliinik.ee\\\/hillar-luga\\\/\",\"name\":\"Ortopeed Hillar Luga\",\"isPartOf\":{\"@id\":\"https:\\\/\\\/healkliinik.ee\\\/#website\"},\"primaryImageOfPage\":{\"@id\":\"https:\\\/\\\/healkliinik.ee\\\/hillar-luga\\\/#primaryimage\"},\"image\":{\"@id\":\"https:\\\/\\\/healkliinik.ee\\\/hillar-luga\\\/#primaryimage\"},\"thumbnailUrl\":\"https:\\\/\\\/healkliinik.ee\\\/wp-content\\\/uploads\\\/elementor\\\/thumbs\\\/HillarLuga-qx8n8rwnw7x9k406mwjf9wg8hi37pfmklucx81wuwu.jpg\",\"datePublished\":\"2024-11-14T15:37:00+00:00\",\"dateModified\":\"2025-02-10T09:26:24+00:00\",\"description\":\"Kogenud ortopeed ja traumatoloog. Olen spetsialiseerunud \u00f5la- ja p\u00f5lve artroskoopilisele kirurgiale. Oled oodatud minu vastuv\u00f5tule.\",\"breadcrumb\":{\"@id\":\"https:\\\/\\\/healkliinik.ee\\\/hillar-luga\\\/#breadcrumb\"},\"inLanguage\":\"en-US\",\"potentialAction\":[{\"@type\":\"ReadAction\",\"target\":[\"https:\\\/\\\/healkliinik.ee\\\/hillar-luga\\\/\"]}]},{\"@type\":\"ImageObject\",\"inLanguage\":\"en-US\",\"@id\":\"https:\\\/\\\/healkliinik.ee\\\/hillar-luga\\\/#primaryimage\",\"url\":\"https:\\\/\\\/healkliinik.ee\\\/wp-content\\\/uploads\\\/elementor\\\/thumbs\\\/HillarLuga-qx8n8rwnw7x9k406mwjf9wg8hi37pfmklucx81wuwu.jpg\",\"contentUrl\":\"https:\\\/\\\/healkliinik.ee\\\/wp-content\\\/uploads\\\/elementor\\\/thumbs\\\/HillarLuga-qx8n8rwnw7x9k406mwjf9wg8hi37pfmklucx81wuwu.jpg\"},{\"@type\":\"BreadcrumbList\",\"@id\":\"https:\\\/\\\/healkliinik.ee\\\/hillar-luga\\\/#breadcrumb\",\"itemListElement\":[{\"@type\":\"ListItem\",\"position\":1,\"name\":\"Home\",\"item\":\"https:\\\/\\\/healkliinik.ee\\\/\"},{\"@type\":\"ListItem\",\"position\":2,\"name\":\"Hillar Luga\"}]},{\"@type\":\"WebSite\",\"@id\":\"https:\\\/\\\/healkliinik.ee\\\/#website\",\"url\":\"https:\\\/\\\/healkliinik.ee\\\/\",\"name\":\"Heal Kliinik\",\"description\":\"Eesti esimene traumatoloogiale ja ortopeediale keskendunud kliinik\",\"publisher\":{\"@id\":\"https:\\\/\\\/healkliinik.ee\\\/#organization\"},\"potentialAction\":[{\"@type\":\"SearchAction\",\"target\":{\"@type\":\"EntryPoint\",\"urlTemplate\":\"https:\\\/\\\/healkliinik.ee\\\/?s={search_term_string}\"},\"query-input\":{\"@type\":\"PropertyValueSpecification\",\"valueRequired\":true,\"valueName\":\"search_term_string\"}}],\"inLanguage\":\"en-US\"},{\"@type\":\"Organization\",\"@id\":\"https:\\\/\\\/healkliinik.ee\\\/#organization\",\"name\":\"Heal Kliinik\",\"url\":\"https:\\\/\\\/healkliinik.ee\\\/\",\"logo\":{\"@type\":\"ImageObject\",\"inLanguage\":\"en-US\",\"@id\":\"https:\\\/\\\/healkliinik.ee\\\/#\\\/schema\\\/logo\\\/image\\\/\",\"url\":\"https:\\\/\\\/healkliinik.ee\\\/wp-content\\\/uploads\\\/2024\\\/10\\\/Heal-TraumaKliinik_Valge.png\",\"contentUrl\":\"https:\\\/\\\/healkliinik.ee\\\/wp-content\\\/uploads\\\/2024\\\/10\\\/Heal-TraumaKliinik_Valge.png\",\"width\":1917,\"height\":1463,\"caption\":\"Heal Kliinik\"},\"image\":{\"@id\":\"https:\\\/\\\/healkliinik.ee\\\/#\\\/schema\\\/logo\\\/image\\\/\"}}]}<\/script>\n<!-- \/ Yoast SEO plugin. -->","yoast_head_json":{"title":"Ortopeed Hillar Luga","description":"Kogenud ortopeed ja traumatoloog. Olen spetsialiseerunud \u00f5la- ja p\u00f5lve artroskoopilisele kirurgiale. Oled oodatud minu vastuv\u00f5tule.","robots":{"index":"index","follow":"follow","max-snippet":"max-snippet:-1","max-image-preview":"max-image-preview:large","max-video-preview":"max-video-preview:-1"},"canonical":"https:\/\/healkliinik.ee\/en\/hillar-luga\/","og_locale":"en_US","og_type":"article","og_title":"Ortopeed Hillar Luga","og_description":"Kogenud ortopeed ja traumatoloog. Olen spetsialiseerunud \u00f5la- ja p\u00f5lve artroskoopilisele kirurgiale. Oled oodatud minu vastuv\u00f5tule.","og_url":"https:\/\/healkliinik.ee\/en\/hillar-luga\/","og_site_name":"Heal Kliinik","article_modified_time":"2025-02-10T09:26:24+00:00","og_image":[{"url":"https:\/\/healkliinik.ee\/wp-content\/uploads\/elementor\/thumbs\/HillarLuga-qx8n8rwnw7x9k406mwjf9wg8hi37pfmklucx81wuwu.jpg","type":"","width":"","height":""}],"twitter_card":"summary_large_image","twitter_misc":{"Est. reading time":"2 minutes"},"schema":{"@context":"https:\/\/schema.org","@graph":[{"@type":"WebPage","@id":"https:\/\/healkliinik.ee\/hillar-luga\/","url":"https:\/\/healkliinik.ee\/hillar-luga\/","name":"Ortopeed Hillar Luga","isPartOf":{"@id":"https:\/\/healkliinik.ee\/#website"},"primaryImageOfPage":{"@id":"https:\/\/healkliinik.ee\/hillar-luga\/#primaryimage"},"image":{"@id":"https:\/\/healkliinik.ee\/hillar-luga\/#primaryimage"},"thumbnailUrl":"https:\/\/healkliinik.ee\/wp-content\/uploads\/elementor\/thumbs\/HillarLuga-qx8n8rwnw7x9k406mwjf9wg8hi37pfmklucx81wuwu.jpg","datePublished":"2024-11-14T15:37:00+00:00","dateModified":"2025-02-10T09:26:24+00:00","description":"Kogenud ortopeed ja traumatoloog. Olen spetsialiseerunud \u00f5la- ja p\u00f5lve artroskoopilisele kirurgiale. Oled oodatud minu vastuv\u00f5tule.","breadcrumb":{"@id":"https:\/\/healkliinik.ee\/hillar-luga\/#breadcrumb"},"inLanguage":"en-US","potentialAction":[{"@type":"ReadAction","target":["https:\/\/healkliinik.ee\/hillar-luga\/"]}]},{"@type":"ImageObject","inLanguage":"en-US","@id":"https:\/\/healkliinik.ee\/hillar-luga\/#primaryimage","url":"https:\/\/healkliinik.ee\/wp-content\/uploads\/elementor\/thumbs\/HillarLuga-qx8n8rwnw7x9k406mwjf9wg8hi37pfmklucx81wuwu.jpg","contentUrl":"https:\/\/healkliinik.ee\/wp-content\/uploads\/elementor\/thumbs\/HillarLuga-qx8n8rwnw7x9k406mwjf9wg8hi37pfmklucx81wuwu.jpg"},{"@type":"BreadcrumbList","@id":"https:\/\/healkliinik.ee\/hillar-luga\/#breadcrumb","itemListElement":[{"@type":"ListItem","position":1,"name":"Home","item":"https:\/\/healkliinik.ee\/"},{"@type":"ListItem","position":2,"name":"Hillar Luga"}]},{"@type":"WebSite","@id":"https:\/\/healkliinik.ee\/#website","url":"https:\/\/healkliinik.ee\/","name":"Heal Kliinik","description":"Eesti esimene traumatoloogiale ja ortopeediale keskendunud kliinik","publisher":{"@id":"https:\/\/healkliinik.ee\/#organization"},"potentialAction":[{"@type":"SearchAction","target":{"@type":"EntryPoint","urlTemplate":"https:\/\/healkliinik.ee\/?s={search_term_string}"},"query-input":{"@type":"PropertyValueSpecification","valueRequired":true,"valueName":"search_term_string"}}],"inLanguage":"en-US"},{"@type":"Organization","@id":"https:\/\/healkliinik.ee\/#organization","name":"Heal Kliinik","url":"https:\/\/healkliinik.ee\/","logo":{"@type":"ImageObject","inLanguage":"en-US","@id":"https:\/\/healkliinik.ee\/#\/schema\/logo\/image\/","url":"https:\/\/healkliinik.ee\/wp-content\/uploads\/2024\/10\/Heal-TraumaKliinik_Valge.png","contentUrl":"https:\/\/healkliinik.ee\/wp-content\/uploads\/2024\/10\/Heal-TraumaKliinik_Valge.png","width":1917,"height":1463,"caption":"Heal Kliinik"},"image":{"@id":"https:\/\/healkliinik.ee\/#\/schema\/logo\/image\/"}}]}},"_links":{"self":[{"href":"https:\/\/healkliinik.ee\/en\/wp-json\/wp\/v2\/pages\/482","targetHints":{"allow":["GET"]}}],"collection":[{"href":"https:\/\/healkliinik.ee\/en\/wp-json\/wp\/v2\/pages"}],"about":[{"href":"https:\/\/healkliinik.ee\/en\/wp-json\/wp\/v2\/types\/page"}],"author":[{"embeddable":true,"href":"https:\/\/healkliinik.ee\/en\/wp-json\/wp\/v2\/users\/1"}],"replies":[{"embeddable":true,"href":"https:\/\/healkliinik.ee\/en\/wp-json\/wp\/v2\/comments?post=482"}],"version-history":[{"count":5,"href":"https:\/\/healkliinik.ee\/en\/wp-json\/wp\/v2\/pages\/482\/revisions"}],"predecessor-version":[{"id":2197,"href":"https:\/\/healkliinik.ee\/en\/wp-json\/wp\/v2\/pages\/482\/revisions\/2197"}],"wp:attachment":[{"href":"https:\/\/healkliinik.ee\/en\/wp-json\/wp\/v2\/media?parent=482"}],"curies":[{"name":"wp","href":"https:\/\/api.w.org\/{rel}","templated":true}]}}