{"id":755,"date":"2024-11-19T15:55:28","date_gmt":"2024-11-19T15:55:28","guid":{"rendered":"https:\/\/healkliinik.ee\/?page_id=755"},"modified":"2025-02-10T09:24:47","modified_gmt":"2025-02-10T09:24:47","slug":"kaarel-kilk","status":"publish","type":"page","link":"https:\/\/healkliinik.ee\/en\/kaarel-kilk\/","title":{"rendered":"Kaarel Kilk"},"content":{"rendered":"<div data-elementor-type=\"wp-page\" data-elementor-id=\"755\" class=\"elementor elementor-755\" data-elementor-post-type=\"page\">\n\t\t\t\t<div class=\"elementor-element elementor-element-2e824f9 e-con-full e-flex e-con e-parent\" data-id=\"2e824f9\" data-element_type=\"container\" data-e-type=\"container\" data-settings=\"{&quot;background_background&quot;:&quot;classic&quot;}\">\n\t\t<div class=\"elementor-element elementor-element-71f971b e-flex e-con-boxed e-con e-child\" data-id=\"71f971b\" data-element_type=\"container\" data-e-type=\"container\">\n\t\t\t\t\t<div class=\"e-con-inner\">\n\t\t\t\t<div class=\"elementor-element elementor-element-71b6725 elementor-widget elementor-widget-heading\" data-id=\"71b6725\" data-element_type=\"widget\" data-e-type=\"widget\" data-widget_type=\"heading.default\">\n\t\t\t\t<div class=\"elementor-widget-container\">\n\t\t\t\t\t<h2 class=\"elementor-heading-title elementor-size-default\">Kaarel Kilk<\/h2>\t\t\t\t<\/div>\n\t\t\t\t<\/div>\n\t\t\t\t<div class=\"elementor-element elementor-element-7b3688f elementor-widget elementor-widget-button\" data-id=\"7b3688f\" data-element_type=\"widget\" data-e-type=\"widget\" data-widget_type=\"button.default\">\n\t\t\t\t<div class=\"elementor-widget-container\">\n\t\t\t\t\t\t\t\t\t<div class=\"elementor-button-wrapper\">\n\t\t\t\t\t<a class=\"elementor-button elementor-button-link elementor-size-sm elementor-animation-grow\" href=\"https:\/\/healkliinik.ee\/en\/broneerimine\/\">\n\t\t\t\t\t\t<span class=\"elementor-button-content-wrapper\">\n\t\t\t\t\t\t<span class=\"elementor-button-icon\">\n\t\t\t\t<svg aria-hidden=\"true\" class=\"e-font-icon-svg e-fas-arrow-right\" viewbox=\"0 0 448 512\" xmlns=\"http:\/\/www.w3.org\/2000\/svg\"><path d=\"M190.5 66.9l22.2-22.2c9.4-9.4 24.6-9.4 33.9 0L441 239c9.4 9.4 9.4 24.6 0 33.9L246.6 467.3c-9.4 9.4-24.6 9.4-33.9 0l-22.2-22.2c-9.5-9.5-9.3-25 .4-34.3L311.4 296H24c-13.3 0-24-10.7-24-24v-32c0-13.3 10.7-24 24-24h287.4L190.9 101.2c-9.8-9.3-10-24.8-.4-34.3z\"><\/path><\/svg>\t\t\t<\/span>\n\t\t\t\t\t\t\t\t\t<span class=\"elementor-button-text\">Book an appointment<\/span>\n\t\t\t\t\t<\/span>\n\t\t\t\t\t<\/a>\n\t\t\t\t<\/div>\n\t\t\t\t\t\t\t\t<\/div>\n\t\t\t\t<\/div>\n\t\t\t\t\t<\/div>\n\t\t\t\t<\/div>\n\t\t\t\t<\/div>\n\t\t<div class=\"elementor-element elementor-element-6065104 e-flex e-con-boxed e-con e-parent\" data-id=\"6065104\" data-element_type=\"container\" data-e-type=\"container\" data-settings=\"{&quot;background_background&quot;:&quot;classic&quot;}\">\n\t\t\t\t\t<div class=\"e-con-inner\">\n\t\t\t\t<div class=\"elementor-element elementor-element-f9670ec elementor-position-top elementor-widget elementor-widget-image-box\" data-id=\"f9670ec\" data-element_type=\"widget\" data-e-type=\"widget\" data-widget_type=\"image-box.default\">\n\t\t\t\t<div class=\"elementor-widget-container\">\n\t\t\t\t\t<div class=\"elementor-image-box-wrapper\"><figure class=\"elementor-image-box-img\"><img decoding=\"async\" src=\"https:\/\/healkliinik.ee\/wp-content\/uploads\/elementor\/thumbs\/KaarelKilk-qx8n8wluue3p65tcvgkk4d9jgfg1rx58ahmcmfpw1q.jpg\" title=\"KaarelKilk\" alt=\"Dr. Kaarel Kilk\" loading=\"lazy\" \/><\/figure><div class=\"elementor-image-box-content\"><h3 class=\"elementor-image-box-title\">Kaarel Kilk<\/h3><p class=\"elementor-image-box-description\">Orthopedic Surgeon<\/p><\/div><\/div>\t\t\t\t<\/div>\n\t\t\t\t<\/div>\n\t\t\t\t<div class=\"elementor-element elementor-element-b3057a8 elementor-icon-list--layout-inline elementor-align-center elementor-list-item-link-full_width elementor-widget elementor-widget-icon-list\" data-id=\"b3057a8\" data-element_type=\"widget\" data-e-type=\"widget\" data-widget_type=\"icon-list.default\">\n\t\t\t\t<div class=\"elementor-widget-container\">\n\t\t\t\t\t\t\t<ul class=\"elementor-icon-list-items elementor-inline-items\">\n\t\t\t\t\t\t\t<li class=\"elementor-icon-list-item elementor-inline-item\">\n\t\t\t\t\t\t\t\t\t\t\t<a href=\"https:\/\/www.instagram.com\/heal_kliinik\/\">\n\n\t\t\t\t\t\t\t\t\t\t\t\t<span class=\"elementor-icon-list-icon\">\n\t\t\t\t\t\t\t<svg aria-hidden=\"true\" class=\"e-font-icon-svg e-fab-instagram\" viewbox=\"0 0 448 512\" xmlns=\"http:\/\/www.w3.org\/2000\/svg\"><path d=\"M224.1 141c-63.6 0-114.9 51.3-114.9 114.9s51.3 114.9 114.9 114.9S339 319.5 339 255.9 287.7 141 224.1 141zm0 189.6c-41.1 0-74.7-33.5-74.7-74.7s33.5-74.7 74.7-74.7 74.7 33.5 74.7 74.7-33.6 74.7-74.7 74.7zm146.4-194.3c0 14.9-12 26.8-26.8 26.8-14.9 0-26.8-12-26.8-26.8s12-26.8 26.8-26.8 26.8 12 26.8 26.8zm76.1 27.2c-1.7-35.9-9.9-67.7-36.2-93.9-26.2-26.2-58-34.4-93.9-36.2-37-2.1-147.9-2.1-184.9 0-35.8 1.7-67.6 9.9-93.9 36.1s-34.4 58-36.2 93.9c-2.1 37-2.1 147.9 0 184.9 1.7 35.9 9.9 67.7 36.2 93.9s58 34.4 93.9 36.2c37 2.1 147.9 2.1 184.9 0 35.9-1.7 67.7-9.9 93.9-36.2 26.2-26.2 34.4-58 36.2-93.9 2.1-37 2.1-147.8 0-184.8zM398.8 388c-7.8 19.6-22.9 34.7-42.6 42.6-29.5 11.7-99.5 9-132.1 9s-102.7 2.6-132.1-9c-19.6-7.8-34.7-22.9-42.6-42.6-11.7-29.5-9-99.5-9-132.1s-2.6-102.7 9-132.1c7.8-19.6 22.9-34.7 42.6-42.6 29.5-11.7 99.5-9 132.1-9s102.7-2.6 132.1 9c19.6 7.8 34.7 22.9 42.6 42.6 11.7 29.5 9 99.5 9 132.1s2.7 102.7-9 132.1z\"><\/path><\/svg>\t\t\t\t\t\t<\/span>\n\t\t\t\t\t\t\t\t\t\t<span class=\"elementor-icon-list-text\">heal_kliinik<\/span>\n\t\t\t\t\t\t\t\t\t\t\t<\/a>\n\t\t\t\t\t\t\t\t\t<\/li>\n\t\t\t\t\t\t\t\t<li class=\"elementor-icon-list-item elementor-inline-item\">\n\t\t\t\t\t\t\t\t\t\t\t<a href=\"https:\/\/www.facebook.com\/people\/Heal-Kliinik\/61569668143116\/\">\n\n\t\t\t\t\t\t\t\t\t\t\t\t<span class=\"elementor-icon-list-icon\">\n\t\t\t\t\t\t\t<svg aria-hidden=\"true\" class=\"e-font-icon-svg e-fab-facebook-square\" viewbox=\"0 0 448 512\" xmlns=\"http:\/\/www.w3.org\/2000\/svg\"><path d=\"M400 32H48A48 48 0 0 0 0 80v352a48 48 0 0 0 48 48h137.25V327.69h-63V256h63v-54.64c0-62.15 37-96.48 93.67-96.48 27.14 0 55.52 4.84 55.52 4.84v61h-31.27c-30.81 0-40.42 19.12-40.42 38.73V256h68.78l-11 71.69h-57.78V480H400a48 48 0 0 0 48-48V80a48 48 0 0 0-48-48z\"><\/path><\/svg>\t\t\t\t\t\t<\/span>\n\t\t\t\t\t\t\t\t\t\t<span class=\"elementor-icon-list-text\">HealKliinik<\/span>\n\t\t\t\t\t\t\t\t\t\t\t<\/a>\n\t\t\t\t\t\t\t\t\t<\/li>\n\t\t\t\t\t\t\t\t<li class=\"elementor-icon-list-item elementor-inline-item\">\n\t\t\t\t\t\t\t\t\t\t\t<a href=\"http:\/\/www.linkedin.com\/in\/kaarelkilk\">\n\n\t\t\t\t\t\t\t\t\t\t\t\t<span class=\"elementor-icon-list-icon\">\n\t\t\t\t\t\t\t<svg aria-hidden=\"true\" class=\"e-font-icon-svg e-fab-linkedin\" viewbox=\"0 0 448 512\" xmlns=\"http:\/\/www.w3.org\/2000\/svg\"><path d=\"M416 32H31.9C14.3 32 0 46.5 0 64.3v383.4C0 465.5 14.3 480 31.9 480H416c17.6 0 32-14.5 32-32.3V64.3c0-17.8-14.4-32.3-32-32.3zM135.4 416H69V202.2h66.5V416zm-33.2-243c-21.3 0-38.5-17.3-38.5-38.5S80.9 96 102.2 96c21.2 0 38.5 17.3 38.5 38.5 0 21.3-17.2 38.5-38.5 38.5zm282.1 243h-66.4V312c0-24.8-.5-56.7-34.5-56.7-34.6 0-39.9 27-39.9 54.9V416h-66.4V202.2h63.7v29.2h.9c8.9-16.8 30.6-34.5 62.9-34.5 67.2 0 79.7 44.3 79.7 101.9V416z\"><\/path><\/svg>\t\t\t\t\t\t<\/span>\n\t\t\t\t\t\t\t\t\t\t<span class=\"elementor-icon-list-text\">Kaarel Kilk<\/span>\n\t\t\t\t\t\t\t\t\t\t\t<\/a>\n\t\t\t\t\t\t\t\t\t<\/li>\n\t\t\t\t\t\t<\/ul>\n\t\t\t\t\t\t<\/div>\n\t\t\t\t<\/div>\n\t\t\t\t<div class=\"elementor-element elementor-element-0058e53 elementor-widget elementor-widget-text-editor\" data-id=\"0058e53\" data-element_type=\"widget\" data-e-type=\"widget\" data-widget_type=\"text-editor.default\">\n\t\t\t\t<div class=\"elementor-widget-container\">\n\t\t\t\t\t\t\t\t\t<p>Ortopeedina olen keskendunud traumade ravile, krooniliste vaevuste leevendamisele ning ka probleemide ennetamisele. Minu t\u00f6\u00f6 eesm\u00e4rk on aidata patsientidel parandada oma elukvaliteeti ja pakkuda neile parimat v\u00f5imalikku ravi. Minu kogemus meditsiinivaldkonnas on mitmek\u00fclgne &#8211; olen t\u00f6\u00f6tanud nii k\u00f5rva-nina-kurgu, sisehaiguste- ja ka neuroloogia erialal, enne kui keskendusin ortopeediale.<\/p><p>Soomes, Tampere \u00dclikoolis l\u00e4bitud p\u00f5hjalik ortopeedia ja traumatoloogia erialakoolitus on andnud mulle mitmek\u00fclgsed teadmised ja oskused ortopeedia ja traumatoloogia erialal. Olen t\u00f6\u00f6tanud Helsingi \u00dclikooli haigla \u00f5la- ja k\u00fc\u00fcnarliigesekirurgia osakonnas, kus spetsialiseerusin \u00f5la- ja k\u00fc\u00fcnarliigese operatsioonidele, sealhulgas endoproteesimisele ja \u00f5laliigese artroskoopiale. Lisaks tegelen doktorikraadi omandamisega Helsingi \u00dclikoolis, keskendudes alaj\u00e4seme luu metastaaside kirurgilisele ravile.<\/p><p>Pean v\u00e4ga oluliseks koost\u00f6\u00f6d oma kolleegidega, sest usun, et see tagab patsientidele parimad v\u00f5imalikud ravitulemused. Samuti hoian end pidevalt kursis v\u00e4rskete teadusuuringutega, et pakkuda patsientidele t\u00f5endusp\u00f5hist ja kaasaegset ravi. Kuulun mitmesse erialasesse \u00fchendusesse, sealhulgas Soome Ortopeedide \u00dchendusse (SOY), Soome \u00d5la- ja K\u00fc\u00fcnarliigese Kirurgia \u00dchendusse (SOKY) . Lisaks tunnen t\u00e4nu oma kogemusele moodsa viiev\u00f5istluse sportlasena spordimeditsiini v\u00e4ljakutseid ja m\u00f5istan h\u00e4sti sportlaste vajadusi.<\/p>\t\t\t\t\t\t\t\t<\/div>\n\t\t\t\t<\/div>\n\t\t<div class=\"elementor-element elementor-element-1ebf2dc e-con-full e-flex e-con e-child\" data-id=\"1ebf2dc\" data-element_type=\"container\" data-e-type=\"container\" data-settings=\"{&quot;background_background&quot;:&quot;classic&quot;}\">\n\t\t\t\t<div class=\"elementor-element elementor-element-edf70de elementor-widget elementor-widget-heading\" data-id=\"edf70de\" data-element_type=\"widget\" data-e-type=\"widget\" data-widget_type=\"heading.default\">\n\t\t\t\t<div class=\"elementor-widget-container\">\n\t\t\t\t\t<h2 class=\"elementor-heading-title elementor-size-default\">Spetsialiseerumised<\/h2>\t\t\t\t<\/div>\n\t\t\t\t<\/div>\n\t\t\t\t<div class=\"elementor-element elementor-element-5a40e55 elementor-widget elementor-widget-text-editor\" data-id=\"5a40e55\" data-element_type=\"widget\" data-e-type=\"widget\" data-widget_type=\"text-editor.default\">\n\t\t\t\t<div class=\"elementor-widget-container\">\n\t\t\t\t\t\t\t\t\t<ul><li>\u00d5laliigese traumad ning muud vaevused ja kirurgiline ravi<\/li><li>\u00d5laliigese ebastabiilus<\/li><li>K\u00fc\u00fcnarliigese traumad ja haigused nende kirurgiline ravi<\/li><li>K\u00fc\u00fcnarvarre ja labak\u00e4e vaevused<\/li><li>Sporditraumade ravi<\/li><li>Labajala vaevused<\/li><li>Varvaste deformatsiooni kirurgiline ravi<\/li><\/ul>\t\t\t\t\t\t\t\t<\/div>\n\t\t\t\t<\/div>\n\t\t\t\t<\/div>\n\t\t\t\t\t<\/div>\n\t\t\t\t<\/div>\n\t\t\t\t<\/div>","protected":false},"excerpt":{"rendered":"<p>Kaarel Kilk Broneeri aeg Kaarel Kilk Ortopeed heal_kliinik HealKliinik Kaarel Kilk Ortopeedina olen keskendunud traumade ravile, krooniliste vaevuste leevendamisele ning ka probleemide ennetamisele. Minu t\u00f6\u00f6 eesm\u00e4rk on aidata patsientidel parandada oma elukvaliteeti ja pakkuda neile parimat v\u00f5imalikku ravi. Minu kogemus meditsiinivaldkonnas on mitmek\u00fclgne &#8211; olen t\u00f6\u00f6tanud nii k\u00f5rva-nina-kurgu, sisehaiguste- ja ka neuroloogia erialal, enne kui [&hellip;]<\/p>\n","protected":false},"author":1,"featured_media":0,"parent":0,"menu_order":0,"comment_status":"closed","ping_status":"closed","template":"","meta":{"footnotes":""},"class_list":["post-755","page","type-page","status-publish","hentry"],"yoast_head":"<!-- This site is optimized with the Yoast SEO plugin v27.4 - https:\/\/yoast.com\/product\/yoast-seo-wordpress\/ -->\n<title>Ortopeed Kaarel Kilk.<\/title>\n<meta name=\"description\" content=\"Kogenud ortopeed ja traumatoloog. Oled oodatud minu vastuv\u00f5tule Tallinnas. Liigese vigastused ja vaevused, seljavalu, jalalaba valu ja probleemid. Broneeri aeg v\u00f5i tule kohale, ootame Sind Tervisemaja 2 Tallinn.\" \/>\n<meta name=\"robots\" content=\"index, follow, max-snippet:-1, max-image-preview:large, max-video-preview:-1\" \/>\n<link rel=\"canonical\" href=\"https:\/\/healkliinik.ee\/en\/kaarel-kilk\/\" \/>\n<meta property=\"og:locale\" content=\"en_US\" \/>\n<meta property=\"og:type\" content=\"article\" \/>\n<meta property=\"og:title\" content=\"Ortopeed Kaarel Kilk.\" \/>\n<meta property=\"og:description\" content=\"Kogenud ortopeed ja traumatoloog. Oled oodatud minu vastuv\u00f5tule Tallinnas. Liigese vigastused ja vaevused, seljavalu, jalalaba valu ja probleemid. Broneeri aeg v\u00f5i tule kohale, ootame Sind Tervisemaja 2 Tallinn.\" \/>\n<meta property=\"og:url\" content=\"https:\/\/healkliinik.ee\/en\/kaarel-kilk\/\" \/>\n<meta property=\"og:site_name\" content=\"Heal Kliinik\" \/>\n<meta property=\"article:modified_time\" content=\"2025-02-10T09:24:47+00:00\" \/>\n<meta property=\"og:image\" content=\"https:\/\/healkliinik.ee\/wp-content\/uploads\/elementor\/thumbs\/KaarelKilk-qx8n8wluue3p65tcvgkk4d9jgfg1rx58ahmcmfpw1q.jpg\" \/>\n<meta name=\"twitter:card\" content=\"summary_large_image\" \/>\n<meta name=\"twitter:label1\" content=\"Est. reading time\" \/>\n\t<meta name=\"twitter:data1\" content=\"2 minutes\" \/>\n<script type=\"application\/ld+json\" class=\"yoast-schema-graph\">{\"@context\":\"https:\\\/\\\/schema.org\",\"@graph\":[{\"@type\":\"WebPage\",\"@id\":\"https:\\\/\\\/healkliinik.ee\\\/kaarel-kilk\\\/\",\"url\":\"https:\\\/\\\/healkliinik.ee\\\/kaarel-kilk\\\/\",\"name\":\"Ortopeed Kaarel Kilk.\",\"isPartOf\":{\"@id\":\"https:\\\/\\\/healkliinik.ee\\\/#website\"},\"primaryImageOfPage\":{\"@id\":\"https:\\\/\\\/healkliinik.ee\\\/kaarel-kilk\\\/#primaryimage\"},\"image\":{\"@id\":\"https:\\\/\\\/healkliinik.ee\\\/kaarel-kilk\\\/#primaryimage\"},\"thumbnailUrl\":\"https:\\\/\\\/healkliinik.ee\\\/wp-content\\\/uploads\\\/elementor\\\/thumbs\\\/KaarelKilk-qx8n8wluue3p65tcvgkk4d9jgfg1rx58ahmcmfpw1q.jpg\",\"datePublished\":\"2024-11-19T15:55:28+00:00\",\"dateModified\":\"2025-02-10T09:24:47+00:00\",\"description\":\"Kogenud ortopeed ja traumatoloog. Oled oodatud minu vastuv\u00f5tule Tallinnas. Liigese vigastused ja vaevused, seljavalu, jalalaba valu ja probleemid. Broneeri aeg v\u00f5i tule kohale, ootame Sind Tervisemaja 2 Tallinn.\",\"breadcrumb\":{\"@id\":\"https:\\\/\\\/healkliinik.ee\\\/kaarel-kilk\\\/#breadcrumb\"},\"inLanguage\":\"en-US\",\"potentialAction\":[{\"@type\":\"ReadAction\",\"target\":[\"https:\\\/\\\/healkliinik.ee\\\/kaarel-kilk\\\/\"]}]},{\"@type\":\"ImageObject\",\"inLanguage\":\"en-US\",\"@id\":\"https:\\\/\\\/healkliinik.ee\\\/kaarel-kilk\\\/#primaryimage\",\"url\":\"https:\\\/\\\/healkliinik.ee\\\/wp-content\\\/uploads\\\/elementor\\\/thumbs\\\/KaarelKilk-qx8n8wluue3p65tcvgkk4d9jgfg1rx58ahmcmfpw1q.jpg\",\"contentUrl\":\"https:\\\/\\\/healkliinik.ee\\\/wp-content\\\/uploads\\\/elementor\\\/thumbs\\\/KaarelKilk-qx8n8wluue3p65tcvgkk4d9jgfg1rx58ahmcmfpw1q.jpg\"},{\"@type\":\"BreadcrumbList\",\"@id\":\"https:\\\/\\\/healkliinik.ee\\\/kaarel-kilk\\\/#breadcrumb\",\"itemListElement\":[{\"@type\":\"ListItem\",\"position\":1,\"name\":\"Home\",\"item\":\"https:\\\/\\\/healkliinik.ee\\\/\"},{\"@type\":\"ListItem\",\"position\":2,\"name\":\"Kaarel Kilk\"}]},{\"@type\":\"WebSite\",\"@id\":\"https:\\\/\\\/healkliinik.ee\\\/#website\",\"url\":\"https:\\\/\\\/healkliinik.ee\\\/\",\"name\":\"Heal Kliinik\",\"description\":\"Eesti esimene traumatoloogiale ja ortopeediale keskendunud kliinik\",\"publisher\":{\"@id\":\"https:\\\/\\\/healkliinik.ee\\\/#organization\"},\"potentialAction\":[{\"@type\":\"SearchAction\",\"target\":{\"@type\":\"EntryPoint\",\"urlTemplate\":\"https:\\\/\\\/healkliinik.ee\\\/?s={search_term_string}\"},\"query-input\":{\"@type\":\"PropertyValueSpecification\",\"valueRequired\":true,\"valueName\":\"search_term_string\"}}],\"inLanguage\":\"en-US\"},{\"@type\":\"Organization\",\"@id\":\"https:\\\/\\\/healkliinik.ee\\\/#organization\",\"name\":\"Heal Kliinik\",\"url\":\"https:\\\/\\\/healkliinik.ee\\\/\",\"logo\":{\"@type\":\"ImageObject\",\"inLanguage\":\"en-US\",\"@id\":\"https:\\\/\\\/healkliinik.ee\\\/#\\\/schema\\\/logo\\\/image\\\/\",\"url\":\"https:\\\/\\\/healkliinik.ee\\\/wp-content\\\/uploads\\\/2024\\\/10\\\/Heal-TraumaKliinik_Valge.png\",\"contentUrl\":\"https:\\\/\\\/healkliinik.ee\\\/wp-content\\\/uploads\\\/2024\\\/10\\\/Heal-TraumaKliinik_Valge.png\",\"width\":1917,\"height\":1463,\"caption\":\"Heal Kliinik\"},\"image\":{\"@id\":\"https:\\\/\\\/healkliinik.ee\\\/#\\\/schema\\\/logo\\\/image\\\/\"}}]}<\/script>\n<!-- \/ Yoast SEO plugin. -->","yoast_head_json":{"title":"Ortopeed Kaarel Kilk.","description":"Kogenud ortopeed ja traumatoloog. Oled oodatud minu vastuv\u00f5tule Tallinnas. Liigese vigastused ja vaevused, seljavalu, jalalaba valu ja probleemid. Broneeri aeg v\u00f5i tule kohale, ootame Sind Tervisemaja 2 Tallinn.","robots":{"index":"index","follow":"follow","max-snippet":"max-snippet:-1","max-image-preview":"max-image-preview:large","max-video-preview":"max-video-preview:-1"},"canonical":"https:\/\/healkliinik.ee\/en\/kaarel-kilk\/","og_locale":"en_US","og_type":"article","og_title":"Ortopeed Kaarel Kilk.","og_description":"Kogenud ortopeed ja traumatoloog. Oled oodatud minu vastuv\u00f5tule Tallinnas. Liigese vigastused ja vaevused, seljavalu, jalalaba valu ja probleemid. Broneeri aeg v\u00f5i tule kohale, ootame Sind Tervisemaja 2 Tallinn.","og_url":"https:\/\/healkliinik.ee\/en\/kaarel-kilk\/","og_site_name":"Heal Kliinik","article_modified_time":"2025-02-10T09:24:47+00:00","og_image":[{"url":"https:\/\/healkliinik.ee\/wp-content\/uploads\/elementor\/thumbs\/KaarelKilk-qx8n8wluue3p65tcvgkk4d9jgfg1rx58ahmcmfpw1q.jpg","type":"","width":"","height":""}],"twitter_card":"summary_large_image","twitter_misc":{"Est. reading time":"2 minutes"},"schema":{"@context":"https:\/\/schema.org","@graph":[{"@type":"WebPage","@id":"https:\/\/healkliinik.ee\/kaarel-kilk\/","url":"https:\/\/healkliinik.ee\/kaarel-kilk\/","name":"Ortopeed Kaarel Kilk.","isPartOf":{"@id":"https:\/\/healkliinik.ee\/#website"},"primaryImageOfPage":{"@id":"https:\/\/healkliinik.ee\/kaarel-kilk\/#primaryimage"},"image":{"@id":"https:\/\/healkliinik.ee\/kaarel-kilk\/#primaryimage"},"thumbnailUrl":"https:\/\/healkliinik.ee\/wp-content\/uploads\/elementor\/thumbs\/KaarelKilk-qx8n8wluue3p65tcvgkk4d9jgfg1rx58ahmcmfpw1q.jpg","datePublished":"2024-11-19T15:55:28+00:00","dateModified":"2025-02-10T09:24:47+00:00","description":"Kogenud ortopeed ja traumatoloog. Oled oodatud minu vastuv\u00f5tule Tallinnas. Liigese vigastused ja vaevused, seljavalu, jalalaba valu ja probleemid. Broneeri aeg v\u00f5i tule kohale, ootame Sind Tervisemaja 2 Tallinn.","breadcrumb":{"@id":"https:\/\/healkliinik.ee\/kaarel-kilk\/#breadcrumb"},"inLanguage":"en-US","potentialAction":[{"@type":"ReadAction","target":["https:\/\/healkliinik.ee\/kaarel-kilk\/"]}]},{"@type":"ImageObject","inLanguage":"en-US","@id":"https:\/\/healkliinik.ee\/kaarel-kilk\/#primaryimage","url":"https:\/\/healkliinik.ee\/wp-content\/uploads\/elementor\/thumbs\/KaarelKilk-qx8n8wluue3p65tcvgkk4d9jgfg1rx58ahmcmfpw1q.jpg","contentUrl":"https:\/\/healkliinik.ee\/wp-content\/uploads\/elementor\/thumbs\/KaarelKilk-qx8n8wluue3p65tcvgkk4d9jgfg1rx58ahmcmfpw1q.jpg"},{"@type":"BreadcrumbList","@id":"https:\/\/healkliinik.ee\/kaarel-kilk\/#breadcrumb","itemListElement":[{"@type":"ListItem","position":1,"name":"Home","item":"https:\/\/healkliinik.ee\/"},{"@type":"ListItem","position":2,"name":"Kaarel Kilk"}]},{"@type":"WebSite","@id":"https:\/\/healkliinik.ee\/#website","url":"https:\/\/healkliinik.ee\/","name":"Heal Kliinik","description":"Eesti esimene traumatoloogiale ja ortopeediale keskendunud kliinik","publisher":{"@id":"https:\/\/healkliinik.ee\/#organization"},"potentialAction":[{"@type":"SearchAction","target":{"@type":"EntryPoint","urlTemplate":"https:\/\/healkliinik.ee\/?s={search_term_string}"},"query-input":{"@type":"PropertyValueSpecification","valueRequired":true,"valueName":"search_term_string"}}],"inLanguage":"en-US"},{"@type":"Organization","@id":"https:\/\/healkliinik.ee\/#organization","name":"Heal Kliinik","url":"https:\/\/healkliinik.ee\/","logo":{"@type":"ImageObject","inLanguage":"en-US","@id":"https:\/\/healkliinik.ee\/#\/schema\/logo\/image\/","url":"https:\/\/healkliinik.ee\/wp-content\/uploads\/2024\/10\/Heal-TraumaKliinik_Valge.png","contentUrl":"https:\/\/healkliinik.ee\/wp-content\/uploads\/2024\/10\/Heal-TraumaKliinik_Valge.png","width":1917,"height":1463,"caption":"Heal Kliinik"},"image":{"@id":"https:\/\/healkliinik.ee\/#\/schema\/logo\/image\/"}}]}},"_links":{"self":[{"href":"https:\/\/healkliinik.ee\/en\/wp-json\/wp\/v2\/pages\/755","targetHints":{"allow":["GET"]}}],"collection":[{"href":"https:\/\/healkliinik.ee\/en\/wp-json\/wp\/v2\/pages"}],"about":[{"href":"https:\/\/healkliinik.ee\/en\/wp-json\/wp\/v2\/types\/page"}],"author":[{"embeddable":true,"href":"https:\/\/healkliinik.ee\/en\/wp-json\/wp\/v2\/users\/1"}],"replies":[{"embeddable":true,"href":"https:\/\/healkliinik.ee\/en\/wp-json\/wp\/v2\/comments?post=755"}],"version-history":[{"count":5,"href":"https:\/\/healkliinik.ee\/en\/wp-json\/wp\/v2\/pages\/755\/revisions"}],"predecessor-version":[{"id":2191,"href":"https:\/\/healkliinik.ee\/en\/wp-json\/wp\/v2\/pages\/755\/revisions\/2191"}],"wp:attachment":[{"href":"https:\/\/healkliinik.ee\/en\/wp-json\/wp\/v2\/media?parent=755"}],"curies":[{"name":"wp","href":"https:\/\/api.w.org\/{rel}","templated":true}]}}