{"id":771,"date":"2024-11-19T16:00:54","date_gmt":"2024-11-19T16:00:54","guid":{"rendered":"https:\/\/healkliinik.ee\/?page_id=771"},"modified":"2025-02-10T09:28:06","modified_gmt":"2025-02-10T09:28:06","slug":"margit-karelson","status":"publish","type":"page","link":"https:\/\/healkliinik.ee\/en\/margit-karelson\/","title":{"rendered":"Margit Karelson"},"content":{"rendered":"<div data-elementor-type=\"wp-page\" data-elementor-id=\"771\" class=\"elementor elementor-771\" data-elementor-post-type=\"page\">\n\t\t\t\t<div class=\"elementor-element elementor-element-12fbee7 e-con-full e-flex e-con e-parent\" data-id=\"12fbee7\" data-element_type=\"container\" data-e-type=\"container\" data-settings=\"{&quot;background_background&quot;:&quot;classic&quot;}\">\n\t\t<div class=\"elementor-element elementor-element-863826b e-flex e-con-boxed e-con e-child\" data-id=\"863826b\" data-element_type=\"container\" data-e-type=\"container\">\n\t\t\t\t\t<div class=\"e-con-inner\">\n\t\t\t\t<div class=\"elementor-element elementor-element-b9f39a5 elementor-widget elementor-widget-heading\" data-id=\"b9f39a5\" data-element_type=\"widget\" data-e-type=\"widget\" data-widget_type=\"heading.default\">\n\t\t\t\t<div class=\"elementor-widget-container\">\n\t\t\t\t\t<h2 class=\"elementor-heading-title elementor-size-default\">Margit Karelson<\/h2>\t\t\t\t<\/div>\n\t\t\t\t<\/div>\n\t\t\t\t<div class=\"elementor-element elementor-element-5c122cc elementor-widget elementor-widget-button\" data-id=\"5c122cc\" data-element_type=\"widget\" data-e-type=\"widget\" data-widget_type=\"button.default\">\n\t\t\t\t<div class=\"elementor-widget-container\">\n\t\t\t\t\t\t\t\t\t<div class=\"elementor-button-wrapper\">\n\t\t\t\t\t<a class=\"elementor-button elementor-button-link elementor-size-sm elementor-animation-grow\" href=\"https:\/\/healkliinik.ee\/en\/broneerimine\/\">\n\t\t\t\t\t\t<span class=\"elementor-button-content-wrapper\">\n\t\t\t\t\t\t<span class=\"elementor-button-icon\">\n\t\t\t\t<svg aria-hidden=\"true\" class=\"e-font-icon-svg e-fas-arrow-right\" viewbox=\"0 0 448 512\" xmlns=\"http:\/\/www.w3.org\/2000\/svg\"><path d=\"M190.5 66.9l22.2-22.2c9.4-9.4 24.6-9.4 33.9 0L441 239c9.4 9.4 9.4 24.6 0 33.9L246.6 467.3c-9.4 9.4-24.6 9.4-33.9 0l-22.2-22.2c-9.5-9.5-9.3-25 .4-34.3L311.4 296H24c-13.3 0-24-10.7-24-24v-32c0-13.3 10.7-24 24-24h287.4L190.9 101.2c-9.8-9.3-10-24.8-.4-34.3z\"><\/path><\/svg>\t\t\t<\/span>\n\t\t\t\t\t\t\t\t\t<span class=\"elementor-button-text\">Book an appointment<\/span>\n\t\t\t\t\t<\/span>\n\t\t\t\t\t<\/a>\n\t\t\t\t<\/div>\n\t\t\t\t\t\t\t\t<\/div>\n\t\t\t\t<\/div>\n\t\t\t\t\t<\/div>\n\t\t\t\t<\/div>\n\t\t\t\t<\/div>\n\t\t<div class=\"elementor-element elementor-element-c812cc7 e-flex e-con-boxed e-con e-parent\" data-id=\"c812cc7\" data-element_type=\"container\" data-e-type=\"container\" data-settings=\"{&quot;background_background&quot;:&quot;classic&quot;}\">\n\t\t\t\t\t<div class=\"e-con-inner\">\n\t\t\t\t<div class=\"elementor-element elementor-element-3a16df9 elementor-position-top elementor-widget elementor-widget-image-box\" data-id=\"3a16df9\" data-element_type=\"widget\" data-e-type=\"widget\" data-widget_type=\"image-box.default\">\n\t\t\t\t<div class=\"elementor-widget-container\">\n\t\t\t\t\t<div class=\"elementor-image-box-wrapper\"><figure class=\"elementor-image-box-img\"><img decoding=\"async\" src=\"https:\/\/healkliinik.ee\/wp-content\/uploads\/elementor\/thumbs\/DSC07831-scaled-qxw1wenu034867t1unbgtt66o1mbknzepa4v1eyvem.jpg\" title=\"K\u00e4ekirurg Margit Karelson\" alt=\"K\u00e4ekirurg Margit Karelson\" loading=\"lazy\" \/><\/figure><div class=\"elementor-image-box-content\"><h3 class=\"elementor-image-box-title\">Margit Karelson<\/h3><p class=\"elementor-image-box-description\">Hand Surgeon<\/p><\/div><\/div>\t\t\t\t<\/div>\n\t\t\t\t<\/div>\n\t\t\t\t<div class=\"elementor-element elementor-element-2be132e elementor-icon-list--layout-inline elementor-align-center elementor-list-item-link-full_width elementor-widget elementor-widget-icon-list\" data-id=\"2be132e\" data-element_type=\"widget\" data-e-type=\"widget\" data-widget_type=\"icon-list.default\">\n\t\t\t\t<div class=\"elementor-widget-container\">\n\t\t\t\t\t\t\t<ul class=\"elementor-icon-list-items elementor-inline-items\">\n\t\t\t\t\t\t\t<li class=\"elementor-icon-list-item elementor-inline-item\">\n\t\t\t\t\t\t\t\t\t\t\t<a href=\"https:\/\/www.instagram.com\/heal_kliinik\/\">\n\n\t\t\t\t\t\t\t\t\t\t\t\t<span class=\"elementor-icon-list-icon\">\n\t\t\t\t\t\t\t<svg aria-hidden=\"true\" class=\"e-font-icon-svg e-fab-instagram\" viewbox=\"0 0 448 512\" xmlns=\"http:\/\/www.w3.org\/2000\/svg\"><path d=\"M224.1 141c-63.6 0-114.9 51.3-114.9 114.9s51.3 114.9 114.9 114.9S339 319.5 339 255.9 287.7 141 224.1 141zm0 189.6c-41.1 0-74.7-33.5-74.7-74.7s33.5-74.7 74.7-74.7 74.7 33.5 74.7 74.7-33.6 74.7-74.7 74.7zm146.4-194.3c0 14.9-12 26.8-26.8 26.8-14.9 0-26.8-12-26.8-26.8s12-26.8 26.8-26.8 26.8 12 26.8 26.8zm76.1 27.2c-1.7-35.9-9.9-67.7-36.2-93.9-26.2-26.2-58-34.4-93.9-36.2-37-2.1-147.9-2.1-184.9 0-35.8 1.7-67.6 9.9-93.9 36.1s-34.4 58-36.2 93.9c-2.1 37-2.1 147.9 0 184.9 1.7 35.9 9.9 67.7 36.2 93.9s58 34.4 93.9 36.2c37 2.1 147.9 2.1 184.9 0 35.9-1.7 67.7-9.9 93.9-36.2 26.2-26.2 34.4-58 36.2-93.9 2.1-37 2.1-147.8 0-184.8zM398.8 388c-7.8 19.6-22.9 34.7-42.6 42.6-29.5 11.7-99.5 9-132.1 9s-102.7 2.6-132.1-9c-19.6-7.8-34.7-22.9-42.6-42.6-11.7-29.5-9-99.5-9-132.1s-2.6-102.7 9-132.1c7.8-19.6 22.9-34.7 42.6-42.6 29.5-11.7 99.5-9 132.1-9s102.7-2.6 132.1 9c19.6 7.8 34.7 22.9 42.6 42.6 11.7 29.5 9 99.5 9 132.1s2.7 102.7-9 132.1z\"><\/path><\/svg>\t\t\t\t\t\t<\/span>\n\t\t\t\t\t\t\t\t\t\t<span class=\"elementor-icon-list-text\">heal_kliinik<\/span>\n\t\t\t\t\t\t\t\t\t\t\t<\/a>\n\t\t\t\t\t\t\t\t\t<\/li>\n\t\t\t\t\t\t\t\t<li class=\"elementor-icon-list-item elementor-inline-item\">\n\t\t\t\t\t\t\t\t\t\t\t<a href=\"https:\/\/www.facebook.com\/people\/Heal-Kliinik\/61569668143116\/\">\n\n\t\t\t\t\t\t\t\t\t\t\t\t<span class=\"elementor-icon-list-icon\">\n\t\t\t\t\t\t\t<svg aria-hidden=\"true\" class=\"e-font-icon-svg e-fab-facebook-square\" viewbox=\"0 0 448 512\" xmlns=\"http:\/\/www.w3.org\/2000\/svg\"><path d=\"M400 32H48A48 48 0 0 0 0 80v352a48 48 0 0 0 48 48h137.25V327.69h-63V256h63v-54.64c0-62.15 37-96.48 93.67-96.48 27.14 0 55.52 4.84 55.52 4.84v61h-31.27c-30.81 0-40.42 19.12-40.42 38.73V256h68.78l-11 71.69h-57.78V480H400a48 48 0 0 0 48-48V80a48 48 0 0 0-48-48z\"><\/path><\/svg>\t\t\t\t\t\t<\/span>\n\t\t\t\t\t\t\t\t\t\t<span class=\"elementor-icon-list-text\">HealKliinik<\/span>\n\t\t\t\t\t\t\t\t\t\t\t<\/a>\n\t\t\t\t\t\t\t\t\t<\/li>\n\t\t\t\t\t\t<\/ul>\n\t\t\t\t\t\t<\/div>\n\t\t\t\t<\/div>\n\t\t\t\t<div class=\"elementor-element elementor-element-91cbdcc elementor-widget elementor-widget-text-editor\" data-id=\"91cbdcc\" data-element_type=\"widget\" data-e-type=\"widget\" data-widget_type=\"text-editor.default\">\n\t\t\t\t<div class=\"elementor-widget-container\">\n\t\t\t\t\t\t\t\t\t<p>Olen l\u00f5petanud arstiteaduskonna Taru \u00dclikoolis aastal 2000. K\u00e4ekirurgi eriarsti kutse olen omandanud Soomes, Tampere \u00dclikoolis. Alates 2009 aastast olen t\u00f6\u00f6tanud Tampere \u00dclikooli Haigla k\u00e4e- ja mikrokirurgia osakonnas k\u00e4ekirurgina. Aastatel 2012-2015 olin Tampere \u00dclikoolis kirugia kliiniline \u00f5petaja. Tegelen ka n\u00fc\u00fcd koolitamise ja koolituste korraldamisega &#8211; viimastel aastatel olen korraldanud rahvusvahelisi randme- ja k\u00fc\u00fcnarliigese artroskoopia kursuseid. Oman laia kogemust k\u00e4e, randme ja k\u00fc\u00fcnarliigese traumade ja ka kulumisest ja \u00fclekoormusest tingitud seisundite kirurgilises ravis. Erilist huvi pakub mulle s\u00f5rmeliigeste endoproteesimine.<\/p><p>Tegelen doktorikraadi omandamisega Tampere \u00dclikoolis, teadust\u00f6\u00f6s keskendun k\u00fc\u00fcnarliigese artroosi ravile. Teadust\u00f6\u00f6 ning t\u00e4ienduskoolitused aitavad mul p\u00fcsida kursis eriala uusimate v\u00f5imalustega ning pakkuda oma patsientidele kaasaegset ja teadusp\u00f5hist ravi.<\/p><p><em>Margit on k\u00e4ekirurg, kes \u00fchendab oma s\u00fcgavad teadmised hooliva ja sooja l\u00e4henemisega.<\/em><\/p>\t\t\t\t\t\t\t\t<\/div>\n\t\t\t\t<\/div>\n\t\t<div class=\"elementor-element elementor-element-56de75f e-con-full e-flex e-con e-child\" data-id=\"56de75f\" data-element_type=\"container\" data-e-type=\"container\" data-settings=\"{&quot;background_background&quot;:&quot;classic&quot;}\">\n\t\t\t\t<div class=\"elementor-element elementor-element-368479e elementor-widget elementor-widget-heading\" data-id=\"368479e\" data-element_type=\"widget\" data-e-type=\"widget\" data-widget_type=\"heading.default\">\n\t\t\t\t<div class=\"elementor-widget-container\">\n\t\t\t\t\t<h2 class=\"elementor-heading-title elementor-size-default\">Spetsialiseerumised<\/h2>\t\t\t\t<\/div>\n\t\t\t\t<\/div>\n\t\t\t\t<div class=\"elementor-element elementor-element-c08bed4 elementor-widget elementor-widget-text-editor\" data-id=\"c08bed4\" data-element_type=\"widget\" data-e-type=\"widget\" data-widget_type=\"text-editor.default\">\n\t\t\t\t<div class=\"elementor-widget-container\">\n\t\t\t\t\t\t\t\t\t<ul>\n<li>Hand Surgery<\/li>\n<li>S\u00f5rmeliigeste endoproteesimine<\/li>\n<li>S\u00f5rmede ja k\u00e4e kasvajalised muutused ning nende kirurgia<\/li>\n<li>K\u00e4e, randme ja k\u00fc\u00fcnarvarre traumade ravi<\/li>\n<\/ul>\t\t\t\t\t\t\t\t<\/div>\n\t\t\t\t<\/div>\n\t\t\t\t<\/div>\n\t\t\t\t\t<\/div>\n\t\t\t\t<\/div>\n\t\t\t\t<\/div>","protected":false},"excerpt":{"rendered":"<p>Margit Karelson Broneeri aeg Margit Karelson K\u00e4ekirurg heal_kliinik HealKliinik Olen l\u00f5petanud arstiteaduskonna Taru \u00dclikoolis aastal 2000. K\u00e4ekirurgi eriarsti kutse olen omandanud Soomes, Tampere \u00dclikoolis. Alates 2009 aastast olen t\u00f6\u00f6tanud Tampere \u00dclikooli Haigla k\u00e4e- ja mikrokirurgia osakonnas k\u00e4ekirurgina. Aastatel 2012-2015 olin Tampere \u00dclikoolis kirugia kliiniline \u00f5petaja. Tegelen ka n\u00fc\u00fcd koolitamise ja koolituste korraldamisega &#8211; viimastel aastatel [&hellip;]<\/p>\n","protected":false},"author":1,"featured_media":0,"parent":0,"menu_order":0,"comment_status":"closed","ping_status":"closed","template":"","meta":{"footnotes":""},"class_list":["post-771","page","type-page","status-publish","hentry"],"yoast_head":"<!-- This site is optimized with the Yoast SEO plugin v27.4 - https:\/\/yoast.com\/product\/yoast-seo-wordpress\/ -->\n<title>K\u00e4ekirurg Margit Karelson<\/title>\n<meta name=\"description\" content=\"Kogenud k\u00e4ekirurg. Oled oodatud minu vastuv\u00f5tule Heal Kliinikusse Tallinnas. Aitan Sind s\u00f5rme, labak\u00e4e, randme ja k\u00fc\u00fcnarliigese valude ja vigastuse puhul.\" \/>\n<meta name=\"robots\" content=\"index, follow, max-snippet:-1, max-image-preview:large, max-video-preview:-1\" \/>\n<link rel=\"canonical\" href=\"https:\/\/healkliinik.ee\/en\/margit-karelson\/\" \/>\n<meta property=\"og:locale\" content=\"en_US\" \/>\n<meta property=\"og:type\" content=\"article\" \/>\n<meta property=\"og:title\" content=\"K\u00e4ekirurg Margit Karelson\" \/>\n<meta property=\"og:description\" content=\"Kogenud k\u00e4ekirurg. Oled oodatud minu vastuv\u00f5tule Heal Kliinikusse Tallinnas. Aitan Sind s\u00f5rme, labak\u00e4e, randme ja k\u00fc\u00fcnarliigese valude ja vigastuse puhul.\" \/>\n<meta property=\"og:url\" content=\"https:\/\/healkliinik.ee\/en\/margit-karelson\/\" \/>\n<meta property=\"og:site_name\" content=\"Heal Kliinik\" \/>\n<meta property=\"article:modified_time\" content=\"2025-02-10T09:28:06+00:00\" \/>\n<meta property=\"og:image\" content=\"https:\/\/healkliinik.ee\/wp-content\/uploads\/elementor\/thumbs\/DSC07831-scaled-qxw1wenu034867t1unbgtt66o1mbknzepa4v1eyvem.jpg\" \/>\n<meta name=\"twitter:card\" content=\"summary_large_image\" \/>\n<meta name=\"twitter:label1\" content=\"Est. reading time\" \/>\n\t<meta name=\"twitter:data1\" content=\"1 minute\" \/>\n<script type=\"application\/ld+json\" class=\"yoast-schema-graph\">{\"@context\":\"https:\\\/\\\/schema.org\",\"@graph\":[{\"@type\":\"WebPage\",\"@id\":\"https:\\\/\\\/healkliinik.ee\\\/margit-karelson\\\/\",\"url\":\"https:\\\/\\\/healkliinik.ee\\\/margit-karelson\\\/\",\"name\":\"K\u00e4ekirurg Margit Karelson\",\"isPartOf\":{\"@id\":\"https:\\\/\\\/healkliinik.ee\\\/#website\"},\"primaryImageOfPage\":{\"@id\":\"https:\\\/\\\/healkliinik.ee\\\/margit-karelson\\\/#primaryimage\"},\"image\":{\"@id\":\"https:\\\/\\\/healkliinik.ee\\\/margit-karelson\\\/#primaryimage\"},\"thumbnailUrl\":\"https:\\\/\\\/healkliinik.ee\\\/wp-content\\\/uploads\\\/elementor\\\/thumbs\\\/DSC07831-scaled-qxw1wenu034867t1unbgtt66o1mbknzepa4v1eyvem.jpg\",\"datePublished\":\"2024-11-19T16:00:54+00:00\",\"dateModified\":\"2025-02-10T09:28:06+00:00\",\"description\":\"Kogenud k\u00e4ekirurg. Oled oodatud minu vastuv\u00f5tule Heal Kliinikusse Tallinnas. Aitan Sind s\u00f5rme, labak\u00e4e, randme ja k\u00fc\u00fcnarliigese valude ja vigastuse puhul.\",\"breadcrumb\":{\"@id\":\"https:\\\/\\\/healkliinik.ee\\\/margit-karelson\\\/#breadcrumb\"},\"inLanguage\":\"en-US\",\"potentialAction\":[{\"@type\":\"ReadAction\",\"target\":[\"https:\\\/\\\/healkliinik.ee\\\/margit-karelson\\\/\"]}]},{\"@type\":\"ImageObject\",\"inLanguage\":\"en-US\",\"@id\":\"https:\\\/\\\/healkliinik.ee\\\/margit-karelson\\\/#primaryimage\",\"url\":\"https:\\\/\\\/healkliinik.ee\\\/wp-content\\\/uploads\\\/elementor\\\/thumbs\\\/DSC07831-scaled-qxw1wenu034867t1unbgtt66o1mbknzepa4v1eyvem.jpg\",\"contentUrl\":\"https:\\\/\\\/healkliinik.ee\\\/wp-content\\\/uploads\\\/elementor\\\/thumbs\\\/DSC07831-scaled-qxw1wenu034867t1unbgtt66o1mbknzepa4v1eyvem.jpg\"},{\"@type\":\"BreadcrumbList\",\"@id\":\"https:\\\/\\\/healkliinik.ee\\\/margit-karelson\\\/#breadcrumb\",\"itemListElement\":[{\"@type\":\"ListItem\",\"position\":1,\"name\":\"Home\",\"item\":\"https:\\\/\\\/healkliinik.ee\\\/\"},{\"@type\":\"ListItem\",\"position\":2,\"name\":\"Margit Karelson\"}]},{\"@type\":\"WebSite\",\"@id\":\"https:\\\/\\\/healkliinik.ee\\\/#website\",\"url\":\"https:\\\/\\\/healkliinik.ee\\\/\",\"name\":\"Heal Kliinik\",\"description\":\"Eesti esimene traumatoloogiale ja ortopeediale keskendunud kliinik\",\"publisher\":{\"@id\":\"https:\\\/\\\/healkliinik.ee\\\/#organization\"},\"potentialAction\":[{\"@type\":\"SearchAction\",\"target\":{\"@type\":\"EntryPoint\",\"urlTemplate\":\"https:\\\/\\\/healkliinik.ee\\\/?s={search_term_string}\"},\"query-input\":{\"@type\":\"PropertyValueSpecification\",\"valueRequired\":true,\"valueName\":\"search_term_string\"}}],\"inLanguage\":\"en-US\"},{\"@type\":\"Organization\",\"@id\":\"https:\\\/\\\/healkliinik.ee\\\/#organization\",\"name\":\"Heal Kliinik\",\"url\":\"https:\\\/\\\/healkliinik.ee\\\/\",\"logo\":{\"@type\":\"ImageObject\",\"inLanguage\":\"en-US\",\"@id\":\"https:\\\/\\\/healkliinik.ee\\\/#\\\/schema\\\/logo\\\/image\\\/\",\"url\":\"https:\\\/\\\/healkliinik.ee\\\/wp-content\\\/uploads\\\/2024\\\/10\\\/Heal-TraumaKliinik_Valge.png\",\"contentUrl\":\"https:\\\/\\\/healkliinik.ee\\\/wp-content\\\/uploads\\\/2024\\\/10\\\/Heal-TraumaKliinik_Valge.png\",\"width\":1917,\"height\":1463,\"caption\":\"Heal Kliinik\"},\"image\":{\"@id\":\"https:\\\/\\\/healkliinik.ee\\\/#\\\/schema\\\/logo\\\/image\\\/\"}}]}<\/script>\n<!-- \/ Yoast SEO plugin. -->","yoast_head_json":{"title":"K\u00e4ekirurg Margit Karelson","description":"Kogenud k\u00e4ekirurg. Oled oodatud minu vastuv\u00f5tule Heal Kliinikusse Tallinnas. Aitan Sind s\u00f5rme, labak\u00e4e, randme ja k\u00fc\u00fcnarliigese valude ja vigastuse puhul.","robots":{"index":"index","follow":"follow","max-snippet":"max-snippet:-1","max-image-preview":"max-image-preview:large","max-video-preview":"max-video-preview:-1"},"canonical":"https:\/\/healkliinik.ee\/en\/margit-karelson\/","og_locale":"en_US","og_type":"article","og_title":"K\u00e4ekirurg Margit Karelson","og_description":"Kogenud k\u00e4ekirurg. Oled oodatud minu vastuv\u00f5tule Heal Kliinikusse Tallinnas. Aitan Sind s\u00f5rme, labak\u00e4e, randme ja k\u00fc\u00fcnarliigese valude ja vigastuse puhul.","og_url":"https:\/\/healkliinik.ee\/en\/margit-karelson\/","og_site_name":"Heal Kliinik","article_modified_time":"2025-02-10T09:28:06+00:00","og_image":[{"url":"https:\/\/healkliinik.ee\/wp-content\/uploads\/elementor\/thumbs\/DSC07831-scaled-qxw1wenu034867t1unbgtt66o1mbknzepa4v1eyvem.jpg","type":"","width":"","height":""}],"twitter_card":"summary_large_image","twitter_misc":{"Est. reading time":"1 minute"},"schema":{"@context":"https:\/\/schema.org","@graph":[{"@type":"WebPage","@id":"https:\/\/healkliinik.ee\/margit-karelson\/","url":"https:\/\/healkliinik.ee\/margit-karelson\/","name":"K\u00e4ekirurg Margit Karelson","isPartOf":{"@id":"https:\/\/healkliinik.ee\/#website"},"primaryImageOfPage":{"@id":"https:\/\/healkliinik.ee\/margit-karelson\/#primaryimage"},"image":{"@id":"https:\/\/healkliinik.ee\/margit-karelson\/#primaryimage"},"thumbnailUrl":"https:\/\/healkliinik.ee\/wp-content\/uploads\/elementor\/thumbs\/DSC07831-scaled-qxw1wenu034867t1unbgtt66o1mbknzepa4v1eyvem.jpg","datePublished":"2024-11-19T16:00:54+00:00","dateModified":"2025-02-10T09:28:06+00:00","description":"Kogenud k\u00e4ekirurg. Oled oodatud minu vastuv\u00f5tule Heal Kliinikusse Tallinnas. Aitan Sind s\u00f5rme, labak\u00e4e, randme ja k\u00fc\u00fcnarliigese valude ja vigastuse puhul.","breadcrumb":{"@id":"https:\/\/healkliinik.ee\/margit-karelson\/#breadcrumb"},"inLanguage":"en-US","potentialAction":[{"@type":"ReadAction","target":["https:\/\/healkliinik.ee\/margit-karelson\/"]}]},{"@type":"ImageObject","inLanguage":"en-US","@id":"https:\/\/healkliinik.ee\/margit-karelson\/#primaryimage","url":"https:\/\/healkliinik.ee\/wp-content\/uploads\/elementor\/thumbs\/DSC07831-scaled-qxw1wenu034867t1unbgtt66o1mbknzepa4v1eyvem.jpg","contentUrl":"https:\/\/healkliinik.ee\/wp-content\/uploads\/elementor\/thumbs\/DSC07831-scaled-qxw1wenu034867t1unbgtt66o1mbknzepa4v1eyvem.jpg"},{"@type":"BreadcrumbList","@id":"https:\/\/healkliinik.ee\/margit-karelson\/#breadcrumb","itemListElement":[{"@type":"ListItem","position":1,"name":"Home","item":"https:\/\/healkliinik.ee\/"},{"@type":"ListItem","position":2,"name":"Margit Karelson"}]},{"@type":"WebSite","@id":"https:\/\/healkliinik.ee\/#website","url":"https:\/\/healkliinik.ee\/","name":"Heal Kliinik","description":"Eesti esimene traumatoloogiale ja ortopeediale keskendunud kliinik","publisher":{"@id":"https:\/\/healkliinik.ee\/#organization"},"potentialAction":[{"@type":"SearchAction","target":{"@type":"EntryPoint","urlTemplate":"https:\/\/healkliinik.ee\/?s={search_term_string}"},"query-input":{"@type":"PropertyValueSpecification","valueRequired":true,"valueName":"search_term_string"}}],"inLanguage":"en-US"},{"@type":"Organization","@id":"https:\/\/healkliinik.ee\/#organization","name":"Heal Kliinik","url":"https:\/\/healkliinik.ee\/","logo":{"@type":"ImageObject","inLanguage":"en-US","@id":"https:\/\/healkliinik.ee\/#\/schema\/logo\/image\/","url":"https:\/\/healkliinik.ee\/wp-content\/uploads\/2024\/10\/Heal-TraumaKliinik_Valge.png","contentUrl":"https:\/\/healkliinik.ee\/wp-content\/uploads\/2024\/10\/Heal-TraumaKliinik_Valge.png","width":1917,"height":1463,"caption":"Heal Kliinik"},"image":{"@id":"https:\/\/healkliinik.ee\/#\/schema\/logo\/image\/"}}]}},"_links":{"self":[{"href":"https:\/\/healkliinik.ee\/en\/wp-json\/wp\/v2\/pages\/771","targetHints":{"allow":["GET"]}}],"collection":[{"href":"https:\/\/healkliinik.ee\/en\/wp-json\/wp\/v2\/pages"}],"about":[{"href":"https:\/\/healkliinik.ee\/en\/wp-json\/wp\/v2\/types\/page"}],"author":[{"embeddable":true,"href":"https:\/\/healkliinik.ee\/en\/wp-json\/wp\/v2\/users\/1"}],"replies":[{"embeddable":true,"href":"https:\/\/healkliinik.ee\/en\/wp-json\/wp\/v2\/comments?post=771"}],"version-history":[{"count":5,"href":"https:\/\/healkliinik.ee\/en\/wp-json\/wp\/v2\/pages\/771\/revisions"}],"predecessor-version":[{"id":2206,"href":"https:\/\/healkliinik.ee\/en\/wp-json\/wp\/v2\/pages\/771\/revisions\/2206"}],"wp:attachment":[{"href":"https:\/\/healkliinik.ee\/en\/wp-json\/wp\/v2\/media?parent=771"}],"curies":[{"name":"wp","href":"https:\/\/api.w.org\/{rel}","templated":true}]}}