{"id":845,"date":"2024-11-19T16:51:30","date_gmt":"2024-11-19T16:51:30","guid":{"rendered":"https:\/\/healkliinik.ee\/?page_id=845"},"modified":"2025-04-30T10:57:33","modified_gmt":"2025-04-30T10:57:33","slug":"broneerimine","status":"publish","type":"page","link":"https:\/\/healkliinik.ee\/en\/broneerimine\/","title":{"rendered":"Broneerimine"},"content":{"rendered":"<div data-elementor-type=\"wp-page\" data-elementor-id=\"845\" class=\"elementor elementor-845\" data-elementor-post-type=\"page\">\n\t\t\t\t<div class=\"elementor-element elementor-element-2a351b2 e-con-full e-flex e-con e-parent\" data-id=\"2a351b2\" data-element_type=\"container\" data-e-type=\"container\" data-settings=\"{&quot;background_background&quot;:&quot;classic&quot;}\">\n\t\t<div class=\"elementor-element elementor-element-87b847d e-flex e-con-boxed e-con e-child\" data-id=\"87b847d\" data-element_type=\"container\" data-e-type=\"container\">\n\t\t\t\t\t<div class=\"e-con-inner\">\n\t\t\t\t<div class=\"elementor-element elementor-element-f4dd7ab elementor-widget elementor-widget-heading\" data-id=\"f4dd7ab\" data-element_type=\"widget\" data-e-type=\"widget\" data-widget_type=\"heading.default\">\n\t\t\t\t<div class=\"elementor-widget-container\">\n\t\t\t\t\t<h2 class=\"elementor-heading-title elementor-size-default\">Book an appointment<\/h2>\t\t\t\t<\/div>\n\t\t\t\t<\/div>\n\t\t\t\t<div class=\"elementor-element elementor-element-4b8e4eb elementor-widget elementor-widget-text-editor\" data-id=\"4b8e4eb\" data-element_type=\"widget\" data-e-type=\"widget\" data-widget_type=\"text-editor.default\">\n\t\t\t\t<div class=\"elementor-widget-container\">\n\t\t\t\t\t\t\t\t\t<p><strong>Please review before booking <a style=\"color: #fff; text-decoration: underline;\" href=\"https:\/\/healkliinik.ee\/en\/hinnakiri\/\">the price list<\/a>.<\/strong><br><strong>Laup\u00e4eval ja p\u00fchap\u00e4eval ning riigip\u00fchadel kehtivad argip\u00e4evadest erinevad hinnad.<\/strong><\/p>\t\t\t\t\t\t\t\t<\/div>\n\t\t\t\t<\/div>\n\t\t\t\t\t<\/div>\n\t\t\t\t<\/div>\n\t\t\t\t<\/div>\n\t\t<div class=\"elementor-element elementor-element-b9db4e2 e-flex e-con-boxed e-con e-parent\" data-id=\"b9db4e2\" data-element_type=\"container\" data-e-type=\"container\" data-settings=\"{&quot;background_background&quot;:&quot;classic&quot;}\">\n\t\t\t\t\t<div class=\"e-con-inner\">\n\t\t\t\t<div class=\"elementor-element elementor-element-3b4e877 elementor-widget__width-inherit elementor-widget elementor-widget-html\" data-id=\"3b4e877\" data-element_type=\"widget\" data-e-type=\"widget\" data-widget_type=\"html.default\">\n\t\t\t\t<div class=\"elementor-widget-container\">\n\t\t\t\t\t<iframe src=\"https:\/\/connectedserver.eu\/ConnectedOnlineX\/default.aspx?key=yC4kJuFS&lang=et\" style='height:800px;width:90%;' frameborder='0' ><\/iframe>\t\t\t\t<\/div>\n\t\t\t\t<\/div>\n\t\t\t\t\t<\/div>\n\t\t\t\t<\/div>\n\t\t\t\t<\/div>","protected":false},"excerpt":{"rendered":"<p>Broneeri aeg Palun tutvuge enne broneerimist hinnakirjaga.Laup\u00e4eval ja p\u00fchap\u00e4eval ning riigip\u00fchadel kehtivad argip\u00e4evadest erinevad hinnad.<\/p>","protected":false},"author":1,"featured_media":0,"parent":0,"menu_order":0,"comment_status":"closed","ping_status":"closed","template":"","meta":{"footnotes":""},"class_list":["post-845","page","type-page","status-publish","hentry"],"yoast_head":"<!-- This site is optimized with the Yoast SEO plugin v27.4 - https:\/\/yoast.com\/product\/yoast-seo-wordpress\/ -->\n<title>Broneeri aeg ortopeedile, k\u00e4ekirurgile v\u00f5i f\u00fcsioterapeudile.<\/title>\n<meta name=\"description\" content=\"Vali teenus ja aeg juba t\u00e4na! Broneeri aeg mugavalt meie veebis! Kogenud spetsialistid aitavad ootamatute vigastuste ja krooniliste tervisemurede korral.\" \/>\n<meta name=\"robots\" content=\"index, follow, max-snippet:-1, max-image-preview:large, max-video-preview:-1\" \/>\n<link rel=\"canonical\" href=\"https:\/\/healkliinik.ee\/en\/broneerimine\/\" \/>\n<meta property=\"og:locale\" content=\"en_US\" \/>\n<meta property=\"og:type\" content=\"article\" \/>\n<meta property=\"og:title\" content=\"Broneeri aeg ortopeedile, k\u00e4ekirurgile v\u00f5i f\u00fcsioterapeudile.\" \/>\n<meta property=\"og:description\" content=\"Vali teenus ja aeg juba t\u00e4na! Broneeri aeg mugavalt meie veebis! Kogenud spetsialistid aitavad ootamatute vigastuste ja krooniliste tervisemurede korral.\" \/>\n<meta property=\"og:url\" content=\"https:\/\/healkliinik.ee\/en\/broneerimine\/\" \/>\n<meta property=\"og:site_name\" content=\"Heal Kliinik\" \/>\n<meta property=\"article:modified_time\" content=\"2025-04-30T10:57:33+00:00\" \/>\n<meta name=\"twitter:card\" content=\"summary_large_image\" \/>\n<meta name=\"twitter:label1\" content=\"Est. reading time\" \/>\n\t<meta name=\"twitter:data1\" content=\"1 minute\" \/>\n<script type=\"application\/ld+json\" class=\"yoast-schema-graph\">{\"@context\":\"https:\\\/\\\/schema.org\",\"@graph\":[{\"@type\":\"WebPage\",\"@id\":\"https:\\\/\\\/healkliinik.ee\\\/broneerimine\\\/\",\"url\":\"https:\\\/\\\/healkliinik.ee\\\/broneerimine\\\/\",\"name\":\"Broneeri aeg ortopeedile, k\u00e4ekirurgile v\u00f5i f\u00fcsioterapeudile.\",\"isPartOf\":{\"@id\":\"https:\\\/\\\/healkliinik.ee\\\/#website\"},\"datePublished\":\"2024-11-19T16:51:30+00:00\",\"dateModified\":\"2025-04-30T10:57:33+00:00\",\"description\":\"Vali teenus ja aeg juba t\u00e4na! Broneeri aeg mugavalt meie veebis! Kogenud spetsialistid aitavad ootamatute vigastuste ja krooniliste tervisemurede korral.\",\"breadcrumb\":{\"@id\":\"https:\\\/\\\/healkliinik.ee\\\/broneerimine\\\/#breadcrumb\"},\"inLanguage\":\"en-US\",\"potentialAction\":[{\"@type\":\"ReadAction\",\"target\":[\"https:\\\/\\\/healkliinik.ee\\\/broneerimine\\\/\"]}]},{\"@type\":\"BreadcrumbList\",\"@id\":\"https:\\\/\\\/healkliinik.ee\\\/broneerimine\\\/#breadcrumb\",\"itemListElement\":[{\"@type\":\"ListItem\",\"position\":1,\"name\":\"Home\",\"item\":\"https:\\\/\\\/healkliinik.ee\\\/\"},{\"@type\":\"ListItem\",\"position\":2,\"name\":\"Broneerimine\"}]},{\"@type\":\"WebSite\",\"@id\":\"https:\\\/\\\/healkliinik.ee\\\/#website\",\"url\":\"https:\\\/\\\/healkliinik.ee\\\/\",\"name\":\"Heal Kliinik\",\"description\":\"Eesti esimene traumatoloogiale ja ortopeediale keskendunud kliinik\",\"publisher\":{\"@id\":\"https:\\\/\\\/healkliinik.ee\\\/#organization\"},\"potentialAction\":[{\"@type\":\"SearchAction\",\"target\":{\"@type\":\"EntryPoint\",\"urlTemplate\":\"https:\\\/\\\/healkliinik.ee\\\/?s={search_term_string}\"},\"query-input\":{\"@type\":\"PropertyValueSpecification\",\"valueRequired\":true,\"valueName\":\"search_term_string\"}}],\"inLanguage\":\"en-US\"},{\"@type\":\"Organization\",\"@id\":\"https:\\\/\\\/healkliinik.ee\\\/#organization\",\"name\":\"Heal Kliinik\",\"url\":\"https:\\\/\\\/healkliinik.ee\\\/\",\"logo\":{\"@type\":\"ImageObject\",\"inLanguage\":\"en-US\",\"@id\":\"https:\\\/\\\/healkliinik.ee\\\/#\\\/schema\\\/logo\\\/image\\\/\",\"url\":\"https:\\\/\\\/healkliinik.ee\\\/wp-content\\\/uploads\\\/2024\\\/10\\\/Heal-TraumaKliinik_Valge.png\",\"contentUrl\":\"https:\\\/\\\/healkliinik.ee\\\/wp-content\\\/uploads\\\/2024\\\/10\\\/Heal-TraumaKliinik_Valge.png\",\"width\":1917,\"height\":1463,\"caption\":\"Heal Kliinik\"},\"image\":{\"@id\":\"https:\\\/\\\/healkliinik.ee\\\/#\\\/schema\\\/logo\\\/image\\\/\"}}]}<\/script>\n<!-- \/ Yoast SEO plugin. -->","yoast_head_json":{"title":"Broneeri aeg ortopeedile, k\u00e4ekirurgile v\u00f5i f\u00fcsioterapeudile.","description":"Vali teenus ja aeg juba t\u00e4na! Broneeri aeg mugavalt meie veebis! Kogenud spetsialistid aitavad ootamatute vigastuste ja krooniliste tervisemurede korral.","robots":{"index":"index","follow":"follow","max-snippet":"max-snippet:-1","max-image-preview":"max-image-preview:large","max-video-preview":"max-video-preview:-1"},"canonical":"https:\/\/healkliinik.ee\/en\/broneerimine\/","og_locale":"en_US","og_type":"article","og_title":"Broneeri aeg ortopeedile, k\u00e4ekirurgile v\u00f5i f\u00fcsioterapeudile.","og_description":"Vali teenus ja aeg juba t\u00e4na! Broneeri aeg mugavalt meie veebis! Kogenud spetsialistid aitavad ootamatute vigastuste ja krooniliste tervisemurede korral.","og_url":"https:\/\/healkliinik.ee\/en\/broneerimine\/","og_site_name":"Heal Kliinik","article_modified_time":"2025-04-30T10:57:33+00:00","twitter_card":"summary_large_image","twitter_misc":{"Est. reading time":"1 minute"},"schema":{"@context":"https:\/\/schema.org","@graph":[{"@type":"WebPage","@id":"https:\/\/healkliinik.ee\/broneerimine\/","url":"https:\/\/healkliinik.ee\/broneerimine\/","name":"Broneeri aeg ortopeedile, k\u00e4ekirurgile v\u00f5i f\u00fcsioterapeudile.","isPartOf":{"@id":"https:\/\/healkliinik.ee\/#website"},"datePublished":"2024-11-19T16:51:30+00:00","dateModified":"2025-04-30T10:57:33+00:00","description":"Vali teenus ja aeg juba t\u00e4na! Broneeri aeg mugavalt meie veebis! Kogenud spetsialistid aitavad ootamatute vigastuste ja krooniliste tervisemurede korral.","breadcrumb":{"@id":"https:\/\/healkliinik.ee\/broneerimine\/#breadcrumb"},"inLanguage":"en-US","potentialAction":[{"@type":"ReadAction","target":["https:\/\/healkliinik.ee\/broneerimine\/"]}]},{"@type":"BreadcrumbList","@id":"https:\/\/healkliinik.ee\/broneerimine\/#breadcrumb","itemListElement":[{"@type":"ListItem","position":1,"name":"Home","item":"https:\/\/healkliinik.ee\/"},{"@type":"ListItem","position":2,"name":"Broneerimine"}]},{"@type":"WebSite","@id":"https:\/\/healkliinik.ee\/#website","url":"https:\/\/healkliinik.ee\/","name":"Heal Kliinik","description":"Eesti esimene traumatoloogiale ja ortopeediale keskendunud kliinik","publisher":{"@id":"https:\/\/healkliinik.ee\/#organization"},"potentialAction":[{"@type":"SearchAction","target":{"@type":"EntryPoint","urlTemplate":"https:\/\/healkliinik.ee\/?s={search_term_string}"},"query-input":{"@type":"PropertyValueSpecification","valueRequired":true,"valueName":"search_term_string"}}],"inLanguage":"en-US"},{"@type":"Organization","@id":"https:\/\/healkliinik.ee\/#organization","name":"Heal Kliinik","url":"https:\/\/healkliinik.ee\/","logo":{"@type":"ImageObject","inLanguage":"en-US","@id":"https:\/\/healkliinik.ee\/#\/schema\/logo\/image\/","url":"https:\/\/healkliinik.ee\/wp-content\/uploads\/2024\/10\/Heal-TraumaKliinik_Valge.png","contentUrl":"https:\/\/healkliinik.ee\/wp-content\/uploads\/2024\/10\/Heal-TraumaKliinik_Valge.png","width":1917,"height":1463,"caption":"Heal Kliinik"},"image":{"@id":"https:\/\/healkliinik.ee\/#\/schema\/logo\/image\/"}}]}},"_links":{"self":[{"href":"https:\/\/healkliinik.ee\/en\/wp-json\/wp\/v2\/pages\/845","targetHints":{"allow":["GET"]}}],"collection":[{"href":"https:\/\/healkliinik.ee\/en\/wp-json\/wp\/v2\/pages"}],"about":[{"href":"https:\/\/healkliinik.ee\/en\/wp-json\/wp\/v2\/types\/page"}],"author":[{"embeddable":true,"href":"https:\/\/healkliinik.ee\/en\/wp-json\/wp\/v2\/users\/1"}],"replies":[{"embeddable":true,"href":"https:\/\/healkliinik.ee\/en\/wp-json\/wp\/v2\/comments?post=845"}],"version-history":[{"count":5,"href":"https:\/\/healkliinik.ee\/en\/wp-json\/wp\/v2\/pages\/845\/revisions"}],"predecessor-version":[{"id":2373,"href":"https:\/\/healkliinik.ee\/en\/wp-json\/wp\/v2\/pages\/845\/revisions\/2373"}],"wp:attachment":[{"href":"https:\/\/healkliinik.ee\/en\/wp-json\/wp\/v2\/media?parent=845"}],"curies":[{"name":"wp","href":"https:\/\/api.w.org\/{rel}","templated":true}]}}