{"id":2233,"date":"2025-02-10T10:23:43","date_gmt":"2025-02-10T10:23:43","guid":{"rendered":"https:\/\/healkliinik.ee\/?page_id=2233"},"modified":"2025-02-10T10:39:08","modified_gmt":"2025-02-10T10:39:08","slug":"tervishoiuteenuse-osutamise-uldtingimused","status":"publish","type":"page","link":"https:\/\/healkliinik.ee\/fi\/tervishoiuteenuse-osutamise-uldtingimused\/","title":{"rendered":"Tervishoiuteenuse osutamise \u00fcldtingimused"},"content":{"rendered":"<div data-elementor-type=\"wp-page\" data-elementor-id=\"2233\" class=\"elementor elementor-2233\" data-elementor-post-type=\"page\">\n\t\t\t\t<div class=\"elementor-element elementor-element-2f1bc7e e-con-full e-flex e-con e-parent\" data-id=\"2f1bc7e\" data-element_type=\"container\" data-e-type=\"container\" data-settings=\"{&quot;background_background&quot;:&quot;classic&quot;}\">\n\t\t<div class=\"elementor-element elementor-element-1a18fc4 e-flex e-con-boxed e-con e-child\" data-id=\"1a18fc4\" data-element_type=\"container\" data-e-type=\"container\">\n\t\t\t\t\t<div class=\"e-con-inner\">\n\t\t\t\t<div class=\"elementor-element elementor-element-159a704 elementor-widget elementor-widget-heading\" data-id=\"159a704\" data-element_type=\"widget\" data-e-type=\"widget\" data-widget_type=\"heading.default\">\n\t\t\t\t<div class=\"elementor-widget-container\">\n\t\t\t\t\t<h2 class=\"elementor-heading-title elementor-size-default\">Tervishoiuteenuse osutamise \u00fcldtingimused<\/h2>\t\t\t\t<\/div>\n\t\t\t\t<\/div>\n\t\t\t\t\t<\/div>\n\t\t\t\t<\/div>\n\t\t\t\t<\/div>\n\t\t<div class=\"elementor-element elementor-element-2516740 e-flex e-con-boxed e-con e-parent\" data-id=\"2516740\" data-element_type=\"container\" data-e-type=\"container\">\n\t\t\t\t\t<div class=\"e-con-inner\">\n\t\t<div class=\"elementor-element elementor-element-66799f1 e-con-full e-flex e-con e-child\" data-id=\"66799f1\" data-element_type=\"container\" data-e-type=\"container\">\n\t\t\t\t<div class=\"elementor-element elementor-element-384e5e6 elementor-widget elementor-widget-text-editor\" data-id=\"384e5e6\" data-element_type=\"widget\" data-e-type=\"widget\" data-widget_type=\"text-editor.default\">\n\t\t\t\t<div class=\"elementor-widget-container\">\n\t\t\t\t\t\t\t\t\t<p>\u00dcldtingimused s\u00e4testavad Heal Kliiniku ning patsiendi \u00f5igused, kohustused ja vastutuse patsiendile Heal Kliinikus tervishoiuteenuse osutamisel.<\/p><p>Palun tutvuge Heal Kliinik O\u00dc teenuse osutamise \u00fcldtingimustega. \u00a0<\/p>\t\t\t\t\t\t\t\t<\/div>\n\t\t\t\t<\/div>\n\t\t<div class=\"elementor-element elementor-element-409a9ec e-con-full e-flex e-con e-child\" data-id=\"409a9ec\" data-element_type=\"container\" data-e-type=\"container\">\n\t\t\t\t<div class=\"elementor-element elementor-element-c4db861 elementor-widget elementor-widget-text-editor\" data-id=\"c4db861\" data-element_type=\"widget\" data-e-type=\"widget\" data-widget_type=\"text-editor.default\">\n\t\t\t\t<div class=\"elementor-widget-container\">\n\t\t\t\t\t\t\t\t\t<p>Heal Kliinik O\u00dc teenuse osutamise \u00fcldtingimused<\/p>\t\t\t\t\t\t\t\t<\/div>\n\t\t\t\t<\/div>\n\t\t\t\t<div class=\"elementor-element elementor-element-041c424 elementor-widget elementor-widget-button\" data-id=\"041c424\" data-element_type=\"widget\" data-e-type=\"widget\" data-widget_type=\"button.default\">\n\t\t\t\t<div class=\"elementor-widget-container\">\n\t\t\t\t\t\t\t\t\t<div class=\"elementor-button-wrapper\">\n\t\t\t\t\t<a class=\"elementor-button elementor-button-link elementor-size-sm elementor-animation-grow\" href=\"https:\/\/healkliinik.ee\/wp-content\/uploads\/2025\/02\/Tervishoiuteenuse_osutamise_lepingu_uldtingimused_29012025.pdf\">\n\t\t\t\t\t\t<span class=\"elementor-button-content-wrapper\">\n\t\t\t\t\t\t<span class=\"elementor-button-icon\">\n\t\t\t\t<svg aria-hidden=\"true\" class=\"e-font-icon-svg e-fas-arrow-right\" viewbox=\"0 0 448 512\" xmlns=\"http:\/\/www.w3.org\/2000\/svg\"><path d=\"M190.5 66.9l22.2-22.2c9.4-9.4 24.6-9.4 33.9 0L441 239c9.4 9.4 9.4 24.6 0 33.9L246.6 467.3c-9.4 9.4-24.6 9.4-33.9 0l-22.2-22.2c-9.5-9.5-9.3-25 .4-34.3L311.4 296H24c-13.3 0-24-10.7-24-24v-32c0-13.3 10.7-24 24-24h287.4L190.9 101.2c-9.8-9.3-10-24.8-.4-34.3z\"><\/path><\/svg>\t\t\t<\/span>\n\t\t\t\t\t\t\t\t\t<span class=\"elementor-button-text\">\u00dcldtingimused <\/span>\n\t\t\t\t\t<\/span>\n\t\t\t\t\t<\/a>\n\t\t\t\t<\/div>\n\t\t\t\t\t\t\t\t<\/div>\n\t\t\t\t<\/div>\n\t\t\t\t<\/div>\n\t\t\t\t<\/div>\n\t\t\t\t\t<\/div>\n\t\t\t\t<\/div>\n\t\t\t\t<\/div>","protected":false},"excerpt":{"rendered":"<p>Tervishoiuteenuse osutamise \u00fcldtingimused \u00dcldtingimused s\u00e4testavad Heal Kliiniku ning patsiendi \u00f5igused, kohustused ja vastutuse patsiendile Heal Kliinikus tervishoiuteenuse osutamisel. Palun tutvuge Heal Kliinik O\u00dc teenuse osutamise \u00fcldtingimustega. \u00a0 Heal Kliinik O\u00dc teenuse osutamise \u00fcldtingimused \u00dcldtingimused<\/p>","protected":false},"author":1,"featured_media":0,"parent":0,"menu_order":0,"comment_status":"closed","ping_status":"closed","template":"","meta":{"footnotes":""},"class_list":["post-2233","page","type-page","status-publish","hentry"],"yoast_head":"<!-- This site is optimized with the Yoast SEO plugin v27.4 - https:\/\/yoast.com\/product\/yoast-seo-wordpress\/ -->\n<title>Tervishoiuteenuse osutamise \u00fcldtingimused - Heal Kliinik<\/title>\n<meta name=\"robots\" content=\"index, follow, max-snippet:-1, max-image-preview:large, max-video-preview:-1\" \/>\n<link rel=\"canonical\" href=\"https:\/\/healkliinik.ee\/fi\/tervishoiuteenuse-osutamise-uldtingimused\/\" \/>\n<meta property=\"og:locale\" content=\"fi_FI\" \/>\n<meta property=\"og:type\" content=\"article\" \/>\n<meta property=\"og:title\" content=\"Tervishoiuteenuse osutamise \u00fcldtingimused - Heal Kliinik\" \/>\n<meta property=\"og:description\" content=\"Tervishoiuteenuse osutamise \u00fcldtingimused \u00dcldtingimused s\u00e4testavad Heal Kliiniku ning patsiendi \u00f5igused, kohustused ja vastutuse patsiendile Heal Kliinikus tervishoiuteenuse osutamisel. Palun tutvuge Heal Kliinik O\u00dc teenuse osutamise \u00fcldtingimustega. \u00a0 Heal Kliinik O\u00dc teenuse osutamise \u00fcldtingimused \u00dcldtingimused\" \/>\n<meta property=\"og:url\" content=\"https:\/\/healkliinik.ee\/fi\/tervishoiuteenuse-osutamise-uldtingimused\/\" \/>\n<meta property=\"og:site_name\" content=\"Heal Kliinik\" \/>\n<meta property=\"article:modified_time\" content=\"2025-02-10T10:39:08+00:00\" \/>\n<meta name=\"twitter:card\" content=\"summary_large_image\" \/>\n<meta name=\"twitter:label1\" content=\"Arvioitu lukuaika\" \/>\n\t<meta name=\"twitter:data1\" content=\"1 minuutti\" \/>\n<script type=\"application\/ld+json\" class=\"yoast-schema-graph\">{\"@context\":\"https:\\\/\\\/schema.org\",\"@graph\":[{\"@type\":\"WebPage\",\"@id\":\"https:\\\/\\\/healkliinik.ee\\\/tervishoiuteenuse-osutamise-uldtingimused\\\/\",\"url\":\"https:\\\/\\\/healkliinik.ee\\\/tervishoiuteenuse-osutamise-uldtingimused\\\/\",\"name\":\"Tervishoiuteenuse osutamise \u00fcldtingimused - Heal Kliinik\",\"isPartOf\":{\"@id\":\"https:\\\/\\\/healkliinik.ee\\\/#website\"},\"datePublished\":\"2025-02-10T10:23:43+00:00\",\"dateModified\":\"2025-02-10T10:39:08+00:00\",\"breadcrumb\":{\"@id\":\"https:\\\/\\\/healkliinik.ee\\\/tervishoiuteenuse-osutamise-uldtingimused\\\/#breadcrumb\"},\"inLanguage\":\"fi\",\"potentialAction\":[{\"@type\":\"ReadAction\",\"target\":[\"https:\\\/\\\/healkliinik.ee\\\/tervishoiuteenuse-osutamise-uldtingimused\\\/\"]}]},{\"@type\":\"BreadcrumbList\",\"@id\":\"https:\\\/\\\/healkliinik.ee\\\/tervishoiuteenuse-osutamise-uldtingimused\\\/#breadcrumb\",\"itemListElement\":[{\"@type\":\"ListItem\",\"position\":1,\"name\":\"Home\",\"item\":\"https:\\\/\\\/healkliinik.ee\\\/\"},{\"@type\":\"ListItem\",\"position\":2,\"name\":\"Tervishoiuteenuse osutamise \u00fcldtingimused\"}]},{\"@type\":\"WebSite\",\"@id\":\"https:\\\/\\\/healkliinik.ee\\\/#website\",\"url\":\"https:\\\/\\\/healkliinik.ee\\\/\",\"name\":\"Heal Kliinik\",\"description\":\"Eesti esimene traumatoloogiale ja ortopeediale keskendunud kliinik\",\"publisher\":{\"@id\":\"https:\\\/\\\/healkliinik.ee\\\/#organization\"},\"potentialAction\":[{\"@type\":\"SearchAction\",\"target\":{\"@type\":\"EntryPoint\",\"urlTemplate\":\"https:\\\/\\\/healkliinik.ee\\\/?s={search_term_string}\"},\"query-input\":{\"@type\":\"PropertyValueSpecification\",\"valueRequired\":true,\"valueName\":\"search_term_string\"}}],\"inLanguage\":\"fi\"},{\"@type\":\"Organization\",\"@id\":\"https:\\\/\\\/healkliinik.ee\\\/#organization\",\"name\":\"Heal Kliinik\",\"url\":\"https:\\\/\\\/healkliinik.ee\\\/\",\"logo\":{\"@type\":\"ImageObject\",\"inLanguage\":\"fi\",\"@id\":\"https:\\\/\\\/healkliinik.ee\\\/#\\\/schema\\\/logo\\\/image\\\/\",\"url\":\"https:\\\/\\\/healkliinik.ee\\\/wp-content\\\/uploads\\\/2024\\\/10\\\/Heal-TraumaKliinik_Valge.png\",\"contentUrl\":\"https:\\\/\\\/healkliinik.ee\\\/wp-content\\\/uploads\\\/2024\\\/10\\\/Heal-TraumaKliinik_Valge.png\",\"width\":1917,\"height\":1463,\"caption\":\"Heal Kliinik\"},\"image\":{\"@id\":\"https:\\\/\\\/healkliinik.ee\\\/#\\\/schema\\\/logo\\\/image\\\/\"}}]}<\/script>\n<!-- \/ Yoast SEO plugin. -->","yoast_head_json":{"title":"Tervishoiuteenuse osutamise \u00fcldtingimused - Heal Kliinik","robots":{"index":"index","follow":"follow","max-snippet":"max-snippet:-1","max-image-preview":"max-image-preview:large","max-video-preview":"max-video-preview:-1"},"canonical":"https:\/\/healkliinik.ee\/fi\/tervishoiuteenuse-osutamise-uldtingimused\/","og_locale":"fi_FI","og_type":"article","og_title":"Tervishoiuteenuse osutamise \u00fcldtingimused - Heal Kliinik","og_description":"Tervishoiuteenuse osutamise \u00fcldtingimused \u00dcldtingimused s\u00e4testavad Heal Kliiniku ning patsiendi \u00f5igused, kohustused ja vastutuse patsiendile Heal Kliinikus tervishoiuteenuse osutamisel. Palun tutvuge Heal Kliinik O\u00dc teenuse osutamise \u00fcldtingimustega. \u00a0 Heal Kliinik O\u00dc teenuse osutamise \u00fcldtingimused \u00dcldtingimused","og_url":"https:\/\/healkliinik.ee\/fi\/tervishoiuteenuse-osutamise-uldtingimused\/","og_site_name":"Heal Kliinik","article_modified_time":"2025-02-10T10:39:08+00:00","twitter_card":"summary_large_image","twitter_misc":{"Arvioitu lukuaika":"1 minuutti"},"schema":{"@context":"https:\/\/schema.org","@graph":[{"@type":"WebPage","@id":"https:\/\/healkliinik.ee\/tervishoiuteenuse-osutamise-uldtingimused\/","url":"https:\/\/healkliinik.ee\/tervishoiuteenuse-osutamise-uldtingimused\/","name":"Tervishoiuteenuse osutamise \u00fcldtingimused - Heal Kliinik","isPartOf":{"@id":"https:\/\/healkliinik.ee\/#website"},"datePublished":"2025-02-10T10:23:43+00:00","dateModified":"2025-02-10T10:39:08+00:00","breadcrumb":{"@id":"https:\/\/healkliinik.ee\/tervishoiuteenuse-osutamise-uldtingimused\/#breadcrumb"},"inLanguage":"fi","potentialAction":[{"@type":"ReadAction","target":["https:\/\/healkliinik.ee\/tervishoiuteenuse-osutamise-uldtingimused\/"]}]},{"@type":"BreadcrumbList","@id":"https:\/\/healkliinik.ee\/tervishoiuteenuse-osutamise-uldtingimused\/#breadcrumb","itemListElement":[{"@type":"ListItem","position":1,"name":"Home","item":"https:\/\/healkliinik.ee\/"},{"@type":"ListItem","position":2,"name":"Tervishoiuteenuse osutamise \u00fcldtingimused"}]},{"@type":"WebSite","@id":"https:\/\/healkliinik.ee\/#website","url":"https:\/\/healkliinik.ee\/","name":"Heal Kliinik","description":"Eesti esimene traumatoloogiale ja ortopeediale keskendunud kliinik","publisher":{"@id":"https:\/\/healkliinik.ee\/#organization"},"potentialAction":[{"@type":"SearchAction","target":{"@type":"EntryPoint","urlTemplate":"https:\/\/healkliinik.ee\/?s={search_term_string}"},"query-input":{"@type":"PropertyValueSpecification","valueRequired":true,"valueName":"search_term_string"}}],"inLanguage":"fi"},{"@type":"Organization","@id":"https:\/\/healkliinik.ee\/#organization","name":"Heal Kliinik","url":"https:\/\/healkliinik.ee\/","logo":{"@type":"ImageObject","inLanguage":"fi","@id":"https:\/\/healkliinik.ee\/#\/schema\/logo\/image\/","url":"https:\/\/healkliinik.ee\/wp-content\/uploads\/2024\/10\/Heal-TraumaKliinik_Valge.png","contentUrl":"https:\/\/healkliinik.ee\/wp-content\/uploads\/2024\/10\/Heal-TraumaKliinik_Valge.png","width":1917,"height":1463,"caption":"Heal Kliinik"},"image":{"@id":"https:\/\/healkliinik.ee\/#\/schema\/logo\/image\/"}}]}},"_links":{"self":[{"href":"https:\/\/healkliinik.ee\/fi\/wp-json\/wp\/v2\/pages\/2233","targetHints":{"allow":["GET"]}}],"collection":[{"href":"https:\/\/healkliinik.ee\/fi\/wp-json\/wp\/v2\/pages"}],"about":[{"href":"https:\/\/healkliinik.ee\/fi\/wp-json\/wp\/v2\/types\/page"}],"author":[{"embeddable":true,"href":"https:\/\/healkliinik.ee\/fi\/wp-json\/wp\/v2\/users\/1"}],"replies":[{"embeddable":true,"href":"https:\/\/healkliinik.ee\/fi\/wp-json\/wp\/v2\/comments?post=2233"}],"version-history":[{"count":5,"href":"https:\/\/healkliinik.ee\/fi\/wp-json\/wp\/v2\/pages\/2233\/revisions"}],"predecessor-version":[{"id":2249,"href":"https:\/\/healkliinik.ee\/fi\/wp-json\/wp\/v2\/pages\/2233\/revisions\/2249"}],"wp:attachment":[{"href":"https:\/\/healkliinik.ee\/fi\/wp-json\/wp\/v2\/media?parent=2233"}],"curies":[{"name":"wp","href":"https:\/\/api.w.org\/{rel}","templated":true}]}}