{"id":2250,"date":"2025-02-10T10:39:51","date_gmt":"2025-02-10T10:39:51","guid":{"rendered":"https:\/\/healkliinik.ee\/?page_id=2250"},"modified":"2025-03-21T16:38:16","modified_gmt":"2025-03-21T16:38:16","slug":"andmekaitsetingimused","status":"publish","type":"page","link":"https:\/\/healkliinik.ee\/fi\/andmekaitsetingimused\/","title":{"rendered":"Andmekaitsetingimused"},"content":{"rendered":"<div data-elementor-type=\"wp-page\" data-elementor-id=\"2250\" class=\"elementor elementor-2250\" data-elementor-post-type=\"page\">\n\t\t\t\t<div class=\"elementor-element elementor-element-506c0c1 e-con-full e-flex e-con e-parent\" data-id=\"506c0c1\" data-element_type=\"container\" data-e-type=\"container\" data-settings=\"{&quot;background_background&quot;:&quot;classic&quot;}\">\n\t\t<div class=\"elementor-element elementor-element-cd14131 e-flex e-con-boxed e-con e-child\" data-id=\"cd14131\" data-element_type=\"container\" data-e-type=\"container\">\n\t\t\t\t\t<div class=\"e-con-inner\">\n\t\t\t\t<div class=\"elementor-element elementor-element-c5f710b elementor-widget elementor-widget-heading\" data-id=\"c5f710b\" data-element_type=\"widget\" data-e-type=\"widget\" data-widget_type=\"heading.default\">\n\t\t\t\t<div class=\"elementor-widget-container\">\n\t\t\t\t\t<h2 class=\"elementor-heading-title elementor-size-default\">Andmekaitsetingimused<\/h2>\t\t\t\t<\/div>\n\t\t\t\t<\/div>\n\t\t\t\t\t<\/div>\n\t\t\t\t<\/div>\n\t\t\t\t<\/div>\n\t\t<div class=\"elementor-element elementor-element-712a700 e-flex e-con-boxed e-con e-parent\" data-id=\"712a700\" data-element_type=\"container\" data-e-type=\"container\">\n\t\t\t\t\t<div class=\"e-con-inner\">\n\t\t<div class=\"elementor-element elementor-element-ff9ba47 e-con-full e-flex e-con e-child\" data-id=\"ff9ba47\" data-element_type=\"container\" data-e-type=\"container\">\n\t\t\t\t<div class=\"elementor-element elementor-element-739c0df elementor-widget elementor-widget-text-editor\" data-id=\"739c0df\" data-element_type=\"widget\" data-e-type=\"widget\" data-widget_type=\"text-editor.default\">\n\t\t\t\t<div class=\"elementor-widget-container\">\n\t\t\t\t\t\t\t\t\t<p><strong>Heal Kliiniku andmekaitsetingimused<\/strong><\/p><p>Palun tutvuge andmekaitsetingimustega hoolikalt ning kui teil tekib t\u00e4psustavaid k\u00fcsimusi selle kohta, kuidas me teie isikuandmeid t\u00f6\u00f6tleme, v\u00f5tke meiega \u00fchendust <a href=\"mailto:info@healkliinik.ee\">info@healkliinik.ee<\/a>.<\/p><p>Heal Kliinik v\u00f5ib andmekaitsetingimusi aeg-ajalt uuendada. Kehtivad andmekaitsetingimused on alati avaldatud Heal Kliiniku veebilehel.<\/p>\t\t\t\t\t\t\t\t<\/div>\n\t\t\t\t<\/div>\n\t\t<div class=\"elementor-element elementor-element-285da94 e-con-full e-flex e-con e-child\" data-id=\"285da94\" data-element_type=\"container\" data-e-type=\"container\">\n\t\t\t\t<div class=\"elementor-element elementor-element-7cc0b24 elementor-widget elementor-widget-text-editor\" data-id=\"7cc0b24\" data-element_type=\"widget\" data-e-type=\"widget\" data-widget_type=\"text-editor.default\">\n\t\t\t\t<div class=\"elementor-widget-container\">\n\t\t\t\t\t\t\t\t\t<p>Heal Kliinik O\u00dc andmekaitsetingimused<\/p>\t\t\t\t\t\t\t\t<\/div>\n\t\t\t\t<\/div>\n\t\t\t\t<div class=\"elementor-element elementor-element-dfeecf1 elementor-widget elementor-widget-button\" data-id=\"dfeecf1\" data-element_type=\"widget\" data-e-type=\"widget\" data-widget_type=\"button.default\">\n\t\t\t\t<div class=\"elementor-widget-container\">\n\t\t\t\t\t\t\t\t\t<div class=\"elementor-button-wrapper\">\n\t\t\t\t\t<a class=\"elementor-button elementor-button-link elementor-size-sm elementor-animation-grow\" href=\"https:\/\/healkliinik.ee\/wp-content\/uploads\/2025\/03\/Andmekaitsetingimused_Heal_Kliinik_19032025.pdf\">\n\t\t\t\t\t\t<span class=\"elementor-button-content-wrapper\">\n\t\t\t\t\t\t<span class=\"elementor-button-icon\">\n\t\t\t\t<svg aria-hidden=\"true\" class=\"e-font-icon-svg e-fas-arrow-right\" viewbox=\"0 0 448 512\" xmlns=\"http:\/\/www.w3.org\/2000\/svg\"><path d=\"M190.5 66.9l22.2-22.2c9.4-9.4 24.6-9.4 33.9 0L441 239c9.4 9.4 9.4 24.6 0 33.9L246.6 467.3c-9.4 9.4-24.6 9.4-33.9 0l-22.2-22.2c-9.5-9.5-9.3-25 .4-34.3L311.4 296H24c-13.3 0-24-10.7-24-24v-32c0-13.3 10.7-24 24-24h287.4L190.9 101.2c-9.8-9.3-10-24.8-.4-34.3z\"><\/path><\/svg>\t\t\t<\/span>\n\t\t\t\t\t\t\t\t\t<span class=\"elementor-button-text\">Andmekaitsetingimused<\/span>\n\t\t\t\t\t<\/span>\n\t\t\t\t\t<\/a>\n\t\t\t\t<\/div>\n\t\t\t\t\t\t\t\t<\/div>\n\t\t\t\t<\/div>\n\t\t\t\t<\/div>\n\t\t\t\t<\/div>\n\t\t\t\t\t<\/div>\n\t\t\t\t<\/div>\n\t\t\t\t<\/div>","protected":false},"excerpt":{"rendered":"<p>Andmekaitsetingimused Heal Kliiniku andmekaitsetingimused Palun tutvuge andmekaitsetingimustega hoolikalt ning kui teil tekib t\u00e4psustavaid k\u00fcsimusi selle kohta, kuidas me teie isikuandmeid t\u00f6\u00f6tleme, v\u00f5tke meiega \u00fchendust info@healkliinik.ee. Heal Kliinik v\u00f5ib andmekaitsetingimusi aeg-ajalt uuendada. Kehtivad andmekaitsetingimused on alati avaldatud Heal Kliiniku veebilehel. Heal Kliinik O\u00dc andmekaitsetingimused Andmekaitsetingimused<\/p>","protected":false},"author":1,"featured_media":0,"parent":0,"menu_order":0,"comment_status":"closed","ping_status":"closed","template":"","meta":{"footnotes":""},"class_list":["post-2250","page","type-page","status-publish","hentry"],"yoast_head":"<!-- This site is optimized with the Yoast SEO plugin v27.4 - https:\/\/yoast.com\/product\/yoast-seo-wordpress\/ -->\n<title>Andmekaitsetingimused - Heal Kliinik<\/title>\n<meta name=\"robots\" content=\"index, follow, max-snippet:-1, max-image-preview:large, max-video-preview:-1\" \/>\n<link rel=\"canonical\" href=\"https:\/\/healkliinik.ee\/fi\/andmekaitsetingimused\/\" \/>\n<meta property=\"og:locale\" content=\"fi_FI\" \/>\n<meta property=\"og:type\" content=\"article\" \/>\n<meta property=\"og:title\" content=\"Andmekaitsetingimused - Heal Kliinik\" \/>\n<meta property=\"og:description\" content=\"Andmekaitsetingimused Heal Kliiniku andmekaitsetingimused Palun tutvuge andmekaitsetingimustega hoolikalt ning kui teil tekib t\u00e4psustavaid k\u00fcsimusi selle kohta, kuidas me teie isikuandmeid t\u00f6\u00f6tleme, v\u00f5tke meiega \u00fchendust info@healkliinik.ee. Heal Kliinik v\u00f5ib andmekaitsetingimusi aeg-ajalt uuendada. Kehtivad andmekaitsetingimused on alati avaldatud Heal Kliiniku veebilehel. Heal Kliinik O\u00dc andmekaitsetingimused Andmekaitsetingimused\" \/>\n<meta property=\"og:url\" content=\"https:\/\/healkliinik.ee\/fi\/andmekaitsetingimused\/\" \/>\n<meta property=\"og:site_name\" content=\"Heal Kliinik\" \/>\n<meta property=\"article:modified_time\" content=\"2025-03-21T16:38:16+00:00\" \/>\n<meta name=\"twitter:card\" content=\"summary_large_image\" \/>\n<meta name=\"twitter:label1\" content=\"Arvioitu lukuaika\" \/>\n\t<meta name=\"twitter:data1\" content=\"1 minuutti\" \/>\n<script type=\"application\/ld+json\" class=\"yoast-schema-graph\">{\"@context\":\"https:\\\/\\\/schema.org\",\"@graph\":[{\"@type\":\"WebPage\",\"@id\":\"https:\\\/\\\/healkliinik.ee\\\/andmekaitsetingimused\\\/\",\"url\":\"https:\\\/\\\/healkliinik.ee\\\/andmekaitsetingimused\\\/\",\"name\":\"Andmekaitsetingimused - Heal Kliinik\",\"isPartOf\":{\"@id\":\"https:\\\/\\\/healkliinik.ee\\\/#website\"},\"datePublished\":\"2025-02-10T10:39:51+00:00\",\"dateModified\":\"2025-03-21T16:38:16+00:00\",\"breadcrumb\":{\"@id\":\"https:\\\/\\\/healkliinik.ee\\\/andmekaitsetingimused\\\/#breadcrumb\"},\"inLanguage\":\"fi\",\"potentialAction\":[{\"@type\":\"ReadAction\",\"target\":[\"https:\\\/\\\/healkliinik.ee\\\/andmekaitsetingimused\\\/\"]}]},{\"@type\":\"BreadcrumbList\",\"@id\":\"https:\\\/\\\/healkliinik.ee\\\/andmekaitsetingimused\\\/#breadcrumb\",\"itemListElement\":[{\"@type\":\"ListItem\",\"position\":1,\"name\":\"Home\",\"item\":\"https:\\\/\\\/healkliinik.ee\\\/\"},{\"@type\":\"ListItem\",\"position\":2,\"name\":\"Andmekaitsetingimused\"}]},{\"@type\":\"WebSite\",\"@id\":\"https:\\\/\\\/healkliinik.ee\\\/#website\",\"url\":\"https:\\\/\\\/healkliinik.ee\\\/\",\"name\":\"Heal Kliinik\",\"description\":\"Eesti esimene traumatoloogiale ja ortopeediale keskendunud kliinik\",\"publisher\":{\"@id\":\"https:\\\/\\\/healkliinik.ee\\\/#organization\"},\"potentialAction\":[{\"@type\":\"SearchAction\",\"target\":{\"@type\":\"EntryPoint\",\"urlTemplate\":\"https:\\\/\\\/healkliinik.ee\\\/?s={search_term_string}\"},\"query-input\":{\"@type\":\"PropertyValueSpecification\",\"valueRequired\":true,\"valueName\":\"search_term_string\"}}],\"inLanguage\":\"fi\"},{\"@type\":\"Organization\",\"@id\":\"https:\\\/\\\/healkliinik.ee\\\/#organization\",\"name\":\"Heal Kliinik\",\"url\":\"https:\\\/\\\/healkliinik.ee\\\/\",\"logo\":{\"@type\":\"ImageObject\",\"inLanguage\":\"fi\",\"@id\":\"https:\\\/\\\/healkliinik.ee\\\/#\\\/schema\\\/logo\\\/image\\\/\",\"url\":\"https:\\\/\\\/healkliinik.ee\\\/wp-content\\\/uploads\\\/2024\\\/10\\\/Heal-TraumaKliinik_Valge.png\",\"contentUrl\":\"https:\\\/\\\/healkliinik.ee\\\/wp-content\\\/uploads\\\/2024\\\/10\\\/Heal-TraumaKliinik_Valge.png\",\"width\":1917,\"height\":1463,\"caption\":\"Heal Kliinik\"},\"image\":{\"@id\":\"https:\\\/\\\/healkliinik.ee\\\/#\\\/schema\\\/logo\\\/image\\\/\"}}]}<\/script>\n<!-- \/ Yoast SEO plugin. -->","yoast_head_json":{"title":"Andmekaitsetingimused - Heal Kliinik","robots":{"index":"index","follow":"follow","max-snippet":"max-snippet:-1","max-image-preview":"max-image-preview:large","max-video-preview":"max-video-preview:-1"},"canonical":"https:\/\/healkliinik.ee\/fi\/andmekaitsetingimused\/","og_locale":"fi_FI","og_type":"article","og_title":"Andmekaitsetingimused - Heal Kliinik","og_description":"Andmekaitsetingimused Heal Kliiniku andmekaitsetingimused Palun tutvuge andmekaitsetingimustega hoolikalt ning kui teil tekib t\u00e4psustavaid k\u00fcsimusi selle kohta, kuidas me teie isikuandmeid t\u00f6\u00f6tleme, v\u00f5tke meiega \u00fchendust info@healkliinik.ee. Heal Kliinik v\u00f5ib andmekaitsetingimusi aeg-ajalt uuendada. Kehtivad andmekaitsetingimused on alati avaldatud Heal Kliiniku veebilehel. Heal Kliinik O\u00dc andmekaitsetingimused Andmekaitsetingimused","og_url":"https:\/\/healkliinik.ee\/fi\/andmekaitsetingimused\/","og_site_name":"Heal Kliinik","article_modified_time":"2025-03-21T16:38:16+00:00","twitter_card":"summary_large_image","twitter_misc":{"Arvioitu lukuaika":"1 minuutti"},"schema":{"@context":"https:\/\/schema.org","@graph":[{"@type":"WebPage","@id":"https:\/\/healkliinik.ee\/andmekaitsetingimused\/","url":"https:\/\/healkliinik.ee\/andmekaitsetingimused\/","name":"Andmekaitsetingimused - Heal Kliinik","isPartOf":{"@id":"https:\/\/healkliinik.ee\/#website"},"datePublished":"2025-02-10T10:39:51+00:00","dateModified":"2025-03-21T16:38:16+00:00","breadcrumb":{"@id":"https:\/\/healkliinik.ee\/andmekaitsetingimused\/#breadcrumb"},"inLanguage":"fi","potentialAction":[{"@type":"ReadAction","target":["https:\/\/healkliinik.ee\/andmekaitsetingimused\/"]}]},{"@type":"BreadcrumbList","@id":"https:\/\/healkliinik.ee\/andmekaitsetingimused\/#breadcrumb","itemListElement":[{"@type":"ListItem","position":1,"name":"Home","item":"https:\/\/healkliinik.ee\/"},{"@type":"ListItem","position":2,"name":"Andmekaitsetingimused"}]},{"@type":"WebSite","@id":"https:\/\/healkliinik.ee\/#website","url":"https:\/\/healkliinik.ee\/","name":"Heal Kliinik","description":"Eesti esimene traumatoloogiale ja ortopeediale keskendunud kliinik","publisher":{"@id":"https:\/\/healkliinik.ee\/#organization"},"potentialAction":[{"@type":"SearchAction","target":{"@type":"EntryPoint","urlTemplate":"https:\/\/healkliinik.ee\/?s={search_term_string}"},"query-input":{"@type":"PropertyValueSpecification","valueRequired":true,"valueName":"search_term_string"}}],"inLanguage":"fi"},{"@type":"Organization","@id":"https:\/\/healkliinik.ee\/#organization","name":"Heal Kliinik","url":"https:\/\/healkliinik.ee\/","logo":{"@type":"ImageObject","inLanguage":"fi","@id":"https:\/\/healkliinik.ee\/#\/schema\/logo\/image\/","url":"https:\/\/healkliinik.ee\/wp-content\/uploads\/2024\/10\/Heal-TraumaKliinik_Valge.png","contentUrl":"https:\/\/healkliinik.ee\/wp-content\/uploads\/2024\/10\/Heal-TraumaKliinik_Valge.png","width":1917,"height":1463,"caption":"Heal Kliinik"},"image":{"@id":"https:\/\/healkliinik.ee\/#\/schema\/logo\/image\/"}}]}},"_links":{"self":[{"href":"https:\/\/healkliinik.ee\/fi\/wp-json\/wp\/v2\/pages\/2250","targetHints":{"allow":["GET"]}}],"collection":[{"href":"https:\/\/healkliinik.ee\/fi\/wp-json\/wp\/v2\/pages"}],"about":[{"href":"https:\/\/healkliinik.ee\/fi\/wp-json\/wp\/v2\/types\/page"}],"author":[{"embeddable":true,"href":"https:\/\/healkliinik.ee\/fi\/wp-json\/wp\/v2\/users\/1"}],"replies":[{"embeddable":true,"href":"https:\/\/healkliinik.ee\/fi\/wp-json\/wp\/v2\/comments?post=2250"}],"version-history":[{"count":5,"href":"https:\/\/healkliinik.ee\/fi\/wp-json\/wp\/v2\/pages\/2250\/revisions"}],"predecessor-version":[{"id":2361,"href":"https:\/\/healkliinik.ee\/fi\/wp-json\/wp\/v2\/pages\/2250\/revisions\/2361"}],"wp:attachment":[{"href":"https:\/\/healkliinik.ee\/fi\/wp-json\/wp\/v2\/media?parent=2250"}],"curies":[{"name":"wp","href":"https:\/\/api.w.org\/{rel}","templated":true}]}}