{"id":696,"date":"2024-11-19T12:20:50","date_gmt":"2024-11-19T12:20:50","guid":{"rendered":"https:\/\/healkliinik.ee\/?page_id=696"},"modified":"2024-12-03T18:35:19","modified_gmt":"2024-12-03T18:35:19","slug":"hinnakiri","status":"publish","type":"page","link":"https:\/\/healkliinik.ee\/fi\/hinnakiri\/","title":{"rendered":"Hinnasto"},"content":{"rendered":"<div data-elementor-type=\"wp-page\" data-elementor-id=\"696\" class=\"elementor elementor-696\" data-elementor-post-type=\"page\">\n\t\t\t\t<div class=\"elementor-element elementor-element-3ad8278 e-con-full e-flex e-con e-parent\" data-id=\"3ad8278\" data-element_type=\"container\" data-e-type=\"container\" data-settings=\"{&quot;background_background&quot;:&quot;classic&quot;}\">\n\t\t<div class=\"elementor-element elementor-element-30280a9 e-flex e-con-boxed e-con e-child\" data-id=\"30280a9\" data-element_type=\"container\" data-e-type=\"container\">\n\t\t\t\t\t<div class=\"e-con-inner\">\n\t\t\t\t<div class=\"elementor-element elementor-element-8b9ba02 elementor-widget elementor-widget-heading\" data-id=\"8b9ba02\" data-element_type=\"widget\" data-e-type=\"widget\" data-widget_type=\"heading.default\">\n\t\t\t\t<div class=\"elementor-widget-container\">\n\t\t\t\t\t<h2 class=\"elementor-heading-title elementor-size-default\">Hinnasto<\/h2>\t\t\t\t<\/div>\n\t\t\t\t<\/div>\n\t\t\t\t<div class=\"elementor-element elementor-element-055c72e elementor-widget elementor-widget-text-editor\" data-id=\"055c72e\" data-element_type=\"widget\" data-e-type=\"widget\" data-widget_type=\"text-editor.default\">\n\t\t\t\t<div class=\"elementor-widget-container\">\n\t\t\t\t\t\t\t\t\t<p>Nopea ja laadukas l\u00e4\u00e4k\u00e4ripalvelu my\u00f6s viikonloppuisin!<\/p>\t\t\t\t\t\t\t\t<\/div>\n\t\t\t\t<\/div>\n\t\t\t\t<div class=\"elementor-element elementor-element-b341ed8 elementor-widget elementor-widget-button\" data-id=\"b341ed8\" data-element_type=\"widget\" data-e-type=\"widget\" data-widget_type=\"button.default\">\n\t\t\t\t<div class=\"elementor-widget-container\">\n\t\t\t\t\t\t\t\t\t<div class=\"elementor-button-wrapper\">\n\t\t\t\t\t<a class=\"elementor-button elementor-button-link elementor-size-sm elementor-animation-grow\" href=\"https:\/\/healkliinik.ee\/fi\/broneerimine\/\">\n\t\t\t\t\t\t<span class=\"elementor-button-content-wrapper\">\n\t\t\t\t\t\t<span class=\"elementor-button-icon\">\n\t\t\t\t<svg aria-hidden=\"true\" class=\"e-font-icon-svg e-fas-arrow-right\" viewbox=\"0 0 448 512\" xmlns=\"http:\/\/www.w3.org\/2000\/svg\"><path d=\"M190.5 66.9l22.2-22.2c9.4-9.4 24.6-9.4 33.9 0L441 239c9.4 9.4 9.4 24.6 0 33.9L246.6 467.3c-9.4 9.4-24.6 9.4-33.9 0l-22.2-22.2c-9.5-9.5-9.3-25 .4-34.3L311.4 296H24c-13.3 0-24-10.7-24-24v-32c0-13.3 10.7-24 24-24h287.4L190.9 101.2c-9.8-9.3-10-24.8-.4-34.3z\"><\/path><\/svg>\t\t\t<\/span>\n\t\t\t\t\t\t\t\t\t<span class=\"elementor-button-text\">Varaa aika<\/span>\n\t\t\t\t\t<\/span>\n\t\t\t\t\t<\/a>\n\t\t\t\t<\/div>\n\t\t\t\t\t\t\t\t<\/div>\n\t\t\t\t<\/div>\n\t\t\t\t\t<\/div>\n\t\t\t\t<\/div>\n\t\t\t\t<\/div>\n\t\t<div class=\"elementor-element elementor-element-733df36 e-flex e-con-boxed e-con e-parent\" data-id=\"733df36\" data-element_type=\"container\" data-e-type=\"container\">\n\t\t\t\t\t<div class=\"e-con-inner\">\n\t\t\t\t<div class=\"elementor-element elementor-element-b989ad3 elementor-widget elementor-widget-heading\" data-id=\"b989ad3\" data-element_type=\"widget\" data-e-type=\"widget\" data-widget_type=\"heading.default\">\n\t\t\t\t<div class=\"elementor-widget-container\">\n\t\t\t\t\t<h2 class=\"elementor-heading-title elementor-size-default\">Vastaanotto<\/h2>\t\t\t\t<\/div>\n\t\t\t\t<\/div>\n\t\t\t\t<div class=\"elementor-element elementor-element-9736310 elementor-widget elementor-widget-text-editor\" data-id=\"9736310\" data-element_type=\"widget\" data-e-type=\"widget\" data-widget_type=\"text-editor.default\">\n\t\t\t\t<div class=\"elementor-widget-container\">\n\t\t\t\t\t\t\t\t\t<p>\n<table id=\"tablepress-1\" class=\"tablepress tablepress-id-1\">\n<thead>\n<tr class=\"row-1\">\n\t<th class=\"column-1\">Palvelu<\/th><th class=\"column-2\">Ma-Pe<\/th><th class=\"column-3\">La<\/th><th class=\"column-4\">P (riigip\u00fchad)<\/th>\n<\/tr>\n<\/thead>\n<tbody class=\"row-striping row-hover\">\n<tr class=\"row-2\">\n\t<td class=\"column-1\">Ortopedian ja traumatologian erikoisl\u00e4\u00e4k\u00e4rin vastaanotto (20 min)<\/td><td class=\"column-2\">100\u20ac<\/td><td class=\"column-3\">130\u20ac<\/td><td class=\"column-4\">200\u20ac<\/td>\n<\/tr>\n<tr class=\"row-3\">\n\t<td class=\"column-1\">Ortopeedia ja traumatoloogia eriarsti vastuv\u00f5tt (30 min)<\/td><td class=\"column-2\">130\u20ac<\/td><td class=\"column-3\">169\u20ac<\/td><td class=\"column-4\">260\u20ac<\/td>\n<\/tr>\n<tr class=\"row-4\">\n\t<td class=\"column-1\">Ortopeedia ja traumatoloogia eriarsti vastuv\u00f5tt (40 min)<\/td><td class=\"column-2\">150\u20ac<\/td><td class=\"column-3\">195\u20ac<\/td><td class=\"column-4\">300\u20ac<\/td>\n<\/tr>\n<tr class=\"row-5\">\n\t<td class=\"column-1\">K\u00e4sikirurgin vastaanotto (20 min)<\/td><td class=\"column-2\">120\u20ac<\/td><td class=\"column-3\">150\u20ac<\/td><td class=\"column-4\">&#8211;<\/td>\n<\/tr>\n<tr class=\"row-6\">\n\t<td class=\"column-1\">Yleisl\u00e4\u00e4k\u00e4rin vastaanotto (20 min)<\/td><td class=\"column-2\">65\u20ac<\/td><td class=\"column-3\">&#8211;<\/td><td class=\"column-4\">&#8211;<\/td>\n<\/tr>\n<tr class=\"row-7\">\n\t<td class=\"column-1\">Ortopeedia ja traumatoloogia eriarsti konsultatsioon telefoni teel (10min)<\/td><td class=\"column-2\">65\u20ac<\/td><td class=\"column-3\">65\u20ac<\/td><td class=\"column-4\">65\u20ac<\/td>\n<\/tr>\n<tr class=\"row-8\">\n\t<td class=\"column-1\">Yleisl\u00e4\u00e4k\u00e4rin konsultaatio puhelimitse tai s\u00e4hk\u00f6postitse<\/td><td class=\"column-2\">40\u20ac<\/td><td class=\"column-3\">&#8211;<\/td><td class=\"column-4\">&#8211;<\/td>\n<\/tr>\n<tr class=\"row-9\">\n\t<td class=\"column-1\">F\u00fcsioterapeudi vastuv\u00f5tt (40 min)<\/td><td class=\"column-2\">60\u20ac<\/td><td class=\"column-3\">&#8211;<\/td><td class=\"column-4\">&#8211;<\/td>\n<\/tr>\n<tr class=\"row-10\">\n\t<td class=\"column-1\">Visiidile mitte ilmumise tasu<\/td><td class=\"column-2\">45\u20ac<\/td><td class=\"column-3\">45\u20ac<\/td><td class=\"column-4\">45\u20ac<\/td>\n<\/tr>\n<\/tbody>\n<\/table>\n<!-- #tablepress-1 from cache --><\/p>\t\t\t\t\t\t\t\t<\/div>\n\t\t\t\t<\/div>\n\t\t\t\t<div class=\"elementor-element elementor-element-ff0ca69 elementor-widget elementor-widget-heading\" data-id=\"ff0ca69\" data-element_type=\"widget\" data-e-type=\"widget\" data-widget_type=\"heading.default\">\n\t\t\t\t<div class=\"elementor-widget-container\">\n\t\t\t\t\t<h2 class=\"elementor-heading-title elementor-size-default\">Analyysit<\/h2>\t\t\t\t<\/div>\n\t\t\t\t<\/div>\n\t\t\t\t<div class=\"elementor-element elementor-element-bbe1efd elementor-widget elementor-widget-text-editor\" data-id=\"bbe1efd\" data-element_type=\"widget\" data-e-type=\"widget\" data-widget_type=\"text-editor.default\">\n\t\t\t\t<div class=\"elementor-widget-container\">\n\t\t\t\t\t\t\t\t\t<p>\n<table id=\"tablepress-2\" class=\"tablepress tablepress-id-2\">\n<thead>\n<tr class=\"row-1\">\n\t<th class=\"column-1\">Palvelu<\/th><th class=\"column-2\">Hind<\/th>\n<\/tr>\n<\/thead>\n<tbody class=\"row-striping row-hover\">\n<tr class=\"row-2\">\n\t<td class=\"column-1\">Verikokeiden pika-analyysit<\/td><td class=\"column-2\">alkaen 15 \u20ac<\/td>\n<\/tr>\n<\/tbody>\n<\/table>\n<!-- #tablepress-2 from cache --><\/p>\t\t\t\t\t\t\t\t<\/div>\n\t\t\t\t<\/div>\n\t\t\t\t<div class=\"elementor-element elementor-element-1fbbc71 elementor-widget elementor-widget-heading\" data-id=\"1fbbc71\" data-element_type=\"widget\" data-e-type=\"widget\" data-widget_type=\"heading.default\">\n\t\t\t\t<div class=\"elementor-widget-container\">\n\t\t\t\t\t<h2 class=\"elementor-heading-title elementor-size-default\">Diagnostiikka<\/h2>\t\t\t\t<\/div>\n\t\t\t\t<\/div>\n\t\t\t\t<div class=\"elementor-element elementor-element-1e9edda elementor-widget elementor-widget-text-editor\" data-id=\"1e9edda\" data-element_type=\"widget\" data-e-type=\"widget\" data-widget_type=\"text-editor.default\">\n\t\t\t\t<div class=\"elementor-widget-container\">\n\t\t\t\t\t\t\t\t\t<p>\n<table id=\"tablepress-3\" class=\"tablepress tablepress-id-3\">\n<thead>\n<tr class=\"row-1\">\n\t<th class=\"column-1\">Palvelu<\/th><th class=\"column-2\">Hind<\/th>\n<\/tr>\n<\/thead>\n<tbody class=\"row-striping row-hover\">\n<tr class=\"row-2\">\n\t<td class=\"column-1\">R\u00f6ntgentutkimus<\/td><td class=\"column-2\">68\u20ac<\/td>\n<\/tr>\n<tr class=\"row-3\">\n\t<td class=\"column-1\">Kontrollir\u00f6ntgentutkimus<\/td><td class=\"column-2\">45\u20ac<\/td>\n<\/tr>\n<tr class=\"row-4\">\n\t<td class=\"column-1\">Magnetresonantstomograafia (MRT)<\/td><td class=\"column-2\">265\u20ac<\/td>\n<\/tr>\n<tr class=\"row-5\">\n\t<td class=\"column-1\">Ultra\u00e4\u00e4nitutkimukset<\/td><td class=\"column-2\">alkaen 45\u20ac<\/td>\n<\/tr>\n<\/tbody>\n<\/table>\n<!-- #tablepress-3 from cache --><\/p>\t\t\t\t\t\t\t\t<\/div>\n\t\t\t\t<\/div>\n\t\t\t\t<div class=\"elementor-element elementor-element-82f9613 elementor-widget elementor-widget-heading\" data-id=\"82f9613\" data-element_type=\"widget\" data-e-type=\"widget\" data-widget_type=\"heading.default\">\n\t\t\t\t<div class=\"elementor-widget-container\">\n\t\t\t\t\t<h2 class=\"elementor-heading-title elementor-size-default\">Kipsaus<\/h2>\t\t\t\t<\/div>\n\t\t\t\t<\/div>\n\t\t\t\t<div class=\"elementor-element elementor-element-7866db2 elementor-widget elementor-widget-text-editor\" data-id=\"7866db2\" data-element_type=\"widget\" data-e-type=\"widget\" data-widget_type=\"text-editor.default\">\n\t\t\t\t<div class=\"elementor-widget-container\">\n\t\t\t\t\t\t\t\t\t<p>\n<table id=\"tablepress-4\" class=\"tablepress tablepress-id-4\">\n<thead>\n<tr class=\"row-1\">\n\t<th class=\"column-1\">Palvelu<\/th><th class=\"column-2\">Hind<\/th>\n<\/tr>\n<\/thead>\n<tbody class=\"row-striping row-hover\">\n<tr class=\"row-2\">\n\t<td class=\"column-1\">Lasikuituinen alaraajakipsi<\/td><td class=\"column-2\">alates 190\u20ac<\/td>\n<\/tr>\n<tr class=\"row-3\">\n\t<td class=\"column-1\">Yl\u00e4raajakipsi<\/td><td class=\"column-2\">alates 100\u20ac<\/td>\n<\/tr>\n<\/tbody>\n<\/table>\n<!-- #tablepress-4 from cache --><\/p>\t\t\t\t\t\t\t\t<\/div>\n\t\t\t\t<\/div>\n\t\t\t\t<div class=\"elementor-element elementor-element-52e141d elementor-widget elementor-widget-heading\" data-id=\"52e141d\" data-element_type=\"widget\" data-e-type=\"widget\" data-widget_type=\"heading.default\">\n\t\t\t\t<div class=\"elementor-widget-container\">\n\t\t\t\t\t<h2 class=\"elementor-heading-title elementor-size-default\">Pistoshoito<\/h2>\t\t\t\t<\/div>\n\t\t\t\t<\/div>\n\t\t\t\t<div class=\"elementor-element elementor-element-b35fbd9 elementor-widget elementor-widget-text-editor\" data-id=\"b35fbd9\" data-element_type=\"widget\" data-e-type=\"widget\" data-widget_type=\"text-editor.default\">\n\t\t\t\t<div class=\"elementor-widget-container\">\n\t\t\t\t\t\t\t\t\t<p>(*Pistoshoidon palveluihin lis\u00e4t\u00e4\u00e4n l\u00e4\u00e4k\u00e4rik\u00e4ynnin maksu ajan mukaan)<\/p>\t\t\t\t\t\t\t\t<\/div>\n\t\t\t\t<\/div>\n\t\t\t\t<div class=\"elementor-element elementor-element-6385984 elementor-widget elementor-widget-text-editor\" data-id=\"6385984\" data-element_type=\"widget\" data-e-type=\"widget\" data-widget_type=\"text-editor.default\">\n\t\t\t\t<div class=\"elementor-widget-container\">\n\t\t\t\t\t\t\t\t\t<p>\n<table id=\"tablepress-5\" class=\"tablepress tablepress-id-5\">\n<thead>\n<tr class=\"row-1\">\n\t<th class=\"column-1\">Palvelu<\/th><th class=\"column-2\">Hind<\/th>\n<\/tr>\n<\/thead>\n<tbody class=\"row-striping row-hover\">\n<tr class=\"row-2\">\n\t<td class=\"column-1\">Nivelen punktio<\/td><td class=\"column-2\">20\u20ac<\/td>\n<\/tr>\n<tr class=\"row-3\">\n\t<td class=\"column-1\">Liigesesisene hormoons\u00fcst<\/td><td class=\"column-2\">38\u20ac<\/td>\n<\/tr>\n<tr class=\"row-4\">\n\t<td class=\"column-1\">Monovisc, h\u00fcaluroonhappe protseduur, s\u00fcst<\/td><td class=\"column-2\">180\u20ac<\/td>\n<\/tr>\n<tr class=\"row-5\">\n\t<td class=\"column-1\">Synvisc, h\u00fcaluroonhappe protseduur, s\u00fcst (6ml)<\/td><td class=\"column-2\">260\u20ac<\/td>\n<\/tr>\n<tr class=\"row-6\">\n\t<td class=\"column-1\">Cingal, h\u00fcaluroonhappe ja hormooni protseduur, s\u00fcst<\/td><td class=\"column-2\">200\u20ac<\/td>\n<\/tr>\n<tr class=\"row-7\">\n\t<td class=\"column-1\">Vereplasma s\u00fcst (trombots\u00fc\u00fctidega rikastatud vereplasma)<\/td><td class=\"column-2\">145\u20ac<\/td>\n<\/tr>\n<tr class=\"row-8\">\n\t<td class=\"column-1\">Hormoni-injektio rannekanavaan<\/td><td class=\"column-2\">160\u20ac<\/td>\n<\/tr>\n<\/tbody>\n<\/table>\n<!-- #tablepress-5 from cache --><\/p>\t\t\t\t\t\t\t\t<\/div>\n\t\t\t\t<\/div>\n\t\t\t\t<div class=\"elementor-element elementor-element-8af0230 elementor-widget elementor-widget-heading\" data-id=\"8af0230\" data-element_type=\"widget\" data-e-type=\"widget\" data-widget_type=\"heading.default\">\n\t\t\t\t<div class=\"elementor-widget-container\">\n\t\t\t\t\t<h2 class=\"elementor-heading-title elementor-size-default\">Pienkirurgiset toimenpiteet<\/h2>\t\t\t\t<\/div>\n\t\t\t\t<\/div>\n\t\t\t\t<div class=\"elementor-element elementor-element-2a12625 elementor-widget elementor-widget-text-editor\" data-id=\"2a12625\" data-element_type=\"widget\" data-e-type=\"widget\" data-widget_type=\"text-editor.default\">\n\t\t\t\t<div class=\"elementor-widget-container\">\n\t\t\t\t\t\t\t\t\t<p>(*Pienkirurgiseen palveluun ei lis\u00e4t\u00e4 l\u00e4\u00e4k\u00e4rin vastaanottok\u00e4ynnin maksua)<\/p>\t\t\t\t\t\t\t\t<\/div>\n\t\t\t\t<\/div>\n\t\t\t\t<div class=\"elementor-element elementor-element-fa0c7f9 elementor-widget elementor-widget-text-editor\" data-id=\"fa0c7f9\" data-element_type=\"widget\" data-e-type=\"widget\" data-widget_type=\"text-editor.default\">\n\t\t\t\t<div class=\"elementor-widget-container\">\n\t\t\t\t\t\t\t\t\t<p>\n<table id=\"tablepress-6\" class=\"tablepress tablepress-id-6\">\n<thead>\n<tr class=\"row-1\">\n\t<th class=\"column-1\">Palvelu<\/th><th class=\"column-2\">Hind<\/th>\n<\/tr>\n<\/thead>\n<tbody class=\"row-striping row-hover\">\n<tr class=\"row-2\">\n\t<td class=\"column-1\">Luomen tai muun ihomuutoksen poistaminen paikallispuudutuksessa<\/td><td class=\"column-2\">alkaen 250\u20ac<\/td>\n<\/tr>\n<tr class=\"row-3\">\n\t<td class=\"column-1\">Eemaldatud s\u00fcnnim\u00e4rgi v\u00f5i nahamoodustise uuring laboris<\/td><td class=\"column-2\">alkaen 35\u20ac<\/td>\n<\/tr>\n<tr class=\"row-4\">\n\t<td class=\"column-1\">Sis\u00e4\u00e4nkasvaneen kynnen poistaminen<\/td><td class=\"column-2\">alkaen 200\u20ac<\/td>\n<\/tr>\n<tr class=\"row-5\">\n\t<td class=\"column-1\">M\u00e4rk\u00e4pes\u00e4kkeen \/ paiseen avaus<\/td><td class=\"column-2\">alkaen 180\u20ac<\/td>\n<\/tr>\n<\/tbody>\n<\/table>\n<!-- #tablepress-6 from cache --><\/p>\t\t\t\t\t\t\t\t<\/div>\n\t\t\t\t<\/div>\n\t\t\t\t<div class=\"elementor-element elementor-element-bbb5702 elementor-widget elementor-widget-heading\" data-id=\"bbb5702\" data-element_type=\"widget\" data-e-type=\"widget\" data-widget_type=\"heading.default\">\n\t\t\t\t<div class=\"elementor-widget-container\">\n\t\t\t\t\t<h2 class=\"elementor-heading-title elementor-size-default\">Kirurgiset toimenpiteet<\/h2>\t\t\t\t<\/div>\n\t\t\t\t<\/div>\n\t\t\t\t<div class=\"elementor-element elementor-element-769066d elementor-widget elementor-widget-text-editor\" data-id=\"769066d\" data-element_type=\"widget\" data-e-type=\"widget\" data-widget_type=\"text-editor.default\">\n\t\t\t\t<div class=\"elementor-widget-container\">\n\t\t\t\t\t\t\t\t\t<p>(*Kaikkien leikkausten lopulliset hinnat riippuvat leikkauksen luonteesta, laajuudesta ja k\u00e4ytetyist\u00e4<br \/>tarvikkeista. Tarkemman hinta-arvion antaa kirurgi.)<\/p>\t\t\t\t\t\t\t\t<\/div>\n\t\t\t\t<\/div>\n\t\t\t\t<div class=\"elementor-element elementor-element-787aaa3 elementor-widget elementor-widget-text-editor\" data-id=\"787aaa3\" data-element_type=\"widget\" data-e-type=\"widget\" data-widget_type=\"text-editor.default\">\n\t\t\t\t<div class=\"elementor-widget-container\">\n\t\t\t\t\t\t\t\t\t<p>\n<table id=\"tablepress-7\" class=\"tablepress tablepress-id-7\">\n<thead>\n<tr class=\"row-1\">\n\t<th class=\"column-1\">Palvelu<\/th><th class=\"column-2\">Hind<\/th>\n<\/tr>\n<\/thead>\n<tbody class=\"row-striping row-hover\">\n<tr class=\"row-2\">\n\t<td class=\"column-1\">Murtumien kirurginen hoito<\/td><td class=\"column-2\">alkaen 1400\u20ac<\/td>\n<\/tr>\n<tr class=\"row-3\">\n\t<td class=\"column-1\">Polvinivelen artroskooppinen leikkaus<\/td><td class=\"column-2\">alkaen 2190\u20ac<\/td>\n<\/tr>\n<tr class=\"row-4\">\n\t<td class=\"column-1\">Olkanivelen artroskooppinen leikkaus<\/td><td class=\"column-2\">alkaen 2390\u20ac<\/td>\n<\/tr>\n<tr class=\"row-5\">\n\t<td class=\"column-1\">Ranteenivelen artroskooppinen leikkaus<\/td><td class=\"column-2\">alkaen 2890\u20ac<\/td>\n<\/tr>\n<tr class=\"row-6\">\n\t<td class=\"column-1\">Nilkkanivelen artroskooppinen leikkaus<\/td><td class=\"column-2\">alkaen 2890\u20ac<\/td>\n<\/tr>\n<tr class=\"row-7\">\n\t<td class=\"column-1\">Vierasesineen\/implantin poistaminen nivelest\u00e4, luusta tai pehmytkudoksesta<\/td><td class=\"column-2\">alkaen 800\u20ac<\/td>\n<\/tr>\n<tr class=\"row-8\">\n\t<td class=\"column-1\">Rasvakasvaimen eli lipooman poistaminen<\/td><td class=\"column-2\">alkaen 700\u20ac<\/td>\n<\/tr>\n<tr class=\"row-9\">\n\t<td class=\"column-1\">Hyv\u00e4nlaatuisen luukasvaimen poistaminen<\/td><td class=\"column-2\">alkaen 1200\u20ac<\/td>\n<\/tr>\n<tr class=\"row-10\">\n\t<td class=\"column-1\">Tenosynoviitin kirurginen hoito<\/td><td class=\"column-2\">alkaen 1100\u20ac<\/td>\n<\/tr>\n<tr class=\"row-11\">\n\t<td class=\"column-1\">Dupuytrenin kontraktuura leikkaus (kyhmyn poistaminen)<\/td><td class=\"column-2\">alkaen 1600\u20ac<\/td>\n<\/tr>\n<tr class=\"row-12\">\n\t<td class=\"column-1\">Vaivaisenluun leikkaus (Hallux valgus -operaatio)<\/td><td class=\"column-2\">alkaen 2300\u20ac<\/td>\n<\/tr>\n<\/tbody>\n<\/table>\n<!-- #tablepress-7 from cache --><\/p>\t\t\t\t\t\t\t\t<\/div>\n\t\t\t\t<\/div>\n\t\t\t\t\t<\/div>\n\t\t\t\t<\/div>\n\t\t\t\t<\/div>","protected":false},"excerpt":{"rendered":"<p>Hinnakiri Kiire ja kvaliteetne arstiabi ka n\u00e4dalavahetusel! Broneeri aeg Vastuv\u00f5tt Anal\u00fc\u00fcsid Radioloogia Kipsimine S\u00fcsteravi (*S\u00fcsteravi teenustele lisandub arsti visiidi tasu vastavalt ajale) Pisikirurgilied protseduurid (*Pisikirurgilisele teenusele ei lisandu arsti visiidi tasu) Kirurgilised protseduurid (*K\u00f5ikide operatsioonide l\u00f5plikud hinnad s\u00f5ltuvad operatsiooni iseloomust, mahust ning kasutatudmaterjalidest. T\u00e4psema hinnakalkulatsiooni annab kirurg.)<\/p>","protected":false},"author":1,"featured_media":0,"parent":0,"menu_order":0,"comment_status":"closed","ping_status":"closed","template":"","meta":{"footnotes":""},"class_list":["post-696","page","type-page","status-publish","hentry"],"yoast_head":"<!-- This site is optimized with the Yoast SEO plugin v27.4 - https:\/\/yoast.com\/product\/yoast-seo-wordpress\/ -->\n<title>Hinnakiri - Heal Kliinik<\/title>\n<meta name=\"description\" content=\"Vaata Heal Kliiniku teenuste hinnakirja ja leia endale sobiv teenus. Kvaliteetne ja taskukohane tervishoid sinu l\u00e4hedal!\" \/>\n<meta name=\"robots\" content=\"index, follow, max-snippet:-1, max-image-preview:large, max-video-preview:-1\" \/>\n<link rel=\"canonical\" href=\"https:\/\/healkliinik.ee\/fi\/hinnakiri\/\" \/>\n<meta property=\"og:locale\" content=\"fi_FI\" \/>\n<meta property=\"og:type\" content=\"article\" \/>\n<meta property=\"og:title\" content=\"Hinnakiri - Heal Kliinik\" \/>\n<meta property=\"og:description\" content=\"Vaata Heal Kliiniku teenuste hinnakirja ja leia endale sobiv teenus. Kvaliteetne ja taskukohane tervishoid sinu l\u00e4hedal!\" \/>\n<meta property=\"og:url\" content=\"https:\/\/healkliinik.ee\/fi\/hinnakiri\/\" \/>\n<meta property=\"og:site_name\" content=\"Heal Kliinik\" \/>\n<meta property=\"article:modified_time\" content=\"2024-12-03T18:35:19+00:00\" \/>\n<meta name=\"twitter:card\" content=\"summary_large_image\" \/>\n<meta name=\"twitter:label1\" content=\"Arvioitu lukuaika\" \/>\n\t<meta name=\"twitter:data1\" content=\"1 minuutti\" \/>\n<script type=\"application\/ld+json\" class=\"yoast-schema-graph\">{\"@context\":\"https:\\\/\\\/schema.org\",\"@graph\":[{\"@type\":\"WebPage\",\"@id\":\"https:\\\/\\\/healkliinik.ee\\\/hinnakiri\\\/\",\"url\":\"https:\\\/\\\/healkliinik.ee\\\/hinnakiri\\\/\",\"name\":\"Hinnakiri - Heal Kliinik\",\"isPartOf\":{\"@id\":\"https:\\\/\\\/healkliinik.ee\\\/#website\"},\"datePublished\":\"2024-11-19T12:20:50+00:00\",\"dateModified\":\"2024-12-03T18:35:19+00:00\",\"description\":\"Vaata Heal Kliiniku teenuste hinnakirja ja leia endale sobiv teenus. Kvaliteetne ja taskukohane tervishoid sinu l\u00e4hedal!\",\"breadcrumb\":{\"@id\":\"https:\\\/\\\/healkliinik.ee\\\/hinnakiri\\\/#breadcrumb\"},\"inLanguage\":\"fi\",\"potentialAction\":[{\"@type\":\"ReadAction\",\"target\":[\"https:\\\/\\\/healkliinik.ee\\\/hinnakiri\\\/\"]}]},{\"@type\":\"BreadcrumbList\",\"@id\":\"https:\\\/\\\/healkliinik.ee\\\/hinnakiri\\\/#breadcrumb\",\"itemListElement\":[{\"@type\":\"ListItem\",\"position\":1,\"name\":\"Home\",\"item\":\"https:\\\/\\\/healkliinik.ee\\\/\"},{\"@type\":\"ListItem\",\"position\":2,\"name\":\"Hinnakiri\"}]},{\"@type\":\"WebSite\",\"@id\":\"https:\\\/\\\/healkliinik.ee\\\/#website\",\"url\":\"https:\\\/\\\/healkliinik.ee\\\/\",\"name\":\"Heal Kliinik\",\"description\":\"Eesti esimene traumatoloogiale ja ortopeediale keskendunud kliinik\",\"publisher\":{\"@id\":\"https:\\\/\\\/healkliinik.ee\\\/#organization\"},\"potentialAction\":[{\"@type\":\"SearchAction\",\"target\":{\"@type\":\"EntryPoint\",\"urlTemplate\":\"https:\\\/\\\/healkliinik.ee\\\/?s={search_term_string}\"},\"query-input\":{\"@type\":\"PropertyValueSpecification\",\"valueRequired\":true,\"valueName\":\"search_term_string\"}}],\"inLanguage\":\"fi\"},{\"@type\":\"Organization\",\"@id\":\"https:\\\/\\\/healkliinik.ee\\\/#organization\",\"name\":\"Heal Kliinik\",\"url\":\"https:\\\/\\\/healkliinik.ee\\\/\",\"logo\":{\"@type\":\"ImageObject\",\"inLanguage\":\"fi\",\"@id\":\"https:\\\/\\\/healkliinik.ee\\\/#\\\/schema\\\/logo\\\/image\\\/\",\"url\":\"https:\\\/\\\/healkliinik.ee\\\/wp-content\\\/uploads\\\/2024\\\/10\\\/Heal-TraumaKliinik_Valge.png\",\"contentUrl\":\"https:\\\/\\\/healkliinik.ee\\\/wp-content\\\/uploads\\\/2024\\\/10\\\/Heal-TraumaKliinik_Valge.png\",\"width\":1917,\"height\":1463,\"caption\":\"Heal Kliinik\"},\"image\":{\"@id\":\"https:\\\/\\\/healkliinik.ee\\\/#\\\/schema\\\/logo\\\/image\\\/\"}}]}<\/script>\n<!-- \/ Yoast SEO plugin. -->","yoast_head_json":{"title":"Hinnakiri - Heal Kliinik","description":"Vaata Heal Kliiniku teenuste hinnakirja ja leia endale sobiv teenus. Kvaliteetne ja taskukohane tervishoid sinu l\u00e4hedal!","robots":{"index":"index","follow":"follow","max-snippet":"max-snippet:-1","max-image-preview":"max-image-preview:large","max-video-preview":"max-video-preview:-1"},"canonical":"https:\/\/healkliinik.ee\/fi\/hinnakiri\/","og_locale":"fi_FI","og_type":"article","og_title":"Hinnakiri - Heal Kliinik","og_description":"Vaata Heal Kliiniku teenuste hinnakirja ja leia endale sobiv teenus. Kvaliteetne ja taskukohane tervishoid sinu l\u00e4hedal!","og_url":"https:\/\/healkliinik.ee\/fi\/hinnakiri\/","og_site_name":"Heal Kliinik","article_modified_time":"2024-12-03T18:35:19+00:00","twitter_card":"summary_large_image","twitter_misc":{"Arvioitu lukuaika":"1 minuutti"},"schema":{"@context":"https:\/\/schema.org","@graph":[{"@type":"WebPage","@id":"https:\/\/healkliinik.ee\/hinnakiri\/","url":"https:\/\/healkliinik.ee\/hinnakiri\/","name":"Hinnakiri - Heal Kliinik","isPartOf":{"@id":"https:\/\/healkliinik.ee\/#website"},"datePublished":"2024-11-19T12:20:50+00:00","dateModified":"2024-12-03T18:35:19+00:00","description":"Vaata Heal Kliiniku teenuste hinnakirja ja leia endale sobiv teenus. Kvaliteetne ja taskukohane tervishoid sinu l\u00e4hedal!","breadcrumb":{"@id":"https:\/\/healkliinik.ee\/hinnakiri\/#breadcrumb"},"inLanguage":"fi","potentialAction":[{"@type":"ReadAction","target":["https:\/\/healkliinik.ee\/hinnakiri\/"]}]},{"@type":"BreadcrumbList","@id":"https:\/\/healkliinik.ee\/hinnakiri\/#breadcrumb","itemListElement":[{"@type":"ListItem","position":1,"name":"Home","item":"https:\/\/healkliinik.ee\/"},{"@type":"ListItem","position":2,"name":"Hinnakiri"}]},{"@type":"WebSite","@id":"https:\/\/healkliinik.ee\/#website","url":"https:\/\/healkliinik.ee\/","name":"Heal Kliinik","description":"Eesti esimene traumatoloogiale ja ortopeediale keskendunud kliinik","publisher":{"@id":"https:\/\/healkliinik.ee\/#organization"},"potentialAction":[{"@type":"SearchAction","target":{"@type":"EntryPoint","urlTemplate":"https:\/\/healkliinik.ee\/?s={search_term_string}"},"query-input":{"@type":"PropertyValueSpecification","valueRequired":true,"valueName":"search_term_string"}}],"inLanguage":"fi"},{"@type":"Organization","@id":"https:\/\/healkliinik.ee\/#organization","name":"Heal Kliinik","url":"https:\/\/healkliinik.ee\/","logo":{"@type":"ImageObject","inLanguage":"fi","@id":"https:\/\/healkliinik.ee\/#\/schema\/logo\/image\/","url":"https:\/\/healkliinik.ee\/wp-content\/uploads\/2024\/10\/Heal-TraumaKliinik_Valge.png","contentUrl":"https:\/\/healkliinik.ee\/wp-content\/uploads\/2024\/10\/Heal-TraumaKliinik_Valge.png","width":1917,"height":1463,"caption":"Heal Kliinik"},"image":{"@id":"https:\/\/healkliinik.ee\/#\/schema\/logo\/image\/"}}]}},"_links":{"self":[{"href":"https:\/\/healkliinik.ee\/fi\/wp-json\/wp\/v2\/pages\/696","targetHints":{"allow":["GET"]}}],"collection":[{"href":"https:\/\/healkliinik.ee\/fi\/wp-json\/wp\/v2\/pages"}],"about":[{"href":"https:\/\/healkliinik.ee\/fi\/wp-json\/wp\/v2\/types\/page"}],"author":[{"embeddable":true,"href":"https:\/\/healkliinik.ee\/fi\/wp-json\/wp\/v2\/users\/1"}],"replies":[{"embeddable":true,"href":"https:\/\/healkliinik.ee\/fi\/wp-json\/wp\/v2\/comments?post=696"}],"version-history":[{"count":5,"href":"https:\/\/healkliinik.ee\/fi\/wp-json\/wp\/v2\/pages\/696\/revisions"}],"predecessor-version":[{"id":1738,"href":"https:\/\/healkliinik.ee\/fi\/wp-json\/wp\/v2\/pages\/696\/revisions\/1738"}],"wp:attachment":[{"href":"https:\/\/healkliinik.ee\/fi\/wp-json\/wp\/v2\/media?parent=696"}],"curies":[{"name":"wp","href":"https:\/\/api.w.org\/{rel}","templated":true}]}}