{"id":763,"date":"2024-11-19T15:57:52","date_gmt":"2024-11-19T15:57:52","guid":{"rendered":"https:\/\/healkliinik.ee\/?page_id=763"},"modified":"2025-02-12T12:10:07","modified_gmt":"2025-02-12T12:10:07","slug":"gilber-kask","status":"publish","type":"page","link":"https:\/\/healkliinik.ee\/fi\/gilber-kask\/","title":{"rendered":"Gilber Kask"},"content":{"rendered":"<div data-elementor-type=\"wp-page\" data-elementor-id=\"763\" class=\"elementor elementor-763\" data-elementor-post-type=\"page\">\n\t\t\t\t<div class=\"elementor-element elementor-element-7cb187e e-con-full e-flex e-con e-parent\" data-id=\"7cb187e\" data-element_type=\"container\" data-e-type=\"container\" data-settings=\"{&quot;background_background&quot;:&quot;classic&quot;}\">\n\t\t<div class=\"elementor-element elementor-element-34a8ff1 e-flex e-con-boxed e-con e-child\" data-id=\"34a8ff1\" data-element_type=\"container\" data-e-type=\"container\">\n\t\t\t\t\t<div class=\"e-con-inner\">\n\t\t\t\t<div class=\"elementor-element elementor-element-c01a3f1 elementor-widget elementor-widget-heading\" data-id=\"c01a3f1\" data-element_type=\"widget\" data-e-type=\"widget\" data-widget_type=\"heading.default\">\n\t\t\t\t<div class=\"elementor-widget-container\">\n\t\t\t\t\t<h2 class=\"elementor-heading-title elementor-size-default\">Gilber Kask<\/h2>\t\t\t\t<\/div>\n\t\t\t\t<\/div>\n\t\t\t\t<div class=\"elementor-element elementor-element-b735ce8 elementor-widget elementor-widget-button\" data-id=\"b735ce8\" data-element_type=\"widget\" data-e-type=\"widget\" data-widget_type=\"button.default\">\n\t\t\t\t<div class=\"elementor-widget-container\">\n\t\t\t\t\t\t\t\t\t<div class=\"elementor-button-wrapper\">\n\t\t\t\t\t<a class=\"elementor-button elementor-button-link elementor-size-sm elementor-animation-grow\" href=\"https:\/\/healkliinik.ee\/fi\/broneerimine\/\">\n\t\t\t\t\t\t<span class=\"elementor-button-content-wrapper\">\n\t\t\t\t\t\t<span class=\"elementor-button-icon\">\n\t\t\t\t<svg aria-hidden=\"true\" class=\"e-font-icon-svg e-fas-arrow-right\" viewbox=\"0 0 448 512\" xmlns=\"http:\/\/www.w3.org\/2000\/svg\"><path d=\"M190.5 66.9l22.2-22.2c9.4-9.4 24.6-9.4 33.9 0L441 239c9.4 9.4 9.4 24.6 0 33.9L246.6 467.3c-9.4 9.4-24.6 9.4-33.9 0l-22.2-22.2c-9.5-9.5-9.3-25 .4-34.3L311.4 296H24c-13.3 0-24-10.7-24-24v-32c0-13.3 10.7-24 24-24h287.4L190.9 101.2c-9.8-9.3-10-24.8-.4-34.3z\"><\/path><\/svg>\t\t\t<\/span>\n\t\t\t\t\t\t\t\t\t<span class=\"elementor-button-text\">Varaa aika<\/span>\n\t\t\t\t\t<\/span>\n\t\t\t\t\t<\/a>\n\t\t\t\t<\/div>\n\t\t\t\t\t\t\t\t<\/div>\n\t\t\t\t<\/div>\n\t\t\t\t\t<\/div>\n\t\t\t\t<\/div>\n\t\t\t\t<\/div>\n\t\t<div class=\"elementor-element elementor-element-939440a e-flex e-con-boxed e-con e-parent\" data-id=\"939440a\" data-element_type=\"container\" data-e-type=\"container\" data-settings=\"{&quot;background_background&quot;:&quot;classic&quot;}\">\n\t\t\t\t\t<div class=\"e-con-inner\">\n\t\t\t\t<div class=\"elementor-element elementor-element-0d4ee5e elementor-position-top elementor-widget elementor-widget-image-box\" data-id=\"0d4ee5e\" data-element_type=\"widget\" data-e-type=\"widget\" data-widget_type=\"image-box.default\">\n\t\t\t\t<div class=\"elementor-widget-container\">\n\t\t\t\t\t<div class=\"elementor-image-box-wrapper\"><figure class=\"elementor-image-box-img\"><img decoding=\"async\" src=\"https:\/\/healkliinik.ee\/wp-content\/uploads\/elementor\/thumbs\/Gilber-Kask-Ortopeed-Tallinn-r1eagbrb1wjrujzhvcb6qxirqyq4pg7athywa1t1fi.png\" title=\"Gilber Kask Ortopeed Tallinn\" alt=\"Gilber Kask Ortopeed Tallinn\" loading=\"lazy\" \/><\/figure><div class=\"elementor-image-box-content\"><h3 class=\"elementor-image-box-title\">Gilber Kask<\/h3><p class=\"elementor-image-box-description\">Ortopedi<\/p><\/div><\/div>\t\t\t\t<\/div>\n\t\t\t\t<\/div>\n\t\t\t\t<div class=\"elementor-element elementor-element-f93c3b0 elementor-icon-list--layout-inline elementor-align-center elementor-list-item-link-full_width elementor-widget elementor-widget-icon-list\" data-id=\"f93c3b0\" data-element_type=\"widget\" data-e-type=\"widget\" data-widget_type=\"icon-list.default\">\n\t\t\t\t<div class=\"elementor-widget-container\">\n\t\t\t\t\t\t\t<ul class=\"elementor-icon-list-items elementor-inline-items\">\n\t\t\t\t\t\t\t<li class=\"elementor-icon-list-item elementor-inline-item\">\n\t\t\t\t\t\t\t\t\t\t\t<a href=\"https:\/\/www.instagram.com\/kasgilber\/\">\n\n\t\t\t\t\t\t\t\t\t\t\t\t<span class=\"elementor-icon-list-icon\">\n\t\t\t\t\t\t\t<svg aria-hidden=\"true\" class=\"e-font-icon-svg e-fab-instagram\" viewbox=\"0 0 448 512\" xmlns=\"http:\/\/www.w3.org\/2000\/svg\"><path d=\"M224.1 141c-63.6 0-114.9 51.3-114.9 114.9s51.3 114.9 114.9 114.9S339 319.5 339 255.9 287.7 141 224.1 141zm0 189.6c-41.1 0-74.7-33.5-74.7-74.7s33.5-74.7 74.7-74.7 74.7 33.5 74.7 74.7-33.6 74.7-74.7 74.7zm146.4-194.3c0 14.9-12 26.8-26.8 26.8-14.9 0-26.8-12-26.8-26.8s12-26.8 26.8-26.8 26.8 12 26.8 26.8zm76.1 27.2c-1.7-35.9-9.9-67.7-36.2-93.9-26.2-26.2-58-34.4-93.9-36.2-37-2.1-147.9-2.1-184.9 0-35.8 1.7-67.6 9.9-93.9 36.1s-34.4 58-36.2 93.9c-2.1 37-2.1 147.9 0 184.9 1.7 35.9 9.9 67.7 36.2 93.9s58 34.4 93.9 36.2c37 2.1 147.9 2.1 184.9 0 35.9-1.7 67.7-9.9 93.9-36.2 26.2-26.2 34.4-58 36.2-93.9 2.1-37 2.1-147.8 0-184.8zM398.8 388c-7.8 19.6-22.9 34.7-42.6 42.6-29.5 11.7-99.5 9-132.1 9s-102.7 2.6-132.1-9c-19.6-7.8-34.7-22.9-42.6-42.6-11.7-29.5-9-99.5-9-132.1s-2.6-102.7 9-132.1c7.8-19.6 22.9-34.7 42.6-42.6 29.5-11.7 99.5-9 132.1-9s102.7-2.6 132.1 9c19.6 7.8 34.7 22.9 42.6 42.6 11.7 29.5 9 99.5 9 132.1s2.7 102.7-9 132.1z\"><\/path><\/svg>\t\t\t\t\t\t<\/span>\n\t\t\t\t\t\t\t\t\t\t<span class=\"elementor-icon-list-text\">kasgilber<\/span>\n\t\t\t\t\t\t\t\t\t\t\t<\/a>\n\t\t\t\t\t\t\t\t\t<\/li>\n\t\t\t\t\t\t\t\t<li class=\"elementor-icon-list-item elementor-inline-item\">\n\t\t\t\t\t\t\t\t\t\t\t<a href=\"https:\/\/www.instagram.com\/heal_kliinik\/\">\n\n\t\t\t\t\t\t\t\t\t\t\t\t<span class=\"elementor-icon-list-icon\">\n\t\t\t\t\t\t\t<svg aria-hidden=\"true\" class=\"e-font-icon-svg e-fab-instagram\" viewbox=\"0 0 448 512\" xmlns=\"http:\/\/www.w3.org\/2000\/svg\"><path d=\"M224.1 141c-63.6 0-114.9 51.3-114.9 114.9s51.3 114.9 114.9 114.9S339 319.5 339 255.9 287.7 141 224.1 141zm0 189.6c-41.1 0-74.7-33.5-74.7-74.7s33.5-74.7 74.7-74.7 74.7 33.5 74.7 74.7-33.6 74.7-74.7 74.7zm146.4-194.3c0 14.9-12 26.8-26.8 26.8-14.9 0-26.8-12-26.8-26.8s12-26.8 26.8-26.8 26.8 12 26.8 26.8zm76.1 27.2c-1.7-35.9-9.9-67.7-36.2-93.9-26.2-26.2-58-34.4-93.9-36.2-37-2.1-147.9-2.1-184.9 0-35.8 1.7-67.6 9.9-93.9 36.1s-34.4 58-36.2 93.9c-2.1 37-2.1 147.9 0 184.9 1.7 35.9 9.9 67.7 36.2 93.9s58 34.4 93.9 36.2c37 2.1 147.9 2.1 184.9 0 35.9-1.7 67.7-9.9 93.9-36.2 26.2-26.2 34.4-58 36.2-93.9 2.1-37 2.1-147.8 0-184.8zM398.8 388c-7.8 19.6-22.9 34.7-42.6 42.6-29.5 11.7-99.5 9-132.1 9s-102.7 2.6-132.1-9c-19.6-7.8-34.7-22.9-42.6-42.6-11.7-29.5-9-99.5-9-132.1s-2.6-102.7 9-132.1c7.8-19.6 22.9-34.7 42.6-42.6 29.5-11.7 99.5-9 132.1-9s102.7-2.6 132.1 9c19.6 7.8 34.7 22.9 42.6 42.6 11.7 29.5 9 99.5 9 132.1s2.7 102.7-9 132.1z\"><\/path><\/svg>\t\t\t\t\t\t<\/span>\n\t\t\t\t\t\t\t\t\t\t<span class=\"elementor-icon-list-text\">heal_kliinik<\/span>\n\t\t\t\t\t\t\t\t\t\t\t<\/a>\n\t\t\t\t\t\t\t\t\t<\/li>\n\t\t\t\t\t\t\t\t<li class=\"elementor-icon-list-item elementor-inline-item\">\n\t\t\t\t\t\t\t\t\t\t\t<a href=\"https:\/\/www.facebook.com\/gilber.kask\">\n\n\t\t\t\t\t\t\t\t\t\t\t\t<span class=\"elementor-icon-list-icon\">\n\t\t\t\t\t\t\t<svg aria-hidden=\"true\" class=\"e-font-icon-svg e-fab-facebook-square\" viewbox=\"0 0 448 512\" xmlns=\"http:\/\/www.w3.org\/2000\/svg\"><path d=\"M400 32H48A48 48 0 0 0 0 80v352a48 48 0 0 0 48 48h137.25V327.69h-63V256h63v-54.64c0-62.15 37-96.48 93.67-96.48 27.14 0 55.52 4.84 55.52 4.84v61h-31.27c-30.81 0-40.42 19.12-40.42 38.73V256h68.78l-11 71.69h-57.78V480H400a48 48 0 0 0 48-48V80a48 48 0 0 0-48-48z\"><\/path><\/svg>\t\t\t\t\t\t<\/span>\n\t\t\t\t\t\t\t\t\t\t<span class=\"elementor-icon-list-text\">gilber.kask<\/span>\n\t\t\t\t\t\t\t\t\t\t\t<\/a>\n\t\t\t\t\t\t\t\t\t<\/li>\n\t\t\t\t\t\t\t\t<li class=\"elementor-icon-list-item elementor-inline-item\">\n\t\t\t\t\t\t\t\t\t\t\t<a href=\"https:\/\/www.linkedin.com\/in\/gilberkask\/\">\n\n\t\t\t\t\t\t\t\t\t\t\t\t<span class=\"elementor-icon-list-icon\">\n\t\t\t\t\t\t\t<svg aria-hidden=\"true\" class=\"e-font-icon-svg e-fab-linkedin\" viewbox=\"0 0 448 512\" xmlns=\"http:\/\/www.w3.org\/2000\/svg\"><path d=\"M416 32H31.9C14.3 32 0 46.5 0 64.3v383.4C0 465.5 14.3 480 31.9 480H416c17.6 0 32-14.5 32-32.3V64.3c0-17.8-14.4-32.3-32-32.3zM135.4 416H69V202.2h66.5V416zm-33.2-243c-21.3 0-38.5-17.3-38.5-38.5S80.9 96 102.2 96c21.2 0 38.5 17.3 38.5 38.5 0 21.3-17.2 38.5-38.5 38.5zm282.1 243h-66.4V312c0-24.8-.5-56.7-34.5-56.7-34.6 0-39.9 27-39.9 54.9V416h-66.4V202.2h63.7v29.2h.9c8.9-16.8 30.6-34.5 62.9-34.5 67.2 0 79.7 44.3 79.7 101.9V416z\"><\/path><\/svg>\t\t\t\t\t\t<\/span>\n\t\t\t\t\t\t\t\t\t\t<span class=\"elementor-icon-list-text\">Gilber Kask<\/span>\n\t\t\t\t\t\t\t\t\t\t\t<\/a>\n\t\t\t\t\t\t\t\t\t<\/li>\n\t\t\t\t\t\t<\/ul>\n\t\t\t\t\t\t<\/div>\n\t\t\t\t<\/div>\n\t\t\t\t<div class=\"elementor-element elementor-element-97e6281 elementor-widget elementor-widget-text-editor\" data-id=\"97e6281\" data-element_type=\"widget\" data-e-type=\"widget\" data-widget_type=\"text-editor.default\">\n\t\t\t\t<div class=\"elementor-widget-container\">\n\t\t\t\t\t\t\t\t\t<p>Ortopedina ja kirurgina keskityn akuuttien vammojen hoitoon, kroonisten vaivojen lievitt\u00e4miseen sek\u00e4 monimutkaisten ortopedisten ongelmien ratkaisemiseen. Tavoitteeni on auttaa potilaita parantamaan el\u00e4m\u00e4nlaatuaan ja palaamaan aktiiviseen el\u00e4m\u00e4\u00e4n.<\/p><p>Ammatillinen kokemukseni kattaa laajan valikoiman ortopedian ja traumatologian osa-alueita. Olen suorittanut perusteellisen ortopedian ja traumatologian erikoistumiskoulutuksen Suomessa, Tampereen yliopistollisessa sairaalassa ja ty\u00f6skentelin Helsingin yliopistollisen sairaalan suurimmassa traumakeskuksessa. Siell\u00e4 erikoistuin vaikeiden lihas-, j\u00e4nne- ja nivelsidevammojen, selk\u00e4vaivojen sek\u00e4 luukasvainten ja muiden kasvainten hoitoon. Lis\u00e4ksi olen ty\u00f6skennellyt Helsingin yliopistollisen sairaalan luukasvain- ja proteesiosastoilla, miss\u00e4 sain arvokasta kokemusta luu- ja nivelsairauksien nykyaikaisesta hoidosta. Tohtorintutkinnon suoritin plastiikkakirurgian alalta Helsingin yliopistossa vuonna 2022.<\/p><p>K\u00e4yt\u00e4nn\u00f6n ty\u00f6n lis\u00e4ksi olen aktiivisesti mukana tutkimusty\u00f6ss\u00e4, ja olen julkaissut artikkeleita ortopedian, traumatologian ja luukasvainten aiheista. Tieteellinen toimintani ja kansainv\u00e4linen yhteisty\u00f6 ovat keskittyneet innovatiivisten hoitomenetelmien kehitt\u00e4miseen, jotta potilaat saisivat parasta mahdollista hoitoa. Olen j\u00e4sen useissa ammatillisissa yhdistyksiss\u00e4, kuten Suomen Ortopediyhdistyksess\u00e4 (SOY), Suomen Luukasvainkirurgiyhdistyksess\u00e4 (LUUKAS) ja Euroopan Lihas- ja Tukielinsy\u00f6p\u00e4yhdistyksess\u00e4 (EMSOS).<\/p><p>Olen sitoutunut ymm\u00e4rt\u00e4m\u00e4\u00e4n jokaisen potilaan yksil\u00f6llisen tilanteen ja tarjoamaan heid\u00e4n tarpeisiinsa r\u00e4\u00e4t\u00e4l\u00f6ity\u00e4 hoitoa. Ty\u00f6ni sek\u00e4 urheilijataustani Viron maantiepy\u00f6r\u00e4ilyn maajoukkueessa ovat antaneet minulle syv\u00e4n ymm\u00e4rryksen siit\u00e4, kuinka t\u00e4rke\u00e4\u00e4 on nopea ja tehokas hoito, erityisesti aktiivista el\u00e4m\u00e4ntyyli\u00e4 noudattaville potilaille.<\/p>\t\t\t\t\t\t\t\t<\/div>\n\t\t\t\t<\/div>\n\t\t<div class=\"elementor-element elementor-element-ae680c6 e-con-full e-flex e-con e-child\" data-id=\"ae680c6\" data-element_type=\"container\" data-e-type=\"container\" data-settings=\"{&quot;background_background&quot;:&quot;classic&quot;}\">\n\t\t\t\t<div class=\"elementor-element elementor-element-30ac521 elementor-widget elementor-widget-heading\" data-id=\"30ac521\" data-element_type=\"widget\" data-e-type=\"widget\" data-widget_type=\"heading.default\">\n\t\t\t\t<div class=\"elementor-widget-container\">\n\t\t\t\t\t<h2 class=\"elementor-heading-title elementor-size-default\">Erikoisosaaminen<\/h2>\t\t\t\t<\/div>\n\t\t\t\t<\/div>\n\t\t\t\t<div class=\"elementor-element elementor-element-b9ffb84 elementor-widget elementor-widget-text-editor\" data-id=\"b9ffb84\" data-element_type=\"widget\" data-e-type=\"widget\" data-widget_type=\"text-editor.default\">\n\t\t\t\t<div class=\"elementor-widget-container\">\n\t\t\t\t\t\t\t\t\t<ul>\n<li>Keskityn akuuttien vammojen, tapaturmien ja kroonisten ortopedisten vaivojen hoitoon.<\/li>\n<li>Olen erikoistunut monimutkaisiin lihas-, j\u00e4nne- ja luukasvaintapauksiin.<\/li>\n<li>Plastiikkakirurgian tohtorintutkinto antaa minulle erityisosaamista.<\/li>\n<li>Olen sitoutunut tarjoamaan innovatiivisia ja tutkimukseen perustuvia hoitomenetelmi\u00e4.<\/li>\n<li>Ymm\u00e4rr\u00e4n urheilijoiden ja aktiivisten ihmisten tarpeita oman urheilutaustani ansiosta.<\/li>\n<\/ul>\t\t\t\t\t\t\t\t<\/div>\n\t\t\t\t<\/div>\n\t\t\t\t<\/div>\n\t\t\t\t\t<\/div>\n\t\t\t\t<\/div>\n\t\t\t\t<\/div>","protected":false},"excerpt":{"rendered":"<p>Gilber Kask Broneeri aeg Gilber Kask Ortopeed kasgilber heal_kliinik gilber.kask Gilber Kask Ortopeedina ja kirurgina keskendun \u00e4gedate traumade ravile, krooniliste vaevuste leevendamisele ning keerukate ortopeediliste probleemide lahendamisele. Minu eesm\u00e4rk on aidata patsientidel parandada oma elukvaliteeti ja naasta aktiivse elu juurde. Minu erialane kogemus h\u00f5lmab laia valikut ortopeedia ja traumatoloogia valdkondi. Olen l\u00e4binud p\u00f5hjaliku ortopeedia- ja [&hellip;]<\/p>\n","protected":false},"author":1,"featured_media":0,"parent":0,"menu_order":0,"comment_status":"closed","ping_status":"closed","template":"","meta":{"footnotes":""},"class_list":["post-763","page","type-page","status-publish","hentry"],"yoast_head":"<!-- This site is optimized with the Yoast SEO plugin v27.4 - https:\/\/yoast.com\/product\/yoast-seo-wordpress\/ -->\n<title>Ortopeed Gilber Kask<\/title>\n<meta name=\"description\" content=\"Kogenud ortopeed ja traumatoloog. Oled oodatud minu vastuv\u00f5tule Tallinnas. Kui sul on liigese probleem, vigastus, seljavalu v\u00f5i m\u00f5ni muu ortopeediline mure, broneeri aeg v\u00f5i tule kohale ja me aitame Sind!\" \/>\n<meta name=\"robots\" content=\"index, follow, max-snippet:-1, max-image-preview:large, max-video-preview:-1\" \/>\n<link rel=\"canonical\" href=\"https:\/\/healkliinik.ee\/fi\/gilber-kask\/\" \/>\n<meta property=\"og:locale\" content=\"fi_FI\" \/>\n<meta property=\"og:type\" content=\"article\" \/>\n<meta property=\"og:title\" content=\"Ortopeed Gilber Kask\" \/>\n<meta property=\"og:description\" content=\"Kogenud ortopeed ja traumatoloog. Oled oodatud minu vastuv\u00f5tule Tallinnas. Kui sul on liigese probleem, vigastus, seljavalu v\u00f5i m\u00f5ni muu ortopeediline mure, broneeri aeg v\u00f5i tule kohale ja me aitame Sind!\" \/>\n<meta property=\"og:url\" content=\"https:\/\/healkliinik.ee\/fi\/gilber-kask\/\" \/>\n<meta property=\"og:site_name\" content=\"Heal Kliinik\" \/>\n<meta property=\"article:modified_time\" content=\"2025-02-12T12:10:07+00:00\" \/>\n<meta property=\"og:image\" content=\"https:\/\/healkliinik.ee\/wp-content\/uploads\/elementor\/thumbs\/Gilber-Kask-Ortopeed-Tallinn-r1eagbrb1wjrujzhvcb6qxirqyq4pg7athyw5i2ry8.png\" \/>\n<meta name=\"twitter:card\" content=\"summary_large_image\" \/>\n<meta name=\"twitter:label1\" content=\"Arvioitu lukuaika\" \/>\n\t<meta name=\"twitter:data1\" content=\"2 minuuttia\" \/>\n<script type=\"application\/ld+json\" class=\"yoast-schema-graph\">{\"@context\":\"https:\\\/\\\/schema.org\",\"@graph\":[{\"@type\":\"WebPage\",\"@id\":\"https:\\\/\\\/healkliinik.ee\\\/gilber-kask\\\/\",\"url\":\"https:\\\/\\\/healkliinik.ee\\\/gilber-kask\\\/\",\"name\":\"Ortopeed Gilber Kask\",\"isPartOf\":{\"@id\":\"https:\\\/\\\/healkliinik.ee\\\/#website\"},\"primaryImageOfPage\":{\"@id\":\"https:\\\/\\\/healkliinik.ee\\\/gilber-kask\\\/#primaryimage\"},\"image\":{\"@id\":\"https:\\\/\\\/healkliinik.ee\\\/gilber-kask\\\/#primaryimage\"},\"thumbnailUrl\":\"https:\\\/\\\/healkliinik.ee\\\/wp-content\\\/uploads\\\/elementor\\\/thumbs\\\/Gilber-Kask-Ortopeed-Tallinn-r1eagbrb1wjrujzhvcb6qxirqyq4pg7athyw5i2ry8.png\",\"datePublished\":\"2024-11-19T15:57:52+00:00\",\"dateModified\":\"2025-02-12T12:10:07+00:00\",\"description\":\"Kogenud ortopeed ja traumatoloog. Oled oodatud minu vastuv\u00f5tule Tallinnas. Kui sul on liigese probleem, vigastus, seljavalu v\u00f5i m\u00f5ni muu ortopeediline mure, broneeri aeg v\u00f5i tule kohale ja me aitame Sind!\",\"breadcrumb\":{\"@id\":\"https:\\\/\\\/healkliinik.ee\\\/gilber-kask\\\/#breadcrumb\"},\"inLanguage\":\"fi\",\"potentialAction\":[{\"@type\":\"ReadAction\",\"target\":[\"https:\\\/\\\/healkliinik.ee\\\/gilber-kask\\\/\"]}]},{\"@type\":\"ImageObject\",\"inLanguage\":\"fi\",\"@id\":\"https:\\\/\\\/healkliinik.ee\\\/gilber-kask\\\/#primaryimage\",\"url\":\"https:\\\/\\\/healkliinik.ee\\\/wp-content\\\/uploads\\\/elementor\\\/thumbs\\\/Gilber-Kask-Ortopeed-Tallinn-r1eagbrb1wjrujzhvcb6qxirqyq4pg7athyw5i2ry8.png\",\"contentUrl\":\"https:\\\/\\\/healkliinik.ee\\\/wp-content\\\/uploads\\\/elementor\\\/thumbs\\\/Gilber-Kask-Ortopeed-Tallinn-r1eagbrb1wjrujzhvcb6qxirqyq4pg7athyw5i2ry8.png\"},{\"@type\":\"BreadcrumbList\",\"@id\":\"https:\\\/\\\/healkliinik.ee\\\/gilber-kask\\\/#breadcrumb\",\"itemListElement\":[{\"@type\":\"ListItem\",\"position\":1,\"name\":\"Home\",\"item\":\"https:\\\/\\\/healkliinik.ee\\\/\"},{\"@type\":\"ListItem\",\"position\":2,\"name\":\"Gilber Kask\"}]},{\"@type\":\"WebSite\",\"@id\":\"https:\\\/\\\/healkliinik.ee\\\/#website\",\"url\":\"https:\\\/\\\/healkliinik.ee\\\/\",\"name\":\"Heal Kliinik\",\"description\":\"Eesti esimene traumatoloogiale ja ortopeediale keskendunud kliinik\",\"publisher\":{\"@id\":\"https:\\\/\\\/healkliinik.ee\\\/#organization\"},\"potentialAction\":[{\"@type\":\"SearchAction\",\"target\":{\"@type\":\"EntryPoint\",\"urlTemplate\":\"https:\\\/\\\/healkliinik.ee\\\/?s={search_term_string}\"},\"query-input\":{\"@type\":\"PropertyValueSpecification\",\"valueRequired\":true,\"valueName\":\"search_term_string\"}}],\"inLanguage\":\"fi\"},{\"@type\":\"Organization\",\"@id\":\"https:\\\/\\\/healkliinik.ee\\\/#organization\",\"name\":\"Heal Kliinik\",\"url\":\"https:\\\/\\\/healkliinik.ee\\\/\",\"logo\":{\"@type\":\"ImageObject\",\"inLanguage\":\"fi\",\"@id\":\"https:\\\/\\\/healkliinik.ee\\\/#\\\/schema\\\/logo\\\/image\\\/\",\"url\":\"https:\\\/\\\/healkliinik.ee\\\/wp-content\\\/uploads\\\/2024\\\/10\\\/Heal-TraumaKliinik_Valge.png\",\"contentUrl\":\"https:\\\/\\\/healkliinik.ee\\\/wp-content\\\/uploads\\\/2024\\\/10\\\/Heal-TraumaKliinik_Valge.png\",\"width\":1917,\"height\":1463,\"caption\":\"Heal Kliinik\"},\"image\":{\"@id\":\"https:\\\/\\\/healkliinik.ee\\\/#\\\/schema\\\/logo\\\/image\\\/\"}}]}<\/script>\n<!-- \/ Yoast SEO plugin. -->","yoast_head_json":{"title":"Ortopeed Gilber Kask","description":"Kogenud ortopeed ja traumatoloog. Oled oodatud minu vastuv\u00f5tule Tallinnas. Kui sul on liigese probleem, vigastus, seljavalu v\u00f5i m\u00f5ni muu ortopeediline mure, broneeri aeg v\u00f5i tule kohale ja me aitame Sind!","robots":{"index":"index","follow":"follow","max-snippet":"max-snippet:-1","max-image-preview":"max-image-preview:large","max-video-preview":"max-video-preview:-1"},"canonical":"https:\/\/healkliinik.ee\/fi\/gilber-kask\/","og_locale":"fi_FI","og_type":"article","og_title":"Ortopeed Gilber Kask","og_description":"Kogenud ortopeed ja traumatoloog. Oled oodatud minu vastuv\u00f5tule Tallinnas. Kui sul on liigese probleem, vigastus, seljavalu v\u00f5i m\u00f5ni muu ortopeediline mure, broneeri aeg v\u00f5i tule kohale ja me aitame Sind!","og_url":"https:\/\/healkliinik.ee\/fi\/gilber-kask\/","og_site_name":"Heal Kliinik","article_modified_time":"2025-02-12T12:10:07+00:00","og_image":[{"url":"https:\/\/healkliinik.ee\/wp-content\/uploads\/elementor\/thumbs\/Gilber-Kask-Ortopeed-Tallinn-r1eagbrb1wjrujzhvcb6qxirqyq4pg7athyw5i2ry8.png","type":"","width":"","height":""}],"twitter_card":"summary_large_image","twitter_misc":{"Arvioitu lukuaika":"2 minuuttia"},"schema":{"@context":"https:\/\/schema.org","@graph":[{"@type":"WebPage","@id":"https:\/\/healkliinik.ee\/gilber-kask\/","url":"https:\/\/healkliinik.ee\/gilber-kask\/","name":"Ortopeed Gilber Kask","isPartOf":{"@id":"https:\/\/healkliinik.ee\/#website"},"primaryImageOfPage":{"@id":"https:\/\/healkliinik.ee\/gilber-kask\/#primaryimage"},"image":{"@id":"https:\/\/healkliinik.ee\/gilber-kask\/#primaryimage"},"thumbnailUrl":"https:\/\/healkliinik.ee\/wp-content\/uploads\/elementor\/thumbs\/Gilber-Kask-Ortopeed-Tallinn-r1eagbrb1wjrujzhvcb6qxirqyq4pg7athyw5i2ry8.png","datePublished":"2024-11-19T15:57:52+00:00","dateModified":"2025-02-12T12:10:07+00:00","description":"Kogenud ortopeed ja traumatoloog. Oled oodatud minu vastuv\u00f5tule Tallinnas. Kui sul on liigese probleem, vigastus, seljavalu v\u00f5i m\u00f5ni muu ortopeediline mure, broneeri aeg v\u00f5i tule kohale ja me aitame Sind!","breadcrumb":{"@id":"https:\/\/healkliinik.ee\/gilber-kask\/#breadcrumb"},"inLanguage":"fi","potentialAction":[{"@type":"ReadAction","target":["https:\/\/healkliinik.ee\/gilber-kask\/"]}]},{"@type":"ImageObject","inLanguage":"fi","@id":"https:\/\/healkliinik.ee\/gilber-kask\/#primaryimage","url":"https:\/\/healkliinik.ee\/wp-content\/uploads\/elementor\/thumbs\/Gilber-Kask-Ortopeed-Tallinn-r1eagbrb1wjrujzhvcb6qxirqyq4pg7athyw5i2ry8.png","contentUrl":"https:\/\/healkliinik.ee\/wp-content\/uploads\/elementor\/thumbs\/Gilber-Kask-Ortopeed-Tallinn-r1eagbrb1wjrujzhvcb6qxirqyq4pg7athyw5i2ry8.png"},{"@type":"BreadcrumbList","@id":"https:\/\/healkliinik.ee\/gilber-kask\/#breadcrumb","itemListElement":[{"@type":"ListItem","position":1,"name":"Home","item":"https:\/\/healkliinik.ee\/"},{"@type":"ListItem","position":2,"name":"Gilber Kask"}]},{"@type":"WebSite","@id":"https:\/\/healkliinik.ee\/#website","url":"https:\/\/healkliinik.ee\/","name":"Heal Kliinik","description":"Eesti esimene traumatoloogiale ja ortopeediale keskendunud kliinik","publisher":{"@id":"https:\/\/healkliinik.ee\/#organization"},"potentialAction":[{"@type":"SearchAction","target":{"@type":"EntryPoint","urlTemplate":"https:\/\/healkliinik.ee\/?s={search_term_string}"},"query-input":{"@type":"PropertyValueSpecification","valueRequired":true,"valueName":"search_term_string"}}],"inLanguage":"fi"},{"@type":"Organization","@id":"https:\/\/healkliinik.ee\/#organization","name":"Heal Kliinik","url":"https:\/\/healkliinik.ee\/","logo":{"@type":"ImageObject","inLanguage":"fi","@id":"https:\/\/healkliinik.ee\/#\/schema\/logo\/image\/","url":"https:\/\/healkliinik.ee\/wp-content\/uploads\/2024\/10\/Heal-TraumaKliinik_Valge.png","contentUrl":"https:\/\/healkliinik.ee\/wp-content\/uploads\/2024\/10\/Heal-TraumaKliinik_Valge.png","width":1917,"height":1463,"caption":"Heal Kliinik"},"image":{"@id":"https:\/\/healkliinik.ee\/#\/schema\/logo\/image\/"}}]}},"_links":{"self":[{"href":"https:\/\/healkliinik.ee\/fi\/wp-json\/wp\/v2\/pages\/763","targetHints":{"allow":["GET"]}}],"collection":[{"href":"https:\/\/healkliinik.ee\/fi\/wp-json\/wp\/v2\/pages"}],"about":[{"href":"https:\/\/healkliinik.ee\/fi\/wp-json\/wp\/v2\/types\/page"}],"author":[{"embeddable":true,"href":"https:\/\/healkliinik.ee\/fi\/wp-json\/wp\/v2\/users\/1"}],"replies":[{"embeddable":true,"href":"https:\/\/healkliinik.ee\/fi\/wp-json\/wp\/v2\/comments?post=763"}],"version-history":[{"count":6,"href":"https:\/\/healkliinik.ee\/fi\/wp-json\/wp\/v2\/pages\/763\/revisions"}],"predecessor-version":[{"id":2521,"href":"https:\/\/healkliinik.ee\/fi\/wp-json\/wp\/v2\/pages\/763\/revisions\/2521"}],"wp:attachment":[{"href":"https:\/\/healkliinik.ee\/fi\/wp-json\/wp\/v2\/media?parent=763"}],"curies":[{"name":"wp","href":"https:\/\/api.w.org\/{rel}","templated":true}]}}